{"id":1975,"date":"2024-06-30T14:12:55","date_gmt":"2024-06-30T14:12:55","guid":{"rendered":"https:\/\/membraneswitchmfg.com\/?post_type=product&#038;p=1975"},"modified":"2024-06-30T14:19:38","modified_gmt":"2024-06-30T14:19:38","slug":"pc-print-label","status":"publish","type":"product","link":"https:\/\/membraneswitchmfg.com\/pt\/manufacturer\/pc-print-label\/","title":{"rendered":"PC Imprimir etiqueta"},"content":{"rendered":"<p data-sourcepos=\"3:1-3:59\"><strong>PC Print Label:<\/strong> Capacitando Solu\u00e7\u00f5es de Etiquetagem Eficientes<\/p>\n<p data-sourcepos=\"5:1-5:8\">PC Print Label \u00e9 uma solu\u00e7\u00e3o de software abrangente que otimiza o processo de cria\u00e7\u00e3o e impress\u00e3o de etiquetas para uma ampla gama de aplica\u00e7\u00f5es. Se voc\u00ea precisa etiquetar produtos, embalagens de envio ou organizar seu invent\u00e1rio, o PC Print Label oferece as ferramentas e a flexibilidade para gerenciar suas tarefas de etiquetagem com facilidade.<\/p>\n<p data-sourcepos=\"7:1-7:17\"><strong>Carater\u00edsticas principais:<\/strong><\/p>\n<ul data-sourcepos=\"9:1-9:23\">\n<li data-sourcepos=\"9:1-9:23\">\n<p data-sourcepos=\"9:3-9:144\"><strong>Design Intuitivo:<\/strong> PC Print Label possui uma interface amig\u00e1vel que facilita o design e a personaliza\u00e7\u00e3o de etiquetas, mesmo para usu\u00e1rios novatos.<\/p>\n<\/li>\n<li data-sourcepos=\"11:1-11:46\">\n<p data-sourcepos=\"11:3-11:46\"><strong>Modelos de Etiquetas Vers\u00e1teis:<\/strong> Escolha entre uma ampla sele\u00e7\u00e3o de modelos de etiquetas pr\u00e9-desenhados ou crie seus pr\u00f3prios designs exclusivos usando o poderoso editor de etiquetas.<\/p>\n<\/li>\n<li data-sourcepos=\"13:1-14:0\">\n<p data-sourcepos=\"13:3-13:189\"><strong>Integra\u00e7\u00e3o Din\u00e2mica de Dados:<\/strong> Importe dados de v\u00e1rias fontes, como planilhas ou bancos de dados, para personalizar etiquetas com informa\u00e7\u00f5es de produtos, detalhes de clientes ou endere\u00e7os de entrega.<\/p>\n<\/li>\n<li data-sourcepos=\"15:1-16:0\">\n<p data-sourcepos=\"15:3-15:116\"><strong>Gera\u00e7\u00e3o de C\u00f3digo de Barras:<\/strong> Gere e imprima c\u00f3digos de barras para identifica\u00e7\u00e3o eficiente de produtos e gerenciamento de estoque.<\/p>\n<\/li>\n<li data-sourcepos=\"17:1-17:140\">\n<p data-sourcepos=\"17:3-17:140\"><strong>Op\u00e7\u00f5es de Impress\u00e3o Flex\u00edveis:<\/strong> Imprima etiquetas em uma variedade de impressoras de etiquetas, incluindo impressoras de mesa padr\u00e3o, impressoras de etiquetas dedicadas e impressoras de etiquetas industriais.<\/p>\n<\/li>\n<\/ul>","protected":false},"excerpt":{"rendered":"<p>With its comprehensive features and user-friendly interface, PC Print Label is an indispensable tool for businesses and individuals who rely on efficient and accurate labeling solutions. Enhance your labeling productivity and organization with PC Print Label.<\/p>","protected":false},"featured_media":1976,"template":"","meta":[],"product_brand":[],"product_cat":[15],"product_tag":[],"class_list":{"0":"post-1975","1":"product","2":"type-product","3":"status-publish","4":"has-post-thumbnail","6":"product_cat-print-label","8":"first","9":"instock","10":"shipping-taxable","11":"product-type-simple"},"_links":{"self":[{"href":"https:\/\/membraneswitchmfg.com\/pt\/wp-json\/wp\/v2\/product\/1975","targetHints":{"allow":["GET"]}}],"collection":[{"href":"https:\/\/membraneswitchmfg.com\/pt\/wp-json\/wp\/v2\/product"}],"about":[{"href":"https:\/\/membraneswitchmfg.com\/pt\/wp-json\/wp\/v2\/types\/product"}],"wp:featuredmedia":[{"embeddable":true,"href":"https:\/\/membraneswitchmfg.com\/pt\/wp-json\/wp\/v2\/media\/1976"}],"wp:attachment":[{"href":"https:\/\/membraneswitchmfg.com\/pt\/wp-json\/wp\/v2\/media?parent=1975"}],"wp:term":[{"taxonomy":"product_brand","embeddable":true,"href":"https:\/\/membraneswitchmfg.com\/pt\/wp-json\/wp\/v2\/product_brand?post=1975"},{"taxonomy":"product_cat","embeddable":true,"href":"https:\/\/membraneswitchmfg.com\/pt\/wp-json\/wp\/v2\/product_cat?post=1975"},{"taxonomy":"product_tag","embeddable":true,"href":"https:\/\/membraneswitchmfg.com\/pt\/wp-json\/wp\/v2\/product_tag?post=1975"}],"curies":[{"name":"wp","href":"https:\/\/api.w.org\/{rel}","templated":true}]}}