{"id":1977,"date":"2024-06-30T14:21:59","date_gmt":"2024-06-30T14:21:59","guid":{"rendered":"https:\/\/membraneswitchmfg.com\/?post_type=product&#038;p=1977"},"modified":"2024-06-30T14:23:24","modified_gmt":"2024-06-30T14:23:24","slug":"pmma-print-label","status":"publish","type":"product","link":"https:\/\/membraneswitchmfg.com\/pt\/manufacturer\/pmma-print-label\/","title":{"rendered":"Etiqueta de impress\u00e3o PMMA"},"content":{"rendered":"<p data-sourcepos=\"3:1-3:62\"><strong>Impress\u00e3o de etiquetas em PMMA: Solu\u00e7\u00f5es de etiquetagem duradouras e vers\u00e1teis<\/strong><\/p>\n<p data-sourcepos=\"5:1-5:170\">As etiquetas impressas em PMMA, tamb\u00e9m conhecidas como etiquetas impressas em acr\u00edlico, s\u00e3o uma escolha popular para uma vasta gama de aplica\u00e7\u00f5es de etiquetagem devido \u00e0 sua excecional durabilidade, versatilidade e apelo est\u00e9tico. Estas etiquetas s\u00e3o fabricadas a partir de polimetacrilato de metilo (PMMA), um pl\u00e1stico de alto impacto conhecido pela sua for\u00e7a, resist\u00eancia a riscos e resist\u00eancia a produtos qu\u00edmicos e raios UV.<\/p>\n<p data-sourcepos=\"7:1-7:19\"><strong>Principais vantagens:<\/strong><\/p>\n<ul data-sourcepos=\"9:1-9:131\">\n<li data-sourcepos=\"9:1-9:131\">\n<p class=\"\" data-sourcepos=\"9:3-9:226\"><strong class=\"\">Durabilidade:<\/strong> As etiquetas em PMMA suportam ambientes agressivos, o que as torna ideais para aplica\u00e7\u00f5es industriais e no exterior. S\u00e3o resistentes a temperaturas extremas, humidade e produtos qu\u00edmicos, garantindo um desempenho duradouro.<\/p>\n<\/li>\n<li data-sourcepos=\"11:1-12:0\">\n<p data-sourcepos=\"11:3-11:244\"><strong>Versatilidade:<\/strong> As etiquetas PMMA podem ser impressas numa variedade de superf\u00edcies, incluindo pl\u00e1stico, metal, vidro e madeira. S\u00e3o adequadas para uma vasta gama de aplica\u00e7\u00f5es, desde a etiquetagem de produtos e o controlo de bens at\u00e9 \u00e0 sinaliza\u00e7\u00e3o e aos expositores promocionais.<\/p>\n<\/li>\n<li data-sourcepos=\"13:1-14:0\">\n<p data-sourcepos=\"13:3-13:249\"><strong>Est\u00e9tica:<\/strong> As etiquetas PMMA oferecem um acabamento de alto brilho que exala eleg\u00e2ncia e sofistica\u00e7\u00e3o. Est\u00e3o dispon\u00edveis numa variedade de cores e podem ser impressas com desenhos e log\u00f3tipos complexos, aumentando o apelo visual dos seus produtos ou da sua marca.<\/p>\n<\/li>\n<\/ul>\n<p data-sourcepos=\"15:1-15:54\"><strong>Etiqueta de impress\u00e3o PMMA: A escolha preferida para necessidades de etiquetagem exigentes<\/strong><\/p>\n<p data-sourcepos=\"17:1-17:278\">As etiquetas impressas em PMMA s\u00e3o a escolha preferida para aplica\u00e7\u00f5es que exigem durabilidade, versatilidade e um toque de eleg\u00e2ncia. Quer necessite de etiquetas para equipamento industrial, sinaliza\u00e7\u00e3o exterior ou produtos topo de gama, as etiquetas em PMMA proporcionam um desempenho e um aspeto visual excepcionais.<\/p>\n<p data-sourcepos=\"19:1-19:30\"><strong>Considera\u00e7\u00f5es adicionais:<\/strong><\/p>\n<ul data-sourcepos=\"21:1-24:0\">\n<li data-sourcepos=\"21:1-22:0\">\n<p data-sourcepos=\"21:3-21:227\"><strong>M\u00e9todos de impress\u00e3o:<\/strong> As etiquetas PMMA podem ser impressas atrav\u00e9s de v\u00e1rios m\u00e9todos, incluindo impress\u00e3o digital, serigrafia e impress\u00e3o a laser. A escolha do m\u00e9todo de impress\u00e3o depende do desenho da etiqueta, da quantidade e do or\u00e7amento pretendidos.<\/p>\n<\/li>\n<li data-sourcepos=\"23:1-24:0\">\n<p data-sourcepos=\"23:3-23:226\"><strong>Op\u00e7\u00f5es de adesivos:<\/strong> As etiquetas PMMA est\u00e3o dispon\u00edveis com uma variedade de op\u00e7\u00f5es de adesivos, incluindo adesivos permanentes, amov\u00edveis e reposicion\u00e1veis. Selecione o adesivo que melhor se adequa \u00e0 sua aplica\u00e7\u00e3o e requisitos de superf\u00edcie.<\/p>\n<\/li>\n<\/ul>","protected":false},"excerpt":{"rendered":"<p>Com a sua durabilidade superior, versatilidade e atrativo est\u00e9tico, as etiquetas de impress\u00e3o PMMA s\u00e3o uma escolha de confian\u00e7a para empresas e indiv\u00edduos que procuram solu\u00e7\u00f5es de etiquetagem de alta qualidade. Escolha as etiquetas PMMA para o seu pr\u00f3ximo projeto de etiquetagem e sinta a diferen\u00e7a em termos de desempenho e impacto visual.<\/p>","protected":false},"featured_media":1978,"template":"","meta":[],"product_brand":[],"product_cat":[15],"product_tag":[],"class_list":{"0":"post-1977","1":"product","2":"type-product","3":"status-publish","4":"has-post-thumbnail","6":"product_cat-print-label","8":"first","9":"instock","10":"shipping-taxable","11":"product-type-simple"},"_links":{"self":[{"href":"https:\/\/membraneswitchmfg.com\/pt\/wp-json\/wp\/v2\/product\/1977","targetHints":{"allow":["GET"]}}],"collection":[{"href":"https:\/\/membraneswitchmfg.com\/pt\/wp-json\/wp\/v2\/product"}],"about":[{"href":"https:\/\/membraneswitchmfg.com\/pt\/wp-json\/wp\/v2\/types\/product"}],"wp:featuredmedia":[{"embeddable":true,"href":"https:\/\/membraneswitchmfg.com\/pt\/wp-json\/wp\/v2\/media\/1978"}],"wp:attachment":[{"href":"https:\/\/membraneswitchmfg.com\/pt\/wp-json\/wp\/v2\/media?parent=1977"}],"wp:term":[{"taxonomy":"product_brand","embeddable":true,"href":"https:\/\/membraneswitchmfg.com\/pt\/wp-json\/wp\/v2\/product_brand?post=1977"},{"taxonomy":"product_cat","embeddable":true,"href":"https:\/\/membraneswitchmfg.com\/pt\/wp-json\/wp\/v2\/product_cat?post=1977"},{"taxonomy":"product_tag","embeddable":true,"href":"https:\/\/membraneswitchmfg.com\/pt\/wp-json\/wp\/v2\/product_tag?post=1977"}],"curies":[{"name":"wp","href":"https:\/\/api.w.org\/{rel}","templated":true}]}}