{"id":2225,"date":"2024-07-22T14:19:03","date_gmt":"2024-07-22T14:19:03","guid":{"rendered":"https:\/\/membraneswitchmfg.com\/manufacturer\/silicone-keypad\/"},"modified":"2024-07-25T05:39:12","modified_gmt":"2024-07-25T05:39:12","slug":"silicone-keypad","status":"publish","type":"product","link":"https:\/\/membraneswitchmfg.com\/pt\/manufacturer\/silicone-keypad\/","title":{"rendered":"Teclado de silicone"},"content":{"rendered":"<h3><strong>Caracter\u00edsticas Principais do Teclado de Silicone:<\/strong><\/h3>\n<p>1. Durabilidade: Fabricados com borracha de silicone de alta qualidade, nossos teclados s\u00e3o resistentes a temperaturas extremas, umidade e desgaste, garantindo uma solu\u00e7\u00e3o duradoura e robusta para qualquer ambiente.<\/p>\n<p>A vida \u00fatil das teclas do nosso teclado de silicone pode chegar a:<\/p>\n<ul>\n<li>1000K vezes<\/li>\n<li>2000K vezes<\/li>\n<li>5000K vezes <strong>(a maior vida \u00fatil do setor)<\/strong><\/li>\n<\/ul>\n<p>2. Feedback T\u00e1til: Projetados para precis\u00e3o, esses teclados oferecem excelente feedback t\u00e1til, aprimorando a experi\u00eancia do usu\u00e1rio ao fornecer um toque responsivo e satisfat\u00f3rio a cada pressionamento.<\/p>\n<p>3. Customizabilidade: Dispon\u00edveis em uma variedade de formas, tamanhos e cores, nossos teclados de silicone podem ser personalizados para atender \u00e0s necessidades espec\u00edficas do seu projeto. Legendas personalizadas, op\u00e7\u00f5es de retroilumina\u00e7\u00e3o e diferentes n\u00edveis de dureza tamb\u00e9m est\u00e3o dispon\u00edveis. As dimens\u00f5es gerais cobrem o padr\u00e3o da ind\u00fastria M1, M2 e M3.<\/p>\n<p>4. Versatilidade: Ideal para aplica\u00e7\u00f5es em eletr\u00f4nicos de consumo, dispositivos m\u00e9dicos, controles industriais, sistemas automotivos e muito mais. O material de silicone oferece excelente flexibilidade, tornando-o adequado para designs e layouts complexos.<\/p>\n<p>5. F\u00e1cil Integra\u00e7\u00e3o: Projetados para integra\u00e7\u00e3o perfeita, nossos teclados s\u00e3o compat\u00edveis com v\u00e1rios tipos de interfaces, incluindo solu\u00e7\u00f5es montadas em PCB e conjuntos de interruptores de membrana.<\/p>\n<p>6. Controle de ponto preto com defeito zero: Usando processos de fabrica\u00e7\u00e3o avan\u00e7ados e sistemas de controle de qualidade rigorosos, nossos teclados de silicone alcan\u00e7am zero defeitos na apar\u00eancia, garantindo que cada produto atinja os mais altos padr\u00f5es de qualidade de apar\u00eancia.<\/p>\n<p>&nbsp;<\/p>\n<h3><strong>Aplica\u00e7\u00f5es do Teclado de Silicone:<\/strong><\/h3>\n<p>1. Eletr\u00f4nicos de Consumo: Perfeito para controles remotos, dispositivos de jogos e gadgets port\u00e1teis.<\/p>\n<p>2. Dispositivos M\u00e9dicos: Ideal para monitores de pacientes, equipamentos de diagn\u00f3stico e tecnologia de sa\u00fade vest\u00edvel.<\/p>\n<p>3. Controles Industriais: Robusto o suficiente para controles de m\u00e1quinas, pain\u00e9is de instrumenta\u00e7\u00e3o e equipamentos externos.<\/p>\n<p>4. Sistemas Automotivos: Confi\u00e1vel para controles de painel, sistemas de infoentretenimento e sistemas de entrada sem chave.<\/p>","protected":false},"excerpt":{"rendered":"<p>Experimente o auge da satisfa\u00e7\u00e3o t\u00e1til e funcionalidade com nossos teclados de silicone. Projetados para uma ampla gama de aplica\u00e7\u00f5es, desde eletr\u00f4nicos de consumo at\u00e9 m\u00e1quinas industriais, esses teclados oferecem desempenho, confiabilidade e personaliza\u00e7\u00e3o incompar\u00e1veis. Seja usado em eletr\u00f4nicos de consumo, equipamentos m\u00e9dicos ou controle industrial, voc\u00ea pode confiar em nossos teclados de silicone para uma apar\u00eancia impec\u00e1vel e uma experi\u00eancia de usu\u00e1rio superior.<\/p>","protected":false},"featured_media":1735,"template":"","meta":[],"product_brand":[],"product_cat":[39],"product_tag":[],"class_list":{"0":"post-2225","1":"product","2":"type-product","3":"status-publish","4":"has-post-thumbnail","6":"product_cat-silicone-rubber","8":"first","9":"instock","10":"shipping-taxable","11":"product-type-simple"},"_links":{"self":[{"href":"https:\/\/membraneswitchmfg.com\/pt\/wp-json\/wp\/v2\/product\/2225","targetHints":{"allow":["GET"]}}],"collection":[{"href":"https:\/\/membraneswitchmfg.com\/pt\/wp-json\/wp\/v2\/product"}],"about":[{"href":"https:\/\/membraneswitchmfg.com\/pt\/wp-json\/wp\/v2\/types\/product"}],"wp:featuredmedia":[{"embeddable":true,"href":"https:\/\/membraneswitchmfg.com\/pt\/wp-json\/wp\/v2\/media\/1735"}],"wp:attachment":[{"href":"https:\/\/membraneswitchmfg.com\/pt\/wp-json\/wp\/v2\/media?parent=2225"}],"wp:term":[{"taxonomy":"product_brand","embeddable":true,"href":"https:\/\/membraneswitchmfg.com\/pt\/wp-json\/wp\/v2\/product_brand?post=2225"},{"taxonomy":"product_cat","embeddable":true,"href":"https:\/\/membraneswitchmfg.com\/pt\/wp-json\/wp\/v2\/product_cat?post=2225"},{"taxonomy":"product_tag","embeddable":true,"href":"https:\/\/membraneswitchmfg.com\/pt\/wp-json\/wp\/v2\/product_tag?post=2225"}],"curies":[{"name":"wp","href":"https:\/\/api.w.org\/{rel}","templated":true}]}}