{"id":2226,"date":"2024-07-22T14:19:04","date_gmt":"2024-07-22T14:19:04","guid":{"rendered":"https:\/\/membraneswitchmfg.com\/manufacturer\/silicone-protectors\/"},"modified":"2024-07-25T08:30:07","modified_gmt":"2024-07-25T08:30:07","slug":"silicone-protectors","status":"publish","type":"product","link":"https:\/\/membraneswitchmfg.com\/pt\/manufacturer\/silicone-protectors\/","title":{"rendered":"Protectores de silicone"},"content":{"rendered":"<h2><strong>Protetores de Silicone Principais Caracter\u00edsticas:<\/strong><\/h2>\n<p>1.Controle Preciso de Toler\u00e2ncia de Cor: Usando espectrofot\u00f4metros de cor de alta precis\u00e3o, controlamos a toler\u00e2ncia de cor dentro dos padr\u00f5es da ind\u00fastria de Delta 1, Delta 2 e Delta 3, garantindo a consist\u00eancia da cor em cada lote de produtos.<\/p>\n<p>2.Material de Silicone de Alta Qualidade: Feito de material de silicone premium, nossos cases oferecem excelente durabilidade, flexibilidade e resist\u00eancia ao envelhecimento, proporcionando prote\u00e7\u00e3o duradoura.<\/p>\n<p>3.Ampla Gama de Op\u00e7\u00f5es de Cores: Oferecemos uma rica sele\u00e7\u00e3o de cores para atender \u00e0s diversas necessidades dos clientes. Sejam cores vibrantes ou neutros suaves, cada um mant\u00e9m um tom consistente e efeito visual.<\/p>\n<p>4.Excelente Prote\u00e7\u00e3o: Projetados para um ajuste perfeito, nossos cases oferecem prote\u00e7\u00e3o abrangente, prevenindo eficazmente arranh\u00f5es, impactos e desgaste, prolongando assim a vida \u00fatil de seus dispositivos.<\/p>\n<p>5.Sensa\u00e7\u00e3o Confort\u00e1vel: A superf\u00edcie do case de silicone \u00e9 lisa, proporcionando uma pegada confort\u00e1vel. O design antiderrapante aumenta a estabilidade de segurar.<\/p>\n<h3><strong>Protetores de Silicone Aplica\u00e7\u00f5es:<\/strong><\/h3>\n<p>1.Eletr\u00f4nicos de Consumo: Ideal para smartphones, tablets e outros dispositivos port\u00e1teis, oferecendo prote\u00e7\u00e3o confi\u00e1vel e apar\u00eancia elegante.<\/p>\n<p>2.Eletrodom\u00e9sticos: Adequado para controles remotos, dispositivos dom\u00e9sticos inteligentes e muito mais, protegendo-os do desgaste di\u00e1rio.<\/p>\n<p>3.Dispositivos M\u00e9dicos: O material de silicone seguro e n\u00e3o t\u00f3xico \u00e9 adequado para proteger dispositivos m\u00e9dicos, garantindo limpeza e seguran\u00e7a.<\/p>\n<p>4.Aplica\u00e7\u00f5es Industriais: Adequado para v\u00e1rios equipamentos industriais que requerem prote\u00e7\u00e3o, fornecendo prote\u00e7\u00e3o e durabilidade confi\u00e1veis.<\/p>","protected":false},"excerpt":{"rendered":"<p>Nossos protetores de silicone se destacam n\u00e3o apenas na funcionalidade de prote\u00e7\u00e3o, mas tamb\u00e9m na obten\u00e7\u00e3o de consist\u00eancia de cores l\u00edder do setor. Ao utilizar espectrofotometria de cores avan\u00e7ada, garantimos que a toler\u00e2ncia de cor de cada capa seja controlada dentro dos padr\u00f5es da ind\u00fastria, proporcionando uma uniformidade visualmente perfeita e uma apar\u00eancia de alta qualidade. Estamos comprometidos em fornecer protetores de silicone da mais alta qualidade, garantindo que cada produto atenda \u00e0s suas expectativas. Com tecnologia de fabrica\u00e7\u00e3o avan\u00e7ada e sistemas de controle de qualidade rigorosos, oferecemos capas de prote\u00e7\u00e3o com cores consistentes, dur\u00e1veis \u200b\u200be funcionais. Se voc\u00ea precisa de produtos padr\u00e3o ou solu\u00e7\u00f5es personalizadas, podemos atender \u00e0s suas necessidades e ajudar seus dispositivos a permanecerem em \u00f3timas condi\u00e7\u00f5es.<\/p>","protected":false},"featured_media":2212,"template":"","meta":[],"product_brand":[],"product_cat":[39],"product_tag":[],"class_list":{"0":"post-2226","1":"product","2":"type-product","3":"status-publish","4":"has-post-thumbnail","6":"product_cat-silicone-rubber","8":"first","9":"instock","10":"shipping-taxable","11":"product-type-simple"},"_links":{"self":[{"href":"https:\/\/membraneswitchmfg.com\/pt\/wp-json\/wp\/v2\/product\/2226","targetHints":{"allow":["GET"]}}],"collection":[{"href":"https:\/\/membraneswitchmfg.com\/pt\/wp-json\/wp\/v2\/product"}],"about":[{"href":"https:\/\/membraneswitchmfg.com\/pt\/wp-json\/wp\/v2\/types\/product"}],"wp:featuredmedia":[{"embeddable":true,"href":"https:\/\/membraneswitchmfg.com\/pt\/wp-json\/wp\/v2\/media\/2212"}],"wp:attachment":[{"href":"https:\/\/membraneswitchmfg.com\/pt\/wp-json\/wp\/v2\/media?parent=2226"}],"wp:term":[{"taxonomy":"product_brand","embeddable":true,"href":"https:\/\/membraneswitchmfg.com\/pt\/wp-json\/wp\/v2\/product_brand?post=2226"},{"taxonomy":"product_cat","embeddable":true,"href":"https:\/\/membraneswitchmfg.com\/pt\/wp-json\/wp\/v2\/product_cat?post=2226"},{"taxonomy":"product_tag","embeddable":true,"href":"https:\/\/membraneswitchmfg.com\/pt\/wp-json\/wp\/v2\/product_tag?post=2226"}],"curies":[{"name":"wp","href":"https:\/\/api.w.org\/{rel}","templated":true}]}}