{"id":2227,"date":"2024-07-22T14:19:04","date_gmt":"2024-07-22T14:19:04","guid":{"rendered":"https:\/\/membraneswitchmfg.com\/manufacturer\/silicone-gasket\/"},"modified":"2024-07-25T06:04:54","modified_gmt":"2024-07-25T06:04:54","slug":"silicone-gasket","status":"publish","type":"product","link":"https:\/\/membraneswitchmfg.com\/pt\/manufacturer\/silicone-gasket\/","title":{"rendered":"Junta de silicone"},"content":{"rendered":"<h2><strong>Carater\u00edsticas principais:<\/strong><\/h2>\n<p>1. resist\u00eancia a altas temperaturas: As nossas juntas de silicone podem suportar temperaturas extremas, que variam entre -60\u00b0C e 230\u00b0C, o que as torna adequadas tanto para ambientes de calor elevado como de congela\u00e7\u00e3o.<\/p>\n<p>2. excelente flexibilidade e elasticidade: A flexibilidade inerente ao silicone permite que as nossas juntas se adaptem a superf\u00edcies irregulares, garantindo uma veda\u00e7\u00e3o estanque e fi\u00e1vel, mesmo sob alta press\u00e3o.<\/p>\n<p>3. resist\u00eancia qu\u00edmica superior: Resistentes a uma vasta gama de produtos qu\u00edmicos, \u00f3leos e solventes, as nossas juntas de silicone mant\u00eam a sua integridade e desempenho nos ambientes mais exigentes.<\/p>\n<p>4. durabilidade de longa dura\u00e7\u00e3o: Concebidas para serem duradouras, estas juntas resistem ao envelhecimento, \u00e0s intemp\u00e9ries e \u00e0 exposi\u00e7\u00e3o aos raios UV, garantindo uma vida \u00fatil prolongada com um m\u00ednimo de manuten\u00e7\u00e3o.<\/p>\n<p>5.FDA e op\u00e7\u00f5es de grau m\u00e9dico: Dispon\u00edveis em op\u00e7\u00f5es de grau alimentar e de grau m\u00e9dico, as nossas juntas de silicone s\u00e3o seguras para utiliza\u00e7\u00e3o em aplica\u00e7\u00f5es de processamento alimentar, farmac\u00eauticas e de cuidados de sa\u00fade.<\/p>\n<h2><strong>Aplica\u00e7\u00f5es de juntas de silicone:<\/strong><\/h2>\n<p>1.Autom\u00f3vel: Ideal para motores, transmiss\u00f5es e sistemas de escape, proporcionando uma veda\u00e7\u00e3o fi\u00e1vel em condi\u00e7\u00f5es extremas.<\/p>\n<p>2. equipamento industrial: Adequado para bombas, compressores e maquinaria, evitando fugas e assegurando um funcionamento eficiente.<\/p>\n<p>3. alimentos e bebidas: Perfeito para selar equipamentos de processamento de alimentos, garantindo padr\u00f5es de higiene e seguran\u00e7a.<\/p>\n<p>4. dispositivos m\u00e9dicos: Seguro para utiliza\u00e7\u00e3o em dispositivos e equipamentos m\u00e9dicos, proporcionando uma veda\u00e7\u00e3o fi\u00e1vel em aplica\u00e7\u00f5es cr\u00edticas.<\/p>\n<p>5.Eletr\u00f3nica: Eficaz para veda\u00e7\u00e3o em caixas electr\u00f3nicas, protegendo os componentes sens\u00edveis da humidade e do p\u00f3.<\/p>","protected":false},"excerpt":{"rendered":"<p>Descubra a melhor solu\u00e7\u00e3o de veda\u00e7\u00e3o com as nossas juntas de silicone de qualidade superior. Concebidas para proporcionar um desempenho excecional, estas juntas foram concebidas para satisfazer as exig\u00eancias rigorosas de v\u00e1rias ind\u00fastrias, garantindo sempre uma veda\u00e7\u00e3o perfeita. Quer pretenda aumentar a durabilidade do seu equipamento ou garantir um ambiente \u00e0 prova de fugas, as nossas juntas de silicone s\u00e3o a escolha ideal. O nosso compromisso com a qualidade e a inova\u00e7\u00e3o garante que as nossas juntas de silicone cumprem os mais elevados padr\u00f5es da ind\u00fastria. Oferecemos uma vasta gama de tamanhos, formas e op\u00e7\u00f5es personalizadas para satisfazer as suas necessidades espec\u00edficas. Com a nossa equipa de especialistas e processos de fabrico avan\u00e7ados, fornecemos juntas que proporcionam um desempenho e fiabilidade consistentes.<\/p>","protected":false},"featured_media":2216,"template":"","meta":[],"product_brand":[],"product_cat":[39],"product_tag":[],"class_list":{"0":"post-2227","1":"product","2":"type-product","3":"status-publish","4":"has-post-thumbnail","6":"product_cat-silicone-rubber","8":"first","9":"instock","10":"shipping-taxable","11":"product-type-simple"},"_links":{"self":[{"href":"https:\/\/membraneswitchmfg.com\/pt\/wp-json\/wp\/v2\/product\/2227","targetHints":{"allow":["GET"]}}],"collection":[{"href":"https:\/\/membraneswitchmfg.com\/pt\/wp-json\/wp\/v2\/product"}],"about":[{"href":"https:\/\/membraneswitchmfg.com\/pt\/wp-json\/wp\/v2\/types\/product"}],"wp:featuredmedia":[{"embeddable":true,"href":"https:\/\/membraneswitchmfg.com\/pt\/wp-json\/wp\/v2\/media\/2216"}],"wp:attachment":[{"href":"https:\/\/membraneswitchmfg.com\/pt\/wp-json\/wp\/v2\/media?parent=2227"}],"wp:term":[{"taxonomy":"product_brand","embeddable":true,"href":"https:\/\/membraneswitchmfg.com\/pt\/wp-json\/wp\/v2\/product_brand?post=2227"},{"taxonomy":"product_cat","embeddable":true,"href":"https:\/\/membraneswitchmfg.com\/pt\/wp-json\/wp\/v2\/product_cat?post=2227"},{"taxonomy":"product_tag","embeddable":true,"href":"https:\/\/membraneswitchmfg.com\/pt\/wp-json\/wp\/v2\/product_tag?post=2227"}],"curies":[{"name":"wp","href":"https:\/\/api.w.org\/{rel}","templated":true}]}}