{"id":2438,"date":"2024-09-20T06:37:42","date_gmt":"2024-09-20T06:37:42","guid":{"rendered":"https:\/\/membraneswitchmfg.com\/?post_type=product&#038;p=2438"},"modified":"2024-09-20T06:40:01","modified_gmt":"2024-09-20T06:40:01","slug":"in-mold-electronics-ime","status":"publish","type":"product","link":"https:\/\/membraneswitchmfg.com\/pt\/manufacturer\/in-mold-electronics-ime\/","title":{"rendered":"Eletr\u00f3nica no molde (IME)"},"content":{"rendered":"<h2>Eletr\u00f4nicos Embutidos (IME): Uma Tecnologia Revolucion\u00e1ria<\/h2>\n<h3 data-sourcepos=\"5:1-5:24\">Principais Benef\u00edcios dos Eletr\u00f4nicos Embutidos<strong>:<\/strong><\/h3>\n<ul>\n<li><span class=\"citation-2 recitation\">Custos de Montagem Reduzidos:<\/span><span class=\"citation-2 recitation citation-end-2\"> Ao integrar componentes eletr\u00f4nicos diretamente na pe\u00e7a pl\u00e1stica, o IME elimina a necessidade de etapas de montagem separadas, reduzindo significativamente os custos de fabrica\u00e7\u00e3o.<\/span><\/li>\n<li>Durabilidade Aprimorada: <span class=\"citation-3 recitation citation-end-3\">O IME cria uma forte liga\u00e7\u00e3o entre os componentes eletr\u00f4nicos e a pe\u00e7a pl\u00e1stica, aumentando a durabilidade e a resist\u00eancia a fatores ambientais.<\/span><\/li>\n<li>Fator de Forma Menor: <span class=\"citation-4 recitation citation-end-4\">O IME permite a cria\u00e7\u00e3o de dispositivos eletr\u00f4nicos mais finos e compactos, tornando-os mais port\u00e1teis e esteticamente agrad\u00e1veis.<\/span><\/li>\n<li>Est\u00e9tica Aprimorada: O IME pode ser usado para criar designs perfeitos e visualmente atraentes, integrando componentes eletr\u00f4nicos perfeitamente na apar\u00eancia geral do produto.<\/li>\n<li>Confiabilidade Aprimorada: <span class=\"citation-5 recitation citation-end-5\">Ao eliminar conex\u00f5es externas e etapas de montagem, o IME pode aumentar a confiabilidade e a longevidade dos produtos eletr\u00f4nicos.<\/span><\/li>\n<\/ul>\n<h3 data-sourcepos=\"13:1-13:24\">Aplica\u00e7\u00f5es de Eletr\u00f4nicos Embutidos:<\/h3>\n<ul data-sourcepos=\"15:1-19:0\">\n<li data-sourcepos=\"15:1-15:100\">Eletr\u00f4nicos de Consumo: Teclados, controles remotos, pain\u00e9is automotivos e dispositivos vest\u00edveis.<\/li>\n<li data-sourcepos=\"16:1-16:110\">Dispositivos M\u00e9dicos: <span class=\"citation-6 recitation citation-end-6\">Equipamentos de diagn\u00f3stico, sistemas de monitoramento de pacientes e dispositivos implant\u00e1veis.<\/span><\/li>\n<li data-sourcepos=\"16:1-16:110\">Automotivo: <span class=\"citation-7 recitation citation-end-7\">Pain\u00e9is de controle, pain\u00e9is de instrumentos e pain\u00e9is de portas.<\/span><\/li>\n<li data-sourcepos=\"16:1-16:110\">Automa\u00e7\u00e3o Industrial: Pain\u00e9is de controle, sensores e outros componentes de automa\u00e7\u00e3o.<\/li>\n<\/ul>","protected":false},"excerpt":{"rendered":"<p><span class=\"citation-0 recitation\">Eletr\u00f3nica no molde (IME)<\/span><span class=\"citation-0 recitation citation-end-0\"> \u00e9 um processo de fabrica\u00e7\u00e3o que integra componentes eletr\u00f4nicos diretamente em pe\u00e7as pl\u00e1sticas durante o processo de moldagem.<\/span> <span class=\"citation-1 recitation citation-end-1\">Esta t\u00e9cnica inovadora oferece in\u00fameras vantagens sobre os m\u00e9todos de montagem tradicionais, tornando-a uma escolha popular para v\u00e1rias ind\u00fastrias.<\/span><\/p>\n<p><span class=\"citation-8 recitation citation-end-8\">IME \u00e9 uma tecnologia de ponta que oferece vantagens significativas em termos de custo, durabilidade, design e confiabilidade.<\/span> \u00c0 medida que a tecnologia continua a evoluir, podemos esperar ver aplica\u00e7\u00f5es ainda mais inovadoras no futuro.<\/p>","protected":false},"featured_media":2439,"template":"","meta":[],"product_brand":[],"product_cat":[40],"product_tag":[],"class_list":{"0":"post-2438","1":"product","2":"type-product","3":"status-publish","4":"has-post-thumbnail","6":"product_cat-membrane-switch","8":"first","9":"instock","10":"shipping-taxable","11":"product-type-simple"},"_links":{"self":[{"href":"https:\/\/membraneswitchmfg.com\/pt\/wp-json\/wp\/v2\/product\/2438","targetHints":{"allow":["GET"]}}],"collection":[{"href":"https:\/\/membraneswitchmfg.com\/pt\/wp-json\/wp\/v2\/product"}],"about":[{"href":"https:\/\/membraneswitchmfg.com\/pt\/wp-json\/wp\/v2\/types\/product"}],"wp:featuredmedia":[{"embeddable":true,"href":"https:\/\/membraneswitchmfg.com\/pt\/wp-json\/wp\/v2\/media\/2439"}],"wp:attachment":[{"href":"https:\/\/membraneswitchmfg.com\/pt\/wp-json\/wp\/v2\/media?parent=2438"}],"wp:term":[{"taxonomy":"product_brand","embeddable":true,"href":"https:\/\/membraneswitchmfg.com\/pt\/wp-json\/wp\/v2\/product_brand?post=2438"},{"taxonomy":"product_cat","embeddable":true,"href":"https:\/\/membraneswitchmfg.com\/pt\/wp-json\/wp\/v2\/product_cat?post=2438"},{"taxonomy":"product_tag","embeddable":true,"href":"https:\/\/membraneswitchmfg.com\/pt\/wp-json\/wp\/v2\/product_tag?post=2438"}],"curies":[{"name":"wp","href":"https:\/\/api.w.org\/{rel}","templated":true}]}}