{"id":1686,"date":"2024-06-22T14:56:03","date_gmt":"2024-06-22T14:56:03","guid":{"rendered":"https:\/\/membraneswitchmfg.com\/manufacturer\/ul-high-temperature-resistant-certification-label\/"},"modified":"2024-06-26T00:55:30","modified_gmt":"2024-06-26T00:55:30","slug":"ul-high-temperature-resistant-certification-label","status":"publish","type":"product","link":"https:\/\/membraneswitchmfg.com\/ro\/manufacturer\/ul-high-temperature-resistant-certification-label\/","title":{"rendered":"Etichet\u0103 de certificare UL rezistent\u0103 la temperaturi ridicate"},"content":{"rendered":"<h2 class=\"\" data-sourcepos=\"1:1-1:109\">Etichete de certificare UL rezistente la temperaturi ridicate: Asigurarea siguran\u021bei \u0219i durabilit\u0103\u021bii \u00een medii extreme<\/h2>\n<p data-sourcepos=\"3:1-3:104\">Proteja\u021bi-v\u0103 produsele \u0219i marca cu etichete rezistente la temperaturi ridicate, certificate UL, care rezist\u0103 la condi\u021bii dificile.<\/p>\n<p data-sourcepos=\"5:1-5:49\"><strong>Durabilitate de neegalat pentru medii extreme<\/strong><\/p>\n<p data-sourcepos=\"7:1-7:155\">Etichetele noastre rezistente la temperaturi ridicate, certificate UL, sunt fabricate din materiale premium care pot rezista la expunerea continu\u0103 la temperaturi cuprinse \u00eentre -40\u00b0C \u0219i 500\u00b0C (-40\u00b0F \u0219i 932\u00b0F). Acestea sunt rezistente la decolorare, rupere \u0219i degradare chimic\u0103, ceea ce le face ideale pentru utilizare \u00eentr-o gam\u0103 larg\u0103 de aplica\u021bii.<\/p>\n<p data-sourcepos=\"9:1-9:38\"><strong>Certificare UL pentru lini\u0219te sufleteasc\u0103<\/strong><\/p>\n<p data-sourcepos=\"11:1-11:62\">Etichetele noastre rezistente la temperaturi ridicate UL sunt testate \u0219i certificate riguros de Underwriters Laboratories (UL), un lider recunoscut la nivel mondial \u00een domeniul standardelor de siguran\u021b\u0103. Aceast\u0103 certificare garanteaz\u0103 c\u0103 etichetele noastre \u00eendeplinesc cele mai \u00eenalte standarde de durabilitate, performan\u021b\u0103 \u0219i siguran\u021b\u0103.<\/p>\n<p data-sourcepos=\"13:1-13:89\"><strong>Parteneri cu furnizorii de imprimante de coduri de bare cu etichet\u0103 din China pentru calitate superioar\u0103 \u0219i expertiz\u0103<\/strong><\/p>\n<p data-sourcepos=\"15:1-15:207\">La China Label Barcode Printer Suppliers, ne angaj\u0103m s\u0103 oferim clien\u021bilor no\u0219tri cea mai \u00eenalt\u0103 calitate UL etichete rezistente la temperaturi ridicate \u0219i expertiza pentru a satisface nevoile lor specifice de aplicare.<\/p>\n<p data-sourcepos=\"17:1-17:82\"><strong>Contacta\u021bi-ne ast\u0103zi<\/strong> pentru a afla mai multe despre etichetele noastre UL rezistente la temperaturi ridicate.<\/p>","protected":false},"excerpt":{"rendered":"<p>Eticheta de certificare UL pentru rezisten\u021b\u0103 la temperaturi ridicate verific\u0103 faptul c\u0103 produsul a fost testat \u0219i certificat de UL (Underwriters Laboratories) pentru a rezista \u00een siguran\u021b\u0103 la temperaturi ridicate.<\/p>","protected":false},"featured_media":1660,"template":"","meta":[],"product_brand":[],"product_cat":[15],"product_tag":[],"class_list":{"0":"post-1686","1":"product","2":"type-product","3":"status-publish","4":"has-post-thumbnail","6":"product_cat-print-label","8":"first","9":"instock","10":"shipping-taxable","11":"product-type-simple"},"_links":{"self":[{"href":"https:\/\/membraneswitchmfg.com\/ro\/wp-json\/wp\/v2\/product\/1686","targetHints":{"allow":["GET"]}}],"collection":[{"href":"https:\/\/membraneswitchmfg.com\/ro\/wp-json\/wp\/v2\/product"}],"about":[{"href":"https:\/\/membraneswitchmfg.com\/ro\/wp-json\/wp\/v2\/types\/product"}],"wp:featuredmedia":[{"embeddable":true,"href":"https:\/\/membraneswitchmfg.com\/ro\/wp-json\/wp\/v2\/media\/1660"}],"wp:attachment":[{"href":"https:\/\/membraneswitchmfg.com\/ro\/wp-json\/wp\/v2\/media?parent=1686"}],"wp:term":[{"taxonomy":"product_brand","embeddable":true,"href":"https:\/\/membraneswitchmfg.com\/ro\/wp-json\/wp\/v2\/product_brand?post=1686"},{"taxonomy":"product_cat","embeddable":true,"href":"https:\/\/membraneswitchmfg.com\/ro\/wp-json\/wp\/v2\/product_cat?post=1686"},{"taxonomy":"product_tag","embeddable":true,"href":"https:\/\/membraneswitchmfg.com\/ro\/wp-json\/wp\/v2\/product_tag?post=1686"}],"curies":[{"name":"wp","href":"https:\/\/api.w.org\/{rel}","templated":true}]}}