{"id":1687,"date":"2024-06-22T14:56:03","date_gmt":"2024-06-22T14:56:03","guid":{"rendered":"https:\/\/membraneswitchmfg.com\/manufacturer\/csa-high-temperature-resistant-certification-label\/"},"modified":"2024-06-26T00:55:06","modified_gmt":"2024-06-26T00:55:06","slug":"csa-high-temperature-resistant-certification-label","status":"publish","type":"product","link":"https:\/\/membraneswitchmfg.com\/ro\/manufacturer\/csa-high-temperature-resistant-certification-label\/","title":{"rendered":"Etichet\u0103 de certificare CSA rezistent\u0103 la temperaturi ridicate"},"content":{"rendered":"<h2 class=\"\" data-sourcepos=\"1:1-1:108\">Etichete de certificare CSA rezistente la temperaturi ridicate: Asigurarea conformit\u0103\u021bii \u0219i siguran\u021bei \u00een medii dure<\/h2>\n<p data-sourcepos=\"3:1-3:119\">Proteja\u021bi-v\u0103 produsele \u0219i marca cu etichete rezistente la temperaturi ridicate, certificate CSA, care rezist\u0103 la condi\u021bii extreme.<\/p>\n<p data-sourcepos=\"5:1-5:51\"><strong>Durabilitate de neegalat pentru medii solicitante<\/strong><\/p>\n<p data-sourcepos=\"7:1-7:152\">Etichetele noastre CSA rezistente la temperaturi ridicate sunt proiectate pentru a rezista celor mai dificile condi\u021bii, asigur\u00e2nd c\u0103 informa\u021biile despre produsul dvs. r\u0103m\u00e2n clare, vizibile \u0219i conforme chiar \u0219i \u00een fa\u021ba c\u0103ldurii intense, a substan\u021belor chimice dure \u0219i a uzurii abrazive. Fabricate din materiale premium, aceste etichete pot rezista expunerii continue la temperaturi cuprinse \u00eentre -40\u00b0C \u0219i 500\u00b0C (-40\u00b0F \u0219i 932\u00b0F).<\/p>\n<p data-sourcepos=\"9:1-9:23\"><strong>Certificare CSA pentru lini\u0219te sufleteasc\u0103<\/strong><\/p>\n<p data-sourcepos=\"11:1-11:433\">Etichetele noastre CSA rezistente la temperaturi ridicate sunt riguros testate \u0219i certificate de Asocia\u021bia Canadian\u0103 de Standardizare (CSA), un lider recunoscut la nivel mondial \u00een domeniul standardelor de siguran\u021b\u0103. Aceast\u0103 certificare asigur\u0103 faptul c\u0103 etichetele noastre \u00eendeplinesc cele mai \u00eenalte standarde de durabilitate, performan\u021b\u0103 \u0219i siguran\u021b\u0103, asigur\u00e2ndu-v\u0103 lini\u0219tea c\u0103 marcajele de identificare \u0219i siguran\u021b\u0103 ale produselor dvs. vor r\u0103m\u00e2ne intacte chiar \u0219i \u00een cele mai solicitante medii.<\/p>\n<p data-sourcepos=\"13:1-13:42\"><strong>Ideal pentru o gam\u0103 larg\u0103 de aplica\u021bii<\/strong><\/p>\n<p data-sourcepos=\"15:1-15:91\">Etichetele noastre CSA rezistente la temperaturi ridicate sunt ideale pentru utilizarea \u00eentr-o gam\u0103 larg\u0103 de aplica\u021bii, inclusiv:<\/p>\n<ul data-sourcepos=\"17:1-22:0\">\n<li data-sourcepos=\"17:1-17:36\">Ma\u0219ini \u0219i echipamente industriale<\/li>\n<li data-sourcepos=\"18:1-18:37\">Componente auto \u0219i aerospa\u021biale<\/li>\n<li data-sourcepos=\"19:1-19:28\">Aparatur\u0103 electrocasnic\u0103 \u0219i electronic\u0103<\/li>\n<li data-sourcepos=\"20:1-20:17\">Dispozitive medicale<\/li>\n<li data-sourcepos=\"21:1-22:0\">Semne \u0219i etichete pentru exterior<\/li>\n<\/ul>\n<p data-sourcepos=\"23:1-23:89\"><strong>Parteneri cu furnizorii de imprimante de coduri de bare cu etichet\u0103 din China pentru calitate superioar\u0103 \u0219i expertiz\u0103<\/strong><\/p>\n<p data-sourcepos=\"25:1-25:353\">La China Label Barcode Printer Suppliers, ne-am angajat s\u0103 oferim clien\u021bilor no\u0219tri cea mai \u00eenalt\u0103 calitate CSA etichete rezistente la temperaturi ridicate \u0219i expertiza pentru a satisface nevoile lor specifice de aplicare. Echipa noastr\u0103 de profesioni\u0219ti cu experien\u021b\u0103 v\u0103 poate ajuta s\u0103 selecta\u021bi materialul de etichet\u0103, adezivul \u0219i op\u021biunile de imprimare potrivite pentru cerin\u021bele dumneavoastr\u0103 unice.<\/p>\n<p data-sourcepos=\"27:1-27:181\"><strong>Contacta\u021bi-ne ast\u0103zi<\/strong> pentru a afla mai multe despre etichetele noastre CSA rezistente la temperaturi ridicate \u0219i cum v\u0103 putem ajuta s\u0103 v\u0103 proteja\u021bi produsele \u0219i marca chiar \u0219i \u00een cele mai dificile medii.<\/p>","protected":false},"excerpt":{"rendered":"<p>Eticheta de certificare CSA pentru rezisten\u021b\u0103 la temperaturi ridicate semnific\u0103 faptul c\u0103 produsul a fost testat \u0219i certificat de CSA (Canadian Standards Association) pentru a rezista la temperaturi ridicate \u00een mod eficient \u0219i sigur.<\/p>","protected":false},"featured_media":1653,"template":"","meta":[],"product_brand":[],"product_cat":[15],"product_tag":[],"class_list":{"0":"post-1687","1":"product","2":"type-product","3":"status-publish","4":"has-post-thumbnail","6":"product_cat-print-label","8":"first","9":"instock","10":"shipping-taxable","11":"product-type-simple"},"_links":{"self":[{"href":"https:\/\/membraneswitchmfg.com\/ro\/wp-json\/wp\/v2\/product\/1687","targetHints":{"allow":["GET"]}}],"collection":[{"href":"https:\/\/membraneswitchmfg.com\/ro\/wp-json\/wp\/v2\/product"}],"about":[{"href":"https:\/\/membraneswitchmfg.com\/ro\/wp-json\/wp\/v2\/types\/product"}],"wp:featuredmedia":[{"embeddable":true,"href":"https:\/\/membraneswitchmfg.com\/ro\/wp-json\/wp\/v2\/media\/1653"}],"wp:attachment":[{"href":"https:\/\/membraneswitchmfg.com\/ro\/wp-json\/wp\/v2\/media?parent=1687"}],"wp:term":[{"taxonomy":"product_brand","embeddable":true,"href":"https:\/\/membraneswitchmfg.com\/ro\/wp-json\/wp\/v2\/product_brand?post=1687"},{"taxonomy":"product_cat","embeddable":true,"href":"https:\/\/membraneswitchmfg.com\/ro\/wp-json\/wp\/v2\/product_cat?post=1687"},{"taxonomy":"product_tag","embeddable":true,"href":"https:\/\/membraneswitchmfg.com\/ro\/wp-json\/wp\/v2\/product_tag?post=1687"}],"curies":[{"name":"wp","href":"https:\/\/api.w.org\/{rel}","templated":true}]}}