{"id":1689,"date":"2024-06-22T14:56:03","date_gmt":"2024-06-22T14:56:03","guid":{"rendered":"https:\/\/membraneswitchmfg.com\/manufacturer\/outdoor-warning-signs\/"},"modified":"2024-06-26T00:53:33","modified_gmt":"2024-06-26T00:53:33","slug":"outdoor-warning-signs","status":"publish","type":"product","link":"https:\/\/membraneswitchmfg.com\/ro\/manufacturer\/outdoor-warning-signs\/","title":{"rendered":"Semne de avertizare \u00een aer liber"},"content":{"rendered":"<h2 class=\"\" data-sourcepos=\"1:1-1:84\">Semne de avertizare \u00een aer liber: Sporirea siguran\u021bei \u0219i a comunic\u0103rii \u00een mediile exterioare<\/h2>\n<p data-sourcepos=\"3:1-3:144\">Comunica\u021bi eficient pericolele poten\u021biale \u0219i informa\u021biile importante \u00een medii exterioare cu panourile noastre de avertizare pentru exterior durabile \u0219i personalizabile. Proiectate pentru a rezista rigorilor mediului exterior, panourile noastre asigur\u0103 faptul c\u0103 mesajele dvs. r\u0103m\u00e2n clare, vizibile \u0219i atrag aten\u021bia, chiar \u0219i \u00een condi\u021bii meteorologice dificile.<\/p>\n<p data-sourcepos=\"5:1-5:49\"><strong>Durabilitate de neegalat pentru medii exterioare<\/strong><\/p>\n<p data-sourcepos=\"7:1-7:133\">Fabricate din materiale de \u00eenalt\u0103 calitate \u0219i utiliz\u00e2nd tehnici avansate de imprimare, panourile noastre de avertizare pentru exterior sunt construite pentru a dura. Acestea sunt rezistente la decolorare, rupere \u0219i degradare chimic\u0103, asigur\u00e2ndu-se c\u0103 mesajele dvs. r\u0103m\u00e2n vizibile \u0219i eficiente pentru anii urm\u0103tori.<\/p>\n<p data-sourcepos=\"9:1-9:44\"><strong>Personalizabile pentru a v\u0103 satisface nevoile specifice<\/strong><\/p>\n<p data-sourcepos=\"11:1-11:86\">Oferim o gam\u0103 larg\u0103 de op\u021biuni de personalizare pentru a v\u0103 satisface nevoile specifice, inclusiv:<\/p>\n<ul data-sourcepos=\"13:1-17:0\">\n<li data-sourcepos=\"13:1-13:60\"><strong>Varietate de dimensiuni \u0219i forme pentru a acomoda orice mesaj<\/strong><\/li>\n<li data-sourcepos=\"14:1-14:49\"><strong>Imprimare full-color pentru efecte vizuale de mare impact<\/strong><\/li>\n<li data-sourcepos=\"15:1-15:67\"><strong>Text \u0219i grafic\u0103 personalizabile pentru a v\u0103 transmite mesajul \u00een mod clar<\/strong><\/li>\n<li data-sourcepos=\"16:1-17:0\"><strong>Alegerea materialelor pentru a se potrivi mediului dvs.<\/strong><\/li>\n<\/ul>\n<p data-sourcepos=\"18:1-18:50\"><strong>Ideal pentru o gam\u0103 larg\u0103 de aplica\u021bii \u00een exterior<\/strong><\/p>\n<p data-sourcepos=\"20:1-20:80\">Panourile noastre de avertizare pentru exterior sunt ideale pentru o gam\u0103 larg\u0103 de aplica\u021bii, inclusiv:<\/p>\n<ul data-sourcepos=\"22:1-22:10\">\n<li data-sourcepos=\"22:1-22:10\"><strong>Avertismente \u0219i instruc\u021biuni de siguran\u021b\u0103<\/strong><\/li>\n<li data-sourcepos=\"23:1-23:36\"><strong>Marcaje de conformitate cu reglement\u0103rile<\/strong><\/li>\n<li data-sourcepos=\"24:1-24:47\"><strong>Identificarea pericolelor \u0219i semnalizarea de avertizare<\/strong><\/li>\n<li data-sourcepos=\"25:1-25:43\"><strong>Semnalizare direc\u021bional\u0103 \u0219i informativ\u0103<\/strong><\/li>\n<li data-sourcepos=\"26:1-27:0\"><strong>Semnalizare \u0219antier<\/strong><\/li>\n<\/ul>\n<p data-sourcepos=\"28:1-28:89\"><strong>Parteneri cu furnizorii de imprimante de coduri de bare cu etichet\u0103 din China pentru calitate superioar\u0103 \u0219i expertiz\u0103<\/strong><\/p>\n<p data-sourcepos=\"30:1-30:309\">La China Label Barcode Printer Suppliers, ne angaj\u0103m s\u0103 oferim clien\u021bilor no\u0219tri semne de avertizare \u00een aer liber de cea mai \u00eenalt\u0103 calitate \u0219i expertiza necesar\u0103 pentru a r\u0103spunde nevoilor lor specifice de aplicare. Echipa noastr\u0103 de profesioni\u0219ti cu experien\u021b\u0103 v\u0103 poate ajuta s\u0103 proiecta\u021bi \u0219i s\u0103 crea\u021bi semnele perfecte pentru cerin\u021bele dvs. unice.<\/p>\n<p data-sourcepos=\"32:1-32:148\"><strong>Contacta\u021bi-ne ast\u0103zi<\/strong> pentru a afla mai multe despre panourile noastre de avertizare pentru exterior \u0219i despre modul \u00een care v\u0103 putem ajuta s\u0103 \u00eembun\u0103t\u0103\u021bi\u021bi siguran\u021ba \u0219i comunicarea \u00een mediul exterior.<\/p>","protected":false},"excerpt":{"rendered":"<p>Panourile de avertizare pentru exterior sunt panouri special concepute, amplasate \u00een medii exterioare pentru a comunica pericolele, a oferi instruc\u021biuni sau a transmite informa\u021bii importante. Aceste semne sunt esen\u021biale pentru men\u021binerea siguran\u021bei \u0219i a ordinii \u00een zonele \u00een care factorii de mediu \u0219i pericolele poten\u021biale prezint\u0103 riscuri pentru persoane sau bunuri.<\/p>","protected":false},"featured_media":1656,"template":"","meta":[],"product_brand":[],"product_cat":[15],"product_tag":[],"class_list":{"0":"post-1689","1":"product","2":"type-product","3":"status-publish","4":"has-post-thumbnail","6":"product_cat-print-label","8":"first","9":"instock","10":"shipping-taxable","11":"product-type-simple"},"_links":{"self":[{"href":"https:\/\/membraneswitchmfg.com\/ro\/wp-json\/wp\/v2\/product\/1689","targetHints":{"allow":["GET"]}}],"collection":[{"href":"https:\/\/membraneswitchmfg.com\/ro\/wp-json\/wp\/v2\/product"}],"about":[{"href":"https:\/\/membraneswitchmfg.com\/ro\/wp-json\/wp\/v2\/types\/product"}],"wp:featuredmedia":[{"embeddable":true,"href":"https:\/\/membraneswitchmfg.com\/ro\/wp-json\/wp\/v2\/media\/1656"}],"wp:attachment":[{"href":"https:\/\/membraneswitchmfg.com\/ro\/wp-json\/wp\/v2\/media?parent=1689"}],"wp:term":[{"taxonomy":"product_brand","embeddable":true,"href":"https:\/\/membraneswitchmfg.com\/ro\/wp-json\/wp\/v2\/product_brand?post=1689"},{"taxonomy":"product_cat","embeddable":true,"href":"https:\/\/membraneswitchmfg.com\/ro\/wp-json\/wp\/v2\/product_cat?post=1689"},{"taxonomy":"product_tag","embeddable":true,"href":"https:\/\/membraneswitchmfg.com\/ro\/wp-json\/wp\/v2\/product_tag?post=1689"}],"curies":[{"name":"wp","href":"https:\/\/api.w.org\/{rel}","templated":true}]}}