{"id":1691,"date":"2024-06-22T14:56:03","date_gmt":"2024-06-22T14:56:03","guid":{"rendered":"https:\/\/membraneswitchmfg.com\/manufacturer\/anti-counterfeiting-anti-theft-label\/"},"modified":"2024-06-26T00:51:33","modified_gmt":"2024-06-26T00:51:33","slug":"anti-counterfeiting-anti-theft-label","status":"publish","type":"product","link":"https:\/\/membraneswitchmfg.com\/ro\/manufacturer\/anti-counterfeiting-anti-theft-label\/","title":{"rendered":"Etichet\u0103 anti-contrafacere anti-furt"},"content":{"rendered":"<h2 class=\"\" data-sourcepos=\"1:1-1:76\">Etichete \u00eempotriva contrafacerii \u0219i furtului: Protejarea produselor \u0219i a m\u0103rcii dvs.<\/h2>\n<p data-sourcepos=\"3:1-3:90\">Proteja\u021bi-v\u0103 produsele \u0219i reputa\u021bia m\u0103rcii cu ajutorul etichetelor noastre inovatoare antifurt anticontrafacere. Aceste etichete avansate sunt concepute pentru a descuraja contrafacerea, a preveni furtul \u0219i a asigura autenticitatea produselor dvs., asigur\u00e2nd lini\u0219tea at\u00e2t pentru dvs., c\u00e2t \u0219i pentru clien\u021bii dvs.<\/p>\n<p data-sourcepos=\"5:1-5:31\"><strong>Caracteristici de securitate de neegalat<\/strong><\/p>\n<p data-sourcepos=\"7:1-7:110\">Etichetele noastre antifurt anticontrafacere \u00eencorporeaz\u0103 o varietate de caracteristici de securitate sofisticate, inclusiv:<\/p>\n<ul data-sourcepos=\"9:1-11:15\">\n<li data-sourcepos=\"9:1-9:85\"><strong>Modele unice de protec\u021bie \u00eempotriva falsific\u0103rii<\/strong> care se sparg sau dezv\u0103luie mesaje ascunse la \u00eendep\u0103rtare<\/li>\n<li data-sourcepos=\"10:1-10:66\"><strong>Microtext \u00eencorporat<\/strong> care este vizibil doar la m\u0103rire<\/li>\n<li data-sourcepos=\"11:1-11:15\"><strong>Imagini holografice<\/strong> care nu pot fi reproduse<\/li>\n<li data-sourcepos=\"12:1-13:0\"><strong>Cerneluri specializate<\/strong> care reac\u021bioneaz\u0103 la anumite substan\u021be chimice sau solven\u021bi<\/li>\n<\/ul>\n<p data-sourcepos=\"14:1-14:152\">Aceste caracteristici fac practic imposibil\u0103 reproducerea etichetelor dvs. de c\u0103tre falsificatori, protej\u00e2nd produsele \u0219i marca dvs. \u00eempotriva imita\u021biei neautorizate.<\/p>\n<p data-sourcepos=\"16:1-16:49\"><strong>Aplica\u021bii versatile pentru protec\u021bia produselor<\/strong><\/p>\n<p data-sourcepos=\"18:1-18:99\">Etichetele noastre antifurt anticontrafacere sunt potrivite pentru o gam\u0103 larg\u0103 de aplica\u021bii, inclusiv:<\/p>\n<ul data-sourcepos=\"20:1-23:1\">\n<li data-sourcepos=\"20:1-20:45\"><strong>Produse farmaceutice \u0219i medicale<\/strong><\/li>\n<li data-sourcepos=\"21:1-21:36\"><strong>Electronic\u0103 \u0219i bunuri de consum<\/strong><\/li>\n<li data-sourcepos=\"22:1-22:32\"><strong>Articole de lux \u0219i cosmetice<\/strong><\/li>\n<li data-sourcepos=\"23:1-23:1\"><strong>Componente \u0219i utilaje industriale<\/strong><\/li>\n<li data-sourcepos=\"24:1-25:0\"><strong>Software \u0219i produse digitale<\/strong><\/li>\n<\/ul>\n<p data-sourcepos=\"26:1-26:166\">Prin aplicarea etichetelor noastre pe produsele dvs., pute\u021bi descuraja contrafacerea, pute\u021bi preveni furtul \u0219i v\u0103 pute\u021bi asigura c\u0103 clien\u021bii dvs. primesc produse autentice din surse autorizate.<\/p>\n<p data-sourcepos=\"28:1-28:89\"><strong>Parteneri cu furnizorii de imprimante de coduri de bare cu etichet\u0103 din China pentru calitate superioar\u0103 \u0219i expertiz\u0103<\/strong><\/p>\n<p data-sourcepos=\"30:1-30:362\">La China Label Barcode Printer Suppliers, ne angaj\u0103m s\u0103 oferim clien\u021bilor no\u0219tri etichete antifurt de cea mai \u00eenalt\u0103 calitate \u0219i expertiza necesar\u0103 pentru a r\u0103spunde nevoilor lor specifice de aplicare. Echipa noastr\u0103 de profesioni\u0219ti cu experien\u021b\u0103 v\u0103 poate ajuta s\u0103 selecta\u021bi materialul potrivit pentru etichete, caracteristicile de securitate \u0219i op\u021biunile de imprimare pentru cerin\u021bele dumneavoastr\u0103 unice.<\/p>\n<p data-sourcepos=\"32:1-32:169\"><strong>Contacta\u021bi-ne ast\u0103zi<\/strong> pentru a afla mai multe despre etichetele noastre anticontrafacere \u0219i antifurt \u0219i despre modul \u00een care v\u0103 putem ajuta s\u0103 v\u0103 proteja\u021bi produsele \u0219i marca de contrafacere \u0219i furt.<\/p>\n<p data-sourcepos=\"34:1-34:80\"><strong>Cuvinte cheie suplimentare:<\/strong> etichete de imprimant\u0103, companie de imprimare a etichetelor anti-contrafacere<\/p>","protected":false},"excerpt":{"rendered":"<p>Etichetele anticontrafacere \u0219i antifurt sunt etichete \u0219i marcaje de securitate specializate, concepute pentru a proteja produsele \u0219i bunurile \u00eempotriva reproducerii neautorizate, furtului \u0219i alter\u0103rii. Aceste etichete \u00eencorporeaz\u0103 tehnologii avansate de verificare a autenticit\u0103\u021bii, de prevenire a contrafacerii \u0219i de descurajare a furtului, asigur\u00e2nd integritatea \u0219i securitatea bunurilor \u00een diverse industrii.<\/p>","protected":false},"featured_media":1652,"template":"","meta":[],"product_brand":[],"product_cat":[15],"product_tag":[],"class_list":{"0":"post-1691","1":"product","2":"type-product","3":"status-publish","4":"has-post-thumbnail","6":"product_cat-print-label","8":"first","9":"instock","10":"shipping-taxable","11":"product-type-simple"},"_links":{"self":[{"href":"https:\/\/membraneswitchmfg.com\/ro\/wp-json\/wp\/v2\/product\/1691","targetHints":{"allow":["GET"]}}],"collection":[{"href":"https:\/\/membraneswitchmfg.com\/ro\/wp-json\/wp\/v2\/product"}],"about":[{"href":"https:\/\/membraneswitchmfg.com\/ro\/wp-json\/wp\/v2\/types\/product"}],"wp:featuredmedia":[{"embeddable":true,"href":"https:\/\/membraneswitchmfg.com\/ro\/wp-json\/wp\/v2\/media\/1652"}],"wp:attachment":[{"href":"https:\/\/membraneswitchmfg.com\/ro\/wp-json\/wp\/v2\/media?parent=1691"}],"wp:term":[{"taxonomy":"product_brand","embeddable":true,"href":"https:\/\/membraneswitchmfg.com\/ro\/wp-json\/wp\/v2\/product_brand?post=1691"},{"taxonomy":"product_cat","embeddable":true,"href":"https:\/\/membraneswitchmfg.com\/ro\/wp-json\/wp\/v2\/product_cat?post=1691"},{"taxonomy":"product_tag","embeddable":true,"href":"https:\/\/membraneswitchmfg.com\/ro\/wp-json\/wp\/v2\/product_tag?post=1691"}],"curies":[{"name":"wp","href":"https:\/\/api.w.org\/{rel}","templated":true}]}}