{"id":1693,"date":"2024-06-22T14:56:03","date_gmt":"2024-06-22T14:56:03","guid":{"rendered":"https:\/\/membraneswitchmfg.com\/manufacturer\/removable-non-residual-electrostatic-film-label\/"},"modified":"2024-06-25T14:49:18","modified_gmt":"2024-06-25T14:49:18","slug":"removable-non-residual-electrostatic-film-label","status":"publish","type":"product","link":"https:\/\/membraneswitchmfg.com\/ro\/manufacturer\/removable-non-residual-electrostatic-film-label\/","title":{"rendered":"Etichet\u0103 deta\u0219abil\u0103 non-rezidual\u0103 cu film electrostatic"},"content":{"rendered":"<h2 class=\"\" data-sourcepos=\"3:1-3:94\">Etichete deta\u0219abile non-reziduale cu film electrostatic: Solu\u021bii de etichetare versatile \u0219i reutilizabile<\/h2>\n<p data-sourcepos=\"5:1-5:318\">\u00cembr\u0103\u021bi\u0219a\u021bi confortul etichet\u0103rii reutilizabile cu etichetele noastre electrostatice deta\u0219abile nereziduale. Aceste etichete versatile ofer\u0103 o solu\u021bie f\u0103r\u0103 probleme pentru semnalizarea temporar\u0103, identificarea produselor \u0219i mesajele promo\u021bionale, ader\u00e2nd sigur la o gam\u0103 larg\u0103 de suprafe\u021be f\u0103r\u0103 a l\u0103sa \u00een urm\u0103 reziduuri lipicioase.<\/p>\n<p data-sourcepos=\"7:1-7:52\"><strong>Versatilitate de neegalat pentru aplica\u021bii temporare<\/strong><\/p>\n<p data-sourcepos=\"9:1-9:162\">Etichetele noastre electrostatice deta\u0219abile nereziduale sunt ideale pentru aplica\u021bii \u00een care etichetele trebuie \u00eendep\u0103rtate \u0219i repozi\u021bionate frecvent. Acestea sunt perfecte pentru:<\/p>\n<ul data-sourcepos=\"11:1-16:0\">\n<li data-sourcepos=\"11:1-11:36\"><strong>Semnalizare comercial\u0103 \u0219i promo\u021bional\u0103<\/strong><\/li>\n<li data-sourcepos=\"12:1-12:38\"><strong>Etichetarea depozitului \u0219i a inventarului<\/strong><\/li>\n<li data-sourcepos=\"13:1-13:40\"><strong>Semnalizare temporar\u0103 pentru birouri \u0219i evenimente<\/strong><\/li>\n<li data-sourcepos=\"14:1-14:41\"><strong>Etichetarea \u0219i identificarea produselor<\/strong><\/li>\n<li data-sourcepos=\"15:1-16:0\"><strong>Semnalizare educa\u021bional\u0103 \u0219i instructiv\u0103<\/strong><\/li>\n<\/ul>\n<p data-sourcepos=\"17:1-17:29\"><strong>Reutilizabil \u0219i f\u0103r\u0103 reziduuri<\/strong><\/p>\n<p data-sourcepos=\"19:1-19:284\">Fabricate din folie electrostatic\u0103 de \u00eenalt\u0103 calitate, aceste etichete ader\u0103 \u00een siguran\u021b\u0103 la suprafe\u021bele netede f\u0103r\u0103 a fi nevoie de adezivi. Ele pot fi u\u0219or \u00eendep\u0103rtate \u0219i repozi\u021bionate f\u0103r\u0103 a l\u0103sa \u00een urm\u0103 reziduuri lipicioase, ceea ce le face o alegere de etichetare durabil\u0103 \u0219i ecologic\u0103.<\/p>\n<p data-sourcepos=\"21:1-21:2\"><strong>Compatibil cu o gam\u0103 larg\u0103 de imprimante<\/strong><\/p>\n<p data-sourcepos=\"23:1-23:243\">Etichetele noastre electrostatice deta\u0219abile nereziduale sunt compatibile cu o gam\u0103 larg\u0103 de imprimante cu jet de cerneal\u0103 \u0219i laser, permi\u021b\u00e2ndu-v\u0103 s\u0103 crea\u021bi etichete personalizate \u00een cadrul companiei. Acestea sunt disponibile \u00eentr-o varietate de dimensiuni \u0219i forme pentru a se potrivi nevoilor dumneavoastr\u0103 specifice.<\/p>\n<p data-sourcepos=\"25:1-25:89\"><strong>Parteneri cu furnizorii de imprimante de coduri de bare cu etichet\u0103 din China pentru calitate superioar\u0103 \u0219i expertiz\u0103<\/strong><\/p>\n<p data-sourcepos=\"27:1-27:360\">La China Label Barcode Printer Suppliers, ne angaj\u0103m s\u0103 oferim clien\u021bilor no\u0219tri cea mai \u00eenalt\u0103 calitate a etichetelor electrostatice deta\u0219abile nereziduale \u0219i expertiza necesar\u0103 pentru a r\u0103spunde nevoilor lor specifice de aplicare. Echipa noastr\u0103 de profesioni\u0219ti cu experien\u021b\u0103 v\u0103 poate ajuta s\u0103 selecta\u021bi materialul de etichet\u0103, dimensiunea \u0219i op\u021biunile de imprimare potrivite pentru cerin\u021bele dumneavoastr\u0103 unice.<\/p>\n<p data-sourcepos=\"29:1-29:170\"><strong>Contacta\u021bi-ne ast\u0103zi<\/strong> pentru a afla mai multe despre etichetele noastre electrostatice deta\u0219abile nereziduale \u0219i despre modul \u00een care v\u0103 putem ajuta s\u0103 v\u0103 eficientiza\u021bi procesele de etichetare \u0219i s\u0103 reduce\u021bi de\u0219eurile.<\/p>","protected":false},"excerpt":{"rendered":"<p>Etichetele electrostatice deta\u0219abile nereziduale sunt un tip de etichet\u0103 care ader\u0103 la suprafe\u021be prin electricitate static\u0103, mai degrab\u0103 dec\u00e2t prin adeziv. Aceast\u0103 caracteristic\u0103 unic\u0103 le permite s\u0103 fie aplicate \u0219i \u00eendep\u0103rtate cu u\u0219urin\u021b\u0103, f\u0103r\u0103 a l\u0103sa reziduuri lipicioase sau deterior\u0103ri.<\/p>","protected":false},"featured_media":1658,"template":"","meta":[],"product_brand":[],"product_cat":[15],"product_tag":[],"class_list":{"0":"post-1693","1":"product","2":"type-product","3":"status-publish","4":"has-post-thumbnail","6":"product_cat-print-label","8":"first","9":"instock","10":"shipping-taxable","11":"product-type-simple"},"_links":{"self":[{"href":"https:\/\/membraneswitchmfg.com\/ro\/wp-json\/wp\/v2\/product\/1693","targetHints":{"allow":["GET"]}}],"collection":[{"href":"https:\/\/membraneswitchmfg.com\/ro\/wp-json\/wp\/v2\/product"}],"about":[{"href":"https:\/\/membraneswitchmfg.com\/ro\/wp-json\/wp\/v2\/types\/product"}],"wp:featuredmedia":[{"embeddable":true,"href":"https:\/\/membraneswitchmfg.com\/ro\/wp-json\/wp\/v2\/media\/1658"}],"wp:attachment":[{"href":"https:\/\/membraneswitchmfg.com\/ro\/wp-json\/wp\/v2\/media?parent=1693"}],"wp:term":[{"taxonomy":"product_brand","embeddable":true,"href":"https:\/\/membraneswitchmfg.com\/ro\/wp-json\/wp\/v2\/product_brand?post=1693"},{"taxonomy":"product_cat","embeddable":true,"href":"https:\/\/membraneswitchmfg.com\/ro\/wp-json\/wp\/v2\/product_cat?post=1693"},{"taxonomy":"product_tag","embeddable":true,"href":"https:\/\/membraneswitchmfg.com\/ro\/wp-json\/wp\/v2\/product_tag?post=1693"}],"curies":[{"name":"wp","href":"https:\/\/api.w.org\/{rel}","templated":true}]}}