{"id":1694,"date":"2024-06-22T14:56:04","date_gmt":"2024-06-22T14:56:04","guid":{"rendered":"https:\/\/membraneswitchmfg.com\/manufacturer\/listing-card-product-manual\/"},"modified":"2024-06-25T14:40:27","modified_gmt":"2024-06-25T14:40:27","slug":"listing-card-product-manual","status":"publish","type":"product","link":"https:\/\/membraneswitchmfg.com\/ro\/manufacturer\/listing-card-product-manual\/","title":{"rendered":"Card de listare \u0219i manual de produs"},"content":{"rendered":"<h2 class=\"\" data-sourcepos=\"1:1-1:87\">Carduri de listare \u0219i manuale de produse: \u00cembun\u0103t\u0103\u021birea prezent\u0103rii produselor \u0219i a identit\u0103\u021bii de marc\u0103<\/h2>\n<p data-sourcepos=\"3:1-3:108\">\u00cembun\u0103t\u0103\u021bi\u021bi prezentarea produselor \u0219i identitatea m\u0103rcii dvs. cu cardurile noastre de listare \u0219i manualele de produse de \u00eenalt\u0103 calitate. Aceste instrumente esen\u021biale ofer\u0103 informa\u021bii valoroase clien\u021bilor, \u00eembun\u0103t\u0103\u021bind experien\u021ba lor de cump\u0103rare \u0219i promov\u00e2nd loialitatea fa\u021b\u0103 de marc\u0103.<\/p>\n<p data-sourcepos=\"5:1-5:56\"><strong>Carduri de listare: Informa\u021bii clare \u0219i concise despre produse<\/strong><\/p>\n<p data-sourcepos=\"7:1-7:21\">Cardurile de listare ofer\u0103 o prezentare concis\u0103 \u0219i informativ\u0103 a produselor dvs., oferind detalii esen\u021biale dintr-o singur\u0103 privire. Acestea sunt ideale pentru:<\/p>\n<ul data-sourcepos=\"9:1-12:0\">\n<li data-sourcepos=\"9:1-9:64\"><strong>Afi\u0219area denumirilor, descrierilor \u0219i specifica\u021biilor produselor<\/strong><\/li>\n<li data-sourcepos=\"10:1-10:44\"><strong>Eviden\u021bierea principalelor caracteristici \u0219i beneficii<\/strong><\/li>\n<li data-sourcepos=\"11:1-12:0\"><strong>Prezentarea imaginilor produselor \u0219i a brandingului<\/strong><\/li>\n<\/ul>\n<p data-sourcepos=\"13:1-13:48\"><strong>Manuale de produse: Ghid cuprinz\u0103tor pentru utilizatori<\/strong><\/p>\n<p data-sourcepos=\"15:1-15:23\">Manualele de produs ofer\u0103 instruc\u021biuni \u0219i \u00eendrum\u0103ri complete pentru produsele dvs., asigur\u00e2nd satisfac\u021bia clien\u021bilor \u0219i reduc\u00e2nd costurile de asisten\u021b\u0103. Acestea includ:<\/p>\n<ul data-sourcepos=\"17:1-21:0\">\n<li data-sourcepos=\"17:1-17:50\"><strong>Instruc\u021biuni detaliate de instalare \u0219i configurare<\/strong><\/li>\n<li data-sourcepos=\"18:1-18:39\"><strong>Proceduri de operare pas cu pas<\/strong><\/li>\n<li data-sourcepos=\"19:1-19:35\"><strong>Sfaturi pentru depanare \u0219i \u00eentreb\u0103ri frecvente<\/strong><\/li>\n<li data-sourcepos=\"20:1-21:0\"><strong>Avertismente \u0219i precau\u021bii de siguran\u021b\u0103<\/strong><\/li>\n<\/ul>\n<p data-sourcepos=\"22:1-22:89\"><strong>Parteneri cu furnizorii de imprimante de coduri de bare cu etichet\u0103 din China pentru calitate superioar\u0103 \u0219i expertiz\u0103<\/strong><\/p>\n<p data-sourcepos=\"24:1-24:316\">La China Label Barcode Printer Suppliers, ne angaj\u0103m s\u0103 oferim clien\u021bilor no\u0219tri carduri de listare \u0219i manuale de produse de cea mai \u00eenalt\u0103 calitate. Echipa noastr\u0103 de profesioni\u0219ti cu experien\u021b\u0103 v\u0103 poate ajuta s\u0103 proiecta\u021bi \u0219i s\u0103 crea\u021bi materiale personalizate care s\u0103 se alinieze cu identitatea m\u0103rcii dvs. \u0219i s\u0103 comunice \u00een mod eficient informa\u021biile despre produs.<\/p>\n<p data-sourcepos=\"26:1-26:62\"><strong>Contacta\u021bi-ne ast\u0103zi<\/strong> pentru a afla mai multe despre cardurile noastre de listare \u0219i manualele de produse \u0219i despre modul \u00een care v\u0103 putem ajuta s\u0103 v\u0103 \u00eembun\u0103t\u0103\u021bi\u021bi prezentarea produselor, s\u0103 \u00eembun\u0103t\u0103\u021bi\u021bi experien\u021ba clien\u021bilor \u0219i s\u0103 v\u0103 consolida\u021bi marca.<\/p>\n<p data-sourcepos=\"28:1-28:150\"><strong>Cuvinte cheie suplimentare:<\/strong> etichete pentru imprimanta de carduri sd, imprimanta de etichete pentru carduri de identitate, imprimanta de etichete pentru carduri, imprimarea etichetelor pentru felicit\u0103ri de Cr\u0103ciun, etichete de carton imprimate<\/p>","protected":false},"excerpt":{"rendered":"<p>O fi\u0219\u0103 de listare sau un manual de produs este un document care ofer\u0103 informa\u021bii detaliate despre un produs sau serviciu. Acesta este utilizat de obicei de \u00eentreprinderi pentru a informa clien\u021bii cu privire la caracteristicile, beneficiile \u0219i specifica\u021biile produselor lor.<\/p>","protected":false},"featured_media":1657,"template":"","meta":[],"product_brand":[],"product_cat":[15],"product_tag":[],"class_list":{"0":"post-1694","1":"product","2":"type-product","3":"status-publish","4":"has-post-thumbnail","6":"product_cat-print-label","8":"first","9":"instock","10":"shipping-taxable","11":"product-type-simple"},"_links":{"self":[{"href":"https:\/\/membraneswitchmfg.com\/ro\/wp-json\/wp\/v2\/product\/1694","targetHints":{"allow":["GET"]}}],"collection":[{"href":"https:\/\/membraneswitchmfg.com\/ro\/wp-json\/wp\/v2\/product"}],"about":[{"href":"https:\/\/membraneswitchmfg.com\/ro\/wp-json\/wp\/v2\/types\/product"}],"wp:featuredmedia":[{"embeddable":true,"href":"https:\/\/membraneswitchmfg.com\/ro\/wp-json\/wp\/v2\/media\/1657"}],"wp:attachment":[{"href":"https:\/\/membraneswitchmfg.com\/ro\/wp-json\/wp\/v2\/media?parent=1694"}],"wp:term":[{"taxonomy":"product_brand","embeddable":true,"href":"https:\/\/membraneswitchmfg.com\/ro\/wp-json\/wp\/v2\/product_brand?post=1694"},{"taxonomy":"product_cat","embeddable":true,"href":"https:\/\/membraneswitchmfg.com\/ro\/wp-json\/wp\/v2\/product_cat?post=1694"},{"taxonomy":"product_tag","embeddable":true,"href":"https:\/\/membraneswitchmfg.com\/ro\/wp-json\/wp\/v2\/product_tag?post=1694"}],"curies":[{"name":"wp","href":"https:\/\/api.w.org\/{rel}","templated":true}]}}