{"id":1772,"date":"2024-06-24T05:57:57","date_gmt":"2024-06-24T05:57:57","guid":{"rendered":"https:\/\/membraneswitchmfg.com\/manufacturer\/high-life-membrane-switches-with-5-million-times\/"},"modified":"2024-06-25T13:24:08","modified_gmt":"2024-06-25T13:24:08","slug":"high-life-membrane-switches-with-5-million-times","status":"publish","type":"product","link":"https:\/\/membraneswitchmfg.com\/ro\/manufacturer\/high-life-membrane-switches-with-5-million-times\/","title":{"rendered":"Comutatoare cu membran\u0103 cu durat\u0103 mare de via\u021b\u0103, cu 5 milioane de ori"},"content":{"rendered":"<h2><strong><b>Comutatoare cu membran\u0103 cu durat\u0103 de via\u021b\u0103 de 5 milioane de ori<\/b><\/strong><\/h2>\n<p><strong>Durabilitate \u0219i fiabilitate de neegalat<\/strong><\/p>\n<p>Comutatoarele noastre cu membran\u0103 cu durat\u0103 mare de via\u021b\u0103 sunt construite pentru a rezista, oferind:<\/p>\n<ul>\n<li><strong>Construc\u021bie robust\u0103 cu materiale premium<\/strong><\/li>\n<li><strong>Componente proiectate cu precizie pentru performan\u021be constante<\/strong><\/li>\n<li><strong>Teste riguroase pentru a asigura fiabilitatea pe termen lung<\/strong><\/li>\n<\/ul>\n<p><strong>Experimenta\u021bi diferen\u021ba<\/strong><\/p>\n<p>Cu comutatoarele noastre cu membran\u0103 cu durat\u0103 mare de via\u021b\u0103, v\u0103 pute\u021bi a\u0219tepta la:<\/p>\n<ul>\n<li><strong>Reducerea costurilor de \u00eentre\u021binere \u0219i a timpilor mor\u021bi<\/strong><\/li>\n<li><strong>Cre\u0219terea satisfac\u021biei utilizatorilor \u0219i a reputa\u021biei produselor<\/strong><\/li>\n<li><strong>Pacea min\u021bii, \u0219tiind c\u0103 produsul dvs. va func\u021biona mul\u021bi ani de acum \u00eenainte<\/strong><\/li>\n<\/ul>\n<p><strong>Aplica\u021bii<\/strong><\/p>\n<p>Comutatoarele noastre cu membran\u0103 cu durat\u0103 mare de via\u021b\u0103 sunt potrivite pentru o gam\u0103 larg\u0103 de aplica\u021bii, inclusiv:<\/p>\n<ul>\n<li><strong>Panouri de comand\u0103 industriale<\/strong><\/li>\n<li><strong>Dispozitive medicale<\/strong><\/li>\n<li><strong>Electronice de consum<\/strong><\/li>\n<li><strong>Echipamente de transport<\/strong><\/li>\n<li><strong>\u0218i multe altele<\/strong><\/li>\n<\/ul>\n<p><strong>Solu\u021bii personalizabile<\/strong><\/p>\n<p>Oferim o gam\u0103 larg\u0103 de op\u021biuni de personalizare pentru a v\u0103 satisface nevoile specifice, inclusiv:<\/p>\n<ul>\n<li><strong>Varietate de dimensiuni \u0219i configura\u021bii ale comutatoarelor<\/strong><\/li>\n<li><strong>Grafic\u0103 personalizat\u0103 \u0219i iluminare din spate<\/strong><\/li>\n<li><strong>Op\u021biuni de feedback tactil<\/strong><\/li>\n<li><strong>Etan\u0219area \u0219i protec\u021bia mediului<\/strong><\/li>\n<\/ul>\n<p><strong>Parteneriat cu un produc\u0103tor experimentat de comutatoare cu membran\u0103<\/strong><\/p>\n<p>Cu ani de experien\u021b\u0103 \u0219i un angajament fa\u021b\u0103 de calitate, suntem sursa dvs. de \u00eencredere pentru comutatoare cu membran\u0103 cu durat\u0103 mare de via\u021b\u0103. Echipa noastr\u0103 de exper\u021bi v\u0103 poate ajuta s\u0103 proiecta\u021bi \u0219i s\u0103 fabrica\u021bi comutatoarele perfecte pentru aplica\u021bia dumneavoastr\u0103.<\/p>\n<p><strong>Contacta\u021bi-ne ast\u0103zi<\/strong>\u00a0pentru a afla mai multe despre comutatoarele noastre cu membran\u0103 cu durat\u0103 de via\u021b\u0103 ridicat\u0103 \u0219i despre modul \u00een care v\u0103 putem ajuta s\u0103 cre\u0219te\u021bi performan\u021ba \u0219i fiabilitatea produsului dumneavoastr\u0103.<\/p>","protected":false},"excerpt":{"rendered":"<p>\u00cembun\u0103t\u0103\u021bi\u021bi performan\u021ba produsului dvs. \u0219i experien\u021ba utilizatorului cu comutatoarele noastre cu membran\u0103 cu durat\u0103 mare de via\u021b\u0103, proiectate s\u0103 reziste la p\u00e2n\u0103 la 5 milioane de ac\u021bion\u0103ri. Aceste comutatoare durabile ofer\u0103 fiabilitate excep\u021bional\u0103 \u0219i performan\u021b\u0103 de lung\u0103 durat\u0103, fiind ideale pentru aplica\u021bii solicitante.<\/p>","protected":false},"featured_media":1761,"template":"","meta":[],"product_brand":[],"product_cat":[40],"product_tag":[],"class_list":{"0":"post-1772","1":"product","2":"type-product","3":"status-publish","4":"has-post-thumbnail","6":"product_cat-membrane-switch","8":"first","9":"instock","10":"shipping-taxable","11":"product-type-simple"},"_links":{"self":[{"href":"https:\/\/membraneswitchmfg.com\/ro\/wp-json\/wp\/v2\/product\/1772","targetHints":{"allow":["GET"]}}],"collection":[{"href":"https:\/\/membraneswitchmfg.com\/ro\/wp-json\/wp\/v2\/product"}],"about":[{"href":"https:\/\/membraneswitchmfg.com\/ro\/wp-json\/wp\/v2\/types\/product"}],"wp:featuredmedia":[{"embeddable":true,"href":"https:\/\/membraneswitchmfg.com\/ro\/wp-json\/wp\/v2\/media\/1761"}],"wp:attachment":[{"href":"https:\/\/membraneswitchmfg.com\/ro\/wp-json\/wp\/v2\/media?parent=1772"}],"wp:term":[{"taxonomy":"product_brand","embeddable":true,"href":"https:\/\/membraneswitchmfg.com\/ro\/wp-json\/wp\/v2\/product_brand?post=1772"},{"taxonomy":"product_cat","embeddable":true,"href":"https:\/\/membraneswitchmfg.com\/ro\/wp-json\/wp\/v2\/product_cat?post=1772"},{"taxonomy":"product_tag","embeddable":true,"href":"https:\/\/membraneswitchmfg.com\/ro\/wp-json\/wp\/v2\/product_tag?post=1772"}],"curies":[{"name":"wp","href":"https:\/\/api.w.org\/{rel}","templated":true}]}}