{"id":1773,"date":"2024-06-24T05:57:57","date_gmt":"2024-06-24T05:57:57","guid":{"rendered":"https:\/\/membraneswitchmfg.com\/manufacturer\/silver-flex-membrane-switch\/"},"modified":"2024-06-25T13:26:16","modified_gmt":"2024-06-25T13:26:16","slug":"silver-flex-membrane-switch","status":"publish","type":"product","link":"https:\/\/membraneswitchmfg.com\/ro\/manufacturer\/silver-flex-membrane-switch\/","title":{"rendered":"Comutator cu membran\u0103 flexibil\u0103 argintie"},"content":{"rendered":"<h2><strong><b>\u00centrerup\u0103toare cu membran\u0103 Silver Flex: Solu\u021bii fiabile \u0219i eficiente din punct de vedere al costurilor<\/b><\/strong><\/h2>\n<p><strong>Versatilitate \u0219i performan\u021b\u0103 de neegalat<\/strong><\/p>\n<p>\u00centrerup\u0103toarele cu membran\u0103 Silver Flex sunt renumite pentru:<\/p>\n<ul>\n<li><strong>Design sub\u021bire \u0219i flexibil pentru o integrare u\u0219oar\u0103<\/strong><\/li>\n<li><strong>Feedback tactil pentru \u00eembun\u0103t\u0103\u021birea experien\u021bei utilizatorului<\/strong><\/li>\n<li><strong>Durat\u0103 lung\u0103 de via\u021b\u0103 cu milioane de ac\u021bion\u0103ri<\/strong><\/li>\n<li><strong>Rezisten\u021b\u0103 la umiditate, praf \u0219i medii dificile<\/strong><\/li>\n<\/ul>\n<p><strong>Solu\u021bii rentabile pentru nevoile dumneavoastr\u0103<\/strong><\/p>\n<p>\u00centrerup\u0103toarele cu membran\u0103 Silver Flex ofer\u0103 o solu\u021bie rentabil\u0103 f\u0103r\u0103 a compromite calitatea. Acestea sunt ideale pentru aplica\u021bii \u00een care:<\/p>\n<ul>\n<li><strong>Bugetul este o preocupare principal\u0103<\/strong><\/li>\n<li><strong>Sunt necesare cantit\u0103\u021bi mari<\/strong><\/li>\n<li><strong>Constr\u00e2ngerile de spa\u021biu sunt un factor<\/strong><\/li>\n<\/ul>\n<p><strong>Aplica\u021bii<\/strong><\/p>\n<p>\u00centrerup\u0103toarele cu membran\u0103 Silver Flex sunt utilizate pe scar\u0103 larg\u0103 \u00een diverse industrii, inclusiv:<\/p>\n<ul>\n<li><strong>Electronice de consum<\/strong><\/li>\n<li><strong>Dispozitive medicale<\/strong><\/li>\n<li><strong>Panouri de comand\u0103 industriale<\/strong><\/li>\n<li><strong>Aparate electrocasnice<\/strong><\/li>\n<li><strong>\u0218i multe altele<\/strong><\/li>\n<\/ul>\n<p><strong>Op\u021biuni personalizabile<\/strong><\/p>\n<p>Oferim o gam\u0103 larg\u0103 de op\u021biuni de personalizare pentru a v\u0103 satisface nevoile specifice, inclusiv:<\/p>\n<ul>\n<li><strong>Varietate de dimensiuni \u0219i configura\u021bii ale comutatoarelor<\/strong><\/li>\n<li><strong>Grafic\u0103 personalizat\u0103 \u0219i iluminare din spate<\/strong><\/li>\n<li><strong>Op\u021biuni de feedback tactil<\/strong><\/li>\n<li><strong>Etan\u0219area \u0219i protec\u021bia mediului<\/strong><\/li>\n<\/ul>\n<p><strong>Parteneriat cu un furnizor de \u00eencredere de \u00eentrerup\u0103toare cu membran\u0103 impermeabil\u0103<\/strong><\/p>\n<p>Cu ani de experien\u021b\u0103 \u0219i un angajament fa\u021b\u0103 de calitate, suntem furnizorul dvs. de \u00eencredere de comutatoare cu membran\u0103 flexibil\u0103 argintie. Echipa noastr\u0103 de exper\u021bi v\u0103 poate ajuta s\u0103 proiecta\u021bi \u0219i s\u0103 fabrica\u021bi comutatoarele perfecte pentru aplica\u021bia dumneavoastr\u0103.<\/p>\n<p><strong>Contacta\u021bi-ne ast\u0103zi<\/strong>\u00a0pentru a afla mai multe despre comutatoarele noastre cu membran\u0103 Silver Flex \u0219i despre modul \u00een care v\u0103 putem ajuta s\u0103 v\u0103 atinge\u021bi obiectivele de produs, respect\u00e2nd \u00een acela\u0219i timp bugetul.<\/p>","protected":false},"excerpt":{"rendered":"<p>Experimenta\u021bi echilibrul perfect de performan\u021b\u0103 \u0219i accesibilitate cu comutatoarele noastre cu membran\u0103 Silver Flex. Aceste comutatoare versatile ofer\u0103 o senza\u021bie tactil\u0103, receptiv\u0103 \u0219i durabilitate \u00eendelungat\u0103, ceea ce le face alegerea ideal\u0103 pentru o gam\u0103 larg\u0103 de aplica\u021bii.<\/p>","protected":false},"featured_media":1759,"template":"","meta":[],"product_brand":[],"product_cat":[40],"product_tag":[],"class_list":{"0":"post-1773","1":"product","2":"type-product","3":"status-publish","4":"has-post-thumbnail","6":"product_cat-membrane-switch","8":"first","9":"instock","10":"shipping-taxable","11":"product-type-simple"},"_links":{"self":[{"href":"https:\/\/membraneswitchmfg.com\/ro\/wp-json\/wp\/v2\/product\/1773","targetHints":{"allow":["GET"]}}],"collection":[{"href":"https:\/\/membraneswitchmfg.com\/ro\/wp-json\/wp\/v2\/product"}],"about":[{"href":"https:\/\/membraneswitchmfg.com\/ro\/wp-json\/wp\/v2\/types\/product"}],"wp:featuredmedia":[{"embeddable":true,"href":"https:\/\/membraneswitchmfg.com\/ro\/wp-json\/wp\/v2\/media\/1759"}],"wp:attachment":[{"href":"https:\/\/membraneswitchmfg.com\/ro\/wp-json\/wp\/v2\/media?parent=1773"}],"wp:term":[{"taxonomy":"product_brand","embeddable":true,"href":"https:\/\/membraneswitchmfg.com\/ro\/wp-json\/wp\/v2\/product_brand?post=1773"},{"taxonomy":"product_cat","embeddable":true,"href":"https:\/\/membraneswitchmfg.com\/ro\/wp-json\/wp\/v2\/product_cat?post=1773"},{"taxonomy":"product_tag","embeddable":true,"href":"https:\/\/membraneswitchmfg.com\/ro\/wp-json\/wp\/v2\/product_tag?post=1773"}],"curies":[{"name":"wp","href":"https:\/\/api.w.org\/{rel}","templated":true}]}}