{"id":1775,"date":"2024-06-24T05:57:57","date_gmt":"2024-06-24T05:57:57","guid":{"rendered":"https:\/\/membraneswitchmfg.com\/manufacturer\/pcb-membrane-switch\/"},"modified":"2024-06-25T11:50:52","modified_gmt":"2024-06-25T11:50:52","slug":"pcb-membrane-switch","status":"publish","type":"product","link":"https:\/\/membraneswitchmfg.com\/ro\/manufacturer\/pcb-membrane-switch\/","title":{"rendered":"Comutator cu membran\u0103 PCB"},"content":{"rendered":"<h2><strong><b>Comutator cu membran\u0103 PCB: O fuziune de performan\u021b\u0103 \u0219i versatilitate<\/b><\/strong><\/h2>\n<p><strong>Performan\u021b\u0103 \u0219i versatilitate de neegalat<\/strong><\/p>\n<p>\u00centrerup\u0103toarele cu membran\u0103 PCB sunt renumite pentru:<\/p>\n<ul>\n<li><strong>Design sub\u021bire \u0219i u\u0219or pentru o integrare u\u0219oar\u0103<\/strong><\/li>\n<li><strong>Feedback tactil pentru \u00eembun\u0103t\u0103\u021birea interac\u021biunii cu utilizatorul<\/strong><\/li>\n<li><strong>Durat\u0103 lung\u0103 de via\u021b\u0103 cu milioane de ac\u021bion\u0103ri<\/strong><\/li>\n<li><strong>Rezisten\u021b\u0103 la umiditate, praf \u0219i medii dificile<\/strong><\/li>\n<li><strong>Integrare perfect\u0103 cu PCB-uri pentru func\u021bionalit\u0103\u021bi avansate<\/strong><\/li>\n<\/ul>\n<p><strong>Solu\u021bii rentabile pentru nevoile dumneavoastr\u0103<\/strong><\/p>\n<p>\u00centrerup\u0103toarele cu membran\u0103 PCB ofer\u0103 un echilibru \u00eentre performan\u021b\u0103 \u0219i accesibilitate, f\u0103c\u00e2ndu-le ideale pentru aplica\u021bii \u00een care:<\/p>\n<ul>\n<li><strong>Bugetul este o preocupare principal\u0103<\/strong><\/li>\n<li><strong>Sunt necesare cantit\u0103\u021bi mari<\/strong><\/li>\n<li><strong>Constr\u00e2ngerile de spa\u021biu sunt un factor<\/strong><\/li>\n<li><strong>Sunt necesare func\u021bionalit\u0103\u021bi avansate<\/strong><\/li>\n<\/ul>\n<p><strong>Aplica\u021bii<\/strong><\/p>\n<p>\u00centrerup\u0103toarele cu membran\u0103 PCB sunt utilizate pe scar\u0103 larg\u0103 \u00een diverse industrii, inclusiv:<\/p>\n<ul>\n<li><strong>Electronice de consum<\/strong><\/li>\n<li><strong>Dispozitive medicale<\/strong><\/li>\n<li><strong>Panouri de comand\u0103 industriale<\/strong><\/li>\n<li><strong>Aparate electrocasnice<\/strong><\/li>\n<li><strong>\u0218i multe altele<\/strong><\/li>\n<\/ul>\n<p><strong>Op\u021biuni personalizabile<\/strong><\/p>\n<p>Oferim o gam\u0103 larg\u0103 de op\u021biuni de personalizare pentru a v\u0103 satisface nevoile specifice, inclusiv:<\/p>\n<ul>\n<li><strong>Varietate de dimensiuni \u0219i configura\u021bii ale comutatoarelor<\/strong><\/li>\n<li><strong>Grafic\u0103 personalizat\u0103 \u0219i iluminare din spate<\/strong><\/li>\n<li><strong>Op\u021biuni de feedback tactil<\/strong><\/li>\n<li><strong>Etan\u0219area \u0219i protec\u021bia mediului<\/strong><\/li>\n<\/ul>\n<p><strong>Parteneriat cu un produc\u0103tor experimentat de PCB-uri pentru comutatoare cu membran\u0103<\/strong><\/p>\n<p>Cu ani de experien\u021b\u0103 \u0219i un angajament fa\u021b\u0103 de calitate, suntem produc\u0103torul dvs. de \u00eencredere al comutatoarelor cu membran\u0103 PCB. Echipa noastr\u0103 de exper\u021bi v\u0103 poate ajuta s\u0103 proiecta\u021bi \u0219i s\u0103 fabrica\u021bi comutatoarele perfecte pentru aplica\u021bia dumneavoastr\u0103.<\/p>\n<p><strong><a href=\"https:\/\/membraneswitchmfg.com\/ro\/contact\/\">Contacta\u021bi-ne <\/a>ast\u0103zi<\/strong>\u00a0pentru a afla mai multe despre comutatoarele noastre cu membran\u0103 PCB \u0219i despre modul \u00een care v\u0103 putem ajuta s\u0103 v\u0103 atinge\u021bi obiectivele de produs, respect\u00e2nd \u00een acela\u0219i timp bugetul.<\/p>","protected":false},"excerpt":{"rendered":"<p>\u00cembun\u0103t\u0103\u021bi\u021bi interfa\u021ba cu utilizatorul cu comutatoarele noastre cu membran\u0103 PCB, combin\u00e2nd precizia PCB-urilor cu feedback-ul tactil al comutatoarelor cu membran\u0103. Aceste comutatoare versatile ofer\u0103 o experien\u021b\u0103 de utilizare f\u0103r\u0103 cusur, durabilitate sporit\u0103 \u0219i solu\u021bii rentabile pentru o gam\u0103 larg\u0103 de aplica\u021bii.<\/p>","protected":false},"featured_media":1757,"template":"","meta":[],"product_brand":[],"product_cat":[40],"product_tag":[],"class_list":{"0":"post-1775","1":"product","2":"type-product","3":"status-publish","4":"has-post-thumbnail","6":"product_cat-membrane-switch","8":"first","9":"instock","10":"shipping-taxable","11":"product-type-simple"},"_links":{"self":[{"href":"https:\/\/membraneswitchmfg.com\/ro\/wp-json\/wp\/v2\/product\/1775","targetHints":{"allow":["GET"]}}],"collection":[{"href":"https:\/\/membraneswitchmfg.com\/ro\/wp-json\/wp\/v2\/product"}],"about":[{"href":"https:\/\/membraneswitchmfg.com\/ro\/wp-json\/wp\/v2\/types\/product"}],"wp:featuredmedia":[{"embeddable":true,"href":"https:\/\/membraneswitchmfg.com\/ro\/wp-json\/wp\/v2\/media\/1757"}],"wp:attachment":[{"href":"https:\/\/membraneswitchmfg.com\/ro\/wp-json\/wp\/v2\/media?parent=1775"}],"wp:term":[{"taxonomy":"product_brand","embeddable":true,"href":"https:\/\/membraneswitchmfg.com\/ro\/wp-json\/wp\/v2\/product_brand?post=1775"},{"taxonomy":"product_cat","embeddable":true,"href":"https:\/\/membraneswitchmfg.com\/ro\/wp-json\/wp\/v2\/product_cat?post=1775"},{"taxonomy":"product_tag","embeddable":true,"href":"https:\/\/membraneswitchmfg.com\/ro\/wp-json\/wp\/v2\/product_tag?post=1775"}],"curies":[{"name":"wp","href":"https:\/\/api.w.org\/{rel}","templated":true}]}}