{"id":1776,"date":"2024-06-24T05:57:57","date_gmt":"2024-06-24T05:57:57","guid":{"rendered":"https:\/\/membraneswitchmfg.com\/manufacturer\/rubber-keypad-membrane-switch\/"},"modified":"2024-06-25T13:32:14","modified_gmt":"2024-06-25T13:32:14","slug":"rubber-keypad-membrane-switch","status":"publish","type":"product","link":"https:\/\/membraneswitchmfg.com\/ro\/manufacturer\/rubber-keypad-membrane-switch\/","title":{"rendered":"Comutator cu membran\u0103 cu tastatur\u0103 din cauciuc"},"content":{"rendered":"<h2><strong><b>Comutator cu membran\u0103 cu tastatur\u0103 din cauciuc: Durabilitate sporit\u0103 \u0219i feedback tactil<\/b><\/strong><\/h2>\n<p><strong>Durabilitate \u0219i r\u0103spuns tactil de neegalat<\/strong><\/p>\n<p>Comutatoarele cu membran\u0103 cu tastatur\u0103 din cauciuc sunt proiectate pentru excelen\u021b\u0103, oferind:<\/p>\n<ul>\n<li><strong>Cauciuc siliconic de \u00eenalt\u0103 calitate pentru durabilitate \u0219i flexibilitate superioare<\/strong><\/li>\n<li><strong>Domuri tactile pentru o ap\u0103sare satisf\u0103c\u0103toare \u0219i receptiv\u0103 a tastelor<\/strong><\/li>\n<li><strong>Rezisten\u021b\u0103 la umiditate, praf \u0219i medii dificile<\/strong><\/li>\n<li><strong>Durat\u0103 lung\u0103 de via\u021b\u0103 cu milioane de ac\u021bion\u0103ri<\/strong><\/li>\n<\/ul>\n<p><strong>Experimenta\u021bi beneficiile<\/strong><\/p>\n<p>Cu comutatoarele cu membran\u0103 cu tastatur\u0103 din cauciuc, v\u0103 pute\u021bi a\u0219tepta la:<\/p>\n<ul>\n<li><strong>Reducerea timpilor mor\u021bi \u0219i a costurilor de \u00eentre\u021binere<\/strong><\/li>\n<li><strong>\u00cembun\u0103t\u0103\u021birea satisfac\u021biei utilizatorilor \u0219i a capacit\u0103\u021bii de utilizare a produselor<\/strong><\/li>\n<li><strong>Performan\u021b\u0103 \u0219i fiabilitate \u00eembun\u0103t\u0103\u021bite ale produsului<\/strong><\/li>\n<\/ul>\n<p><strong>Aplica\u021bii<\/strong><\/p>\n<p>Comutatoarele cu membran\u0103 cu tastatur\u0103 din cauciuc sunt potrivite pentru o gam\u0103 larg\u0103 de aplica\u021bii, inclusiv:<\/p>\n<ul>\n<li><strong>Electronice de consum<\/strong><\/li>\n<li><strong>Dispozitive medicale<\/strong><\/li>\n<li><strong>Panouri de comand\u0103 industriale<\/strong><\/li>\n<li><strong>Echipamente de telecomunica\u021bii<\/strong><\/li>\n<li><strong>\u0218i multe altele<\/strong><\/li>\n<\/ul>\n<p><strong>Solu\u021bii personalizabile<\/strong><\/p>\n<p>Oferim o gam\u0103 larg\u0103 de op\u021biuni de personalizare pentru a v\u0103 satisface nevoile specifice, inclusiv:<\/p>\n<ul>\n<li><strong>Varietate de dimensiuni \u0219i configura\u021bii ale comutatoarelor<\/strong><\/li>\n<li><strong>Grafic\u0103 personalizat\u0103 \u0219i iluminare din spate<\/strong><\/li>\n<li><strong>Op\u021biuni de feedback tactil<\/strong><\/li>\n<li><strong>Etan\u0219area \u0219i protec\u021bia mediului<\/strong><\/li>\n<\/ul>\n<p><strong>Parteneriat cu un furnizor experimentat de comutatoare cu membran\u0103 siliconic\u0103<\/strong><\/p>\n<p>Cu ani de experien\u021b\u0103 \u0219i un angajament fa\u021b\u0103 de calitate, suntem sursa dvs. de \u00eencredere pentru comutatoare cu membran\u0103 cu tastatur\u0103 din cauciuc. Echipa noastr\u0103 de exper\u021bi v\u0103 poate ajuta s\u0103 proiecta\u021bi \u0219i s\u0103 fabrica\u021bi comutatoarele perfecte pentru aplica\u021bia dumneavoastr\u0103.<\/p>\n<p><strong>Contacta\u021bi-ne ast\u0103zi<\/strong>\u00a0pentru a afla mai multe despre comutatoarele noastre cu membran\u0103 cu tastatur\u0103 din cauciuc \u0219i despre modul \u00een care v\u0103 putem ajuta s\u0103 ob\u021bine\u021bi performan\u021be superioare, durabilitate \u0219i satisfac\u021bia utilizatorului \u00een produsele dvs.<\/p>","protected":false},"excerpt":{"rendered":"<p>Experimenta\u021bi combina\u021bia perfect\u0103 de durabilitate \u0219i feedback tactil cu comutatoarele noastre cu membran\u0103 cu tastatur\u0103 din cauciuc. Aceste comutatoare versatile ofer\u0103 o experien\u021b\u0103 de utilizare confortabil\u0103, performan\u021b\u0103 de lung\u0103 durat\u0103 \u0219i solu\u021bii rentabile pentru o gam\u0103 larg\u0103 de aplica\u021bii.<\/p>","protected":false},"featured_media":1758,"template":"","meta":[],"product_brand":[],"product_cat":[40],"product_tag":[],"class_list":{"0":"post-1776","1":"product","2":"type-product","3":"status-publish","4":"has-post-thumbnail","6":"product_cat-membrane-switch","8":"first","9":"instock","10":"shipping-taxable","11":"product-type-simple"},"_links":{"self":[{"href":"https:\/\/membraneswitchmfg.com\/ro\/wp-json\/wp\/v2\/product\/1776","targetHints":{"allow":["GET"]}}],"collection":[{"href":"https:\/\/membraneswitchmfg.com\/ro\/wp-json\/wp\/v2\/product"}],"about":[{"href":"https:\/\/membraneswitchmfg.com\/ro\/wp-json\/wp\/v2\/types\/product"}],"wp:featuredmedia":[{"embeddable":true,"href":"https:\/\/membraneswitchmfg.com\/ro\/wp-json\/wp\/v2\/media\/1758"}],"wp:attachment":[{"href":"https:\/\/membraneswitchmfg.com\/ro\/wp-json\/wp\/v2\/media?parent=1776"}],"wp:term":[{"taxonomy":"product_brand","embeddable":true,"href":"https:\/\/membraneswitchmfg.com\/ro\/wp-json\/wp\/v2\/product_brand?post=1776"},{"taxonomy":"product_cat","embeddable":true,"href":"https:\/\/membraneswitchmfg.com\/ro\/wp-json\/wp\/v2\/product_cat?post=1776"},{"taxonomy":"product_tag","embeddable":true,"href":"https:\/\/membraneswitchmfg.com\/ro\/wp-json\/wp\/v2\/product_tag?post=1776"}],"curies":[{"name":"wp","href":"https:\/\/api.w.org\/{rel}","templated":true}]}}