{"id":1777,"date":"2024-06-24T05:57:57","date_gmt":"2024-06-24T05:57:57","guid":{"rendered":"https:\/\/membraneswitchmfg.com\/manufacturer\/graphic-overlay\/"},"modified":"2024-07-25T08:41:13","modified_gmt":"2024-07-25T08:41:13","slug":"graphic-overlay","status":"publish","type":"product","link":"https:\/\/membraneswitchmfg.com\/ro\/manufacturer\/graphic-overlay\/","title":{"rendered":"Suprapunere grafic\u0103"},"content":{"rendered":"<h2><strong><b>Suprapuneri grafice: \u00cembun\u0103t\u0103\u021birea experien\u021bei utilizatorului \u0219i a identit\u0103\u021bii de marc\u0103<\/b><\/strong><\/h2>\n<p><strong>\u00cembun\u0103t\u0103\u021birea experien\u021bei utilizatorului<\/strong><\/p>\n<p>Suprapunerile grafice joac\u0103 un rol crucial \u00een \u00eembun\u0103t\u0103\u021birea experien\u021bei utilizatorului prin:<\/p>\n<ul>\n<li><strong>Furnizarea de instruc\u021biuni \u0219i etichete clare<\/strong><\/li>\n<li><strong>Ghidarea utilizatorilor prin operare \u0219i func\u021bionare<\/strong><\/li>\n<li><strong>Afi\u0219area avertismentelor \u0219i a informa\u021biilor de siguran\u021b\u0103<\/strong><\/li>\n<li><strong>Crearea unei interfe\u021be intuitive \u0219i u\u0219or de utilizat<\/strong><\/li>\n<\/ul>\n<p><strong>Branding \u0219i identitate<\/strong><\/p>\n<p>Suprapunerile grafice servesc ca instrumente puternice pentru comunicarea m\u0103rcii prin:<\/p>\n<ul>\n<li><strong>Afi\u0219area logo-urilor \u0219i a elementelor de branding ale companiei<\/strong><\/li>\n<li><strong>Consolidarea identit\u0103\u021bii brandului \u0219i a mesajelor<\/strong><\/li>\n<li><strong>Crearea unei imagini de marc\u0103 coezive \u0219i profesionale<\/strong><\/li>\n<\/ul>\n<p><strong>Aplica\u021bii<\/strong><\/p>\n<p>Suprapunerile grafice sunt utilizate pe scar\u0103 larg\u0103 \u00eentr-o gam\u0103 variat\u0103 de aplica\u021bii, inclusiv:<\/p>\n<ul>\n<li><strong>Panouri de comand\u0103 industriale<\/strong><\/li>\n<li><strong>Dispozitive medicale<\/strong><\/li>\n<li><strong>Electronice de consum<\/strong><\/li>\n<li><strong>Aparate electrocasnice<\/strong><\/li>\n<li><strong>Ma\u0219ini \u0219i echipamente<\/strong><\/li>\n<\/ul>\n<p><strong>Solu\u021bii personalizabile<\/strong><\/p>\n<p>Oferim o gam\u0103 larg\u0103 de op\u021biuni de personalizare pentru a v\u0103 satisface nevoile specifice, inclusiv:<\/p>\n<ul>\n<li><strong>Varietate de materiale \u0219i finisaje<\/strong><\/li>\n<li><strong>Grafic\u0103 \u0219i design personalizat<\/strong><\/li>\n<li><strong>Op\u021biuni de iluminare din spate \u0219i iluminare<\/strong><\/li>\n<li><strong>\u0218tan\u021bare \u0219i texturi<\/strong><\/li>\n<\/ul>\n<p><strong>Parteneriat cu un produc\u0103tor experimentat de suprapuneri grafice<\/strong><\/p>\n<p>Cu ani de experien\u021b\u0103 \u0219i un angajament fa\u021b\u0103 de calitate, suntem sursa dvs. de \u00eencredere pentru suprapuneri grafice personalizate. Echipa noastr\u0103 de exper\u021bi v\u0103 poate ajuta s\u0103 proiecta\u021bi \u0219i s\u0103 fabrica\u021bi suprapunerile perfecte pentru a \u00eembun\u0103t\u0103\u021bi func\u021bionalitatea produsului dumneavoastr\u0103, experien\u021ba utilizatorului \u0219i identitatea m\u0103rcii.<\/p>\n<p><strong>Contacta\u021bi-ne ast\u0103zi<\/strong>\u00a0pentru a afla mai multe despre solu\u021biile noastre de suprapunere grafic\u0103 \u0219i despre modul \u00een care v\u0103 putem ajuta s\u0103 v\u0103 \u00eembun\u0103t\u0103\u021bi\u021bi produsele.<\/p>\n<p><strong>Cuvinte cheie suplimentare:<\/strong>\u00a0comutator de nivel cu membran\u0103, comutator cu membran\u0103, suprapunere grafic\u0103<\/p>\n<h2><strong><b>Pl\u0103cu\u021be de identificare: Spori\u021bi identitatea \u0219i func\u021bionalitatea produsului dvs.<\/b><\/strong><\/h2>\n<p><strong>\u00cembun\u0103t\u0103\u021bi\u021bi identitatea produsului dvs.<\/strong><\/p>\n<p>Pl\u0103cile de identificare joac\u0103 un rol vital \u00een stabilirea identit\u0103\u021bii m\u0103rcii dvs. prin:<\/p>\n<ul>\n<li><strong>Afi\u0219area proeminent\u0103 a logo-ului \u0219i a numelui companiei dvs.<\/strong><\/li>\n<li><strong>Consolidarea mesajelor \u0219i valorilor brandului dvs.<\/strong><\/li>\n<li><strong>Crearea unei imagini de marc\u0103 coezive \u0219i profesionale<\/strong><\/li>\n<\/ul>\n<p><strong>Transmite\u021bi informa\u021bii esen\u021biale<\/strong><\/p>\n<p>Pl\u0103cu\u021bele de identificare comunic\u0103 \u00een mod eficient informa\u021bii esen\u021biale despre produs, inclusiv:<\/p>\n<ul>\n<li><strong>Denumirea produsului \u0219i num\u0103rul modelului<\/strong><\/li>\n<li><strong>Marcaje de reglementare \u0219i certific\u0103ri<\/strong><\/li>\n<li><strong>Instruc\u021biuni opera\u021bionale \u0219i avertismente<\/strong><\/li>\n<li><strong>Informa\u021bii de contact pentru asisten\u021b\u0103<\/strong><\/li>\n<\/ul>\n<p><strong>\u00cembun\u0103t\u0103\u021birea func\u021bionalit\u0103\u021bii produsului<\/strong><\/p>\n<p>Pl\u0103cu\u021bele de identificare pot \u00eencorpora, de asemenea, elemente func\u021bionale, cum ar fi:<\/p>\n<ul>\n<li><strong>Comutatoare cu membran\u0103 cu buton pentru interac\u021biunea cu utilizatorul<\/strong><\/li>\n<li><strong>Indicatori LED pentru actualizarea st\u0103rii<\/strong><\/li>\n<li><strong>Etichete cu cod de bare pentru o identificare u\u0219oar\u0103<\/strong><\/li>\n<\/ul>\n<p><strong>Aplica\u021bii<\/strong><\/p>\n<p>Pl\u0103cu\u021bele de identificare sunt utilizate pe scar\u0103 larg\u0103 \u00eentr-o gam\u0103 variat\u0103 de aplica\u021bii, inclusiv:<\/p>\n<ul>\n<li><strong>Panouri de comand\u0103 industriale<\/strong><\/li>\n<li><strong>Dispozitive medicale<\/strong><\/li>\n<li><strong>Electronice de consum<\/strong><\/li>\n<li><strong>Aparate electrocasnice<\/strong><\/li>\n<li><strong>Ma\u0219ini \u0219i echipamente<\/strong><\/li>\n<\/ul>\n<p><strong>Solu\u021bii personalizabile<\/strong><\/p>\n<p>Oferim o gam\u0103 larg\u0103 de op\u021biuni de personalizare pentru a v\u0103 satisface nevoile specifice, inclusiv:<\/p>\n<ul>\n<li><strong>Varietate de materiale \u0219i finisaje<\/strong><\/li>\n<li><strong>Grafic\u0103 \u0219i design personalizat<\/strong><\/li>\n<li><strong>Op\u021biuni de iluminare din spate \u0219i iluminare<\/strong><\/li>\n<li><strong>\u0218tan\u021bare \u0219i texturi<\/strong><\/li>\n<\/ul>\n<p><strong>Parteneriat cu un produc\u0103tor experimentat de pl\u0103ci de identificare<\/strong><\/p>\n<p>Cu ani de experien\u021b\u0103 \u0219i un angajament fa\u021b\u0103 de calitate, suntem sursa dvs. de \u00eencredere pentru pl\u0103cu\u021be de identificare personalizate. Echipa noastr\u0103 de exper\u021bi v\u0103 poate ajuta s\u0103 proiecta\u021bi \u0219i s\u0103 fabrica\u021bi pl\u0103cu\u021bele de identificare perfecte pentru a spori identitatea, func\u021bionalitatea \u0219i aspectul estetic al produsului dumneavoastr\u0103.<\/p>\n<p><strong>Contacta\u021bi-ne ast\u0103zi<\/strong>\u00a0pentru a afla mai multe despre solu\u021biile noastre de pl\u0103ci de identificare \u0219i despre modul \u00een care v\u0103 putem ajuta s\u0103 v\u0103 \u00eembun\u0103t\u0103\u021bi\u021bi produsele.<\/p>\n<p><strong>Cuvinte cheie suplimentare:<\/strong>\u00a0\u00eentrerup\u0103tor cu membran\u0103 cu buton, \u00eentrerup\u0103tor tip membran\u0103, Plac\u0103 de identificare<\/p>","protected":false},"excerpt":{"rendered":"<p>Suprafe\u021bele grafice, cunoscute \u0219i sub denumirea de pl\u0103cu\u021be de identificare sau panouri frontale, sunt componente esen\u021biale care sporesc experien\u021ba utilizatorului \u0219i identitatea de marc\u0103 a dispozitivelor electronice. Aceste straturi sub\u021biri de material plastic sau polimeric, cu grafic\u0103 \u0219i text imprimate la comand\u0103, sunt integrate perfect pe suprafa\u021ba dispozitivului.<\/p>","protected":false},"featured_media":1749,"template":"","meta":[],"product_brand":[],"product_cat":[40],"product_tag":[],"class_list":{"0":"post-1777","1":"product","2":"type-product","3":"status-publish","4":"has-post-thumbnail","6":"product_cat-membrane-switch","8":"first","9":"instock","10":"shipping-taxable","11":"product-type-simple"},"_links":{"self":[{"href":"https:\/\/membraneswitchmfg.com\/ro\/wp-json\/wp\/v2\/product\/1777","targetHints":{"allow":["GET"]}}],"collection":[{"href":"https:\/\/membraneswitchmfg.com\/ro\/wp-json\/wp\/v2\/product"}],"about":[{"href":"https:\/\/membraneswitchmfg.com\/ro\/wp-json\/wp\/v2\/types\/product"}],"wp:featuredmedia":[{"embeddable":true,"href":"https:\/\/membraneswitchmfg.com\/ro\/wp-json\/wp\/v2\/media\/1749"}],"wp:attachment":[{"href":"https:\/\/membraneswitchmfg.com\/ro\/wp-json\/wp\/v2\/media?parent=1777"}],"wp:term":[{"taxonomy":"product_brand","embeddable":true,"href":"https:\/\/membraneswitchmfg.com\/ro\/wp-json\/wp\/v2\/product_brand?post=1777"},{"taxonomy":"product_cat","embeddable":true,"href":"https:\/\/membraneswitchmfg.com\/ro\/wp-json\/wp\/v2\/product_cat?post=1777"},{"taxonomy":"product_tag","embeddable":true,"href":"https:\/\/membraneswitchmfg.com\/ro\/wp-json\/wp\/v2\/product_tag?post=1777"}],"curies":[{"name":"wp","href":"https:\/\/api.w.org\/{rel}","templated":true}]}}