{"id":1778,"date":"2024-06-24T05:57:57","date_gmt":"2024-06-24T05:57:57","guid":{"rendered":"https:\/\/membraneswitchmfg.com\/manufacturer\/nameplate\/"},"modified":"2024-07-25T09:10:27","modified_gmt":"2024-07-25T09:10:27","slug":"nameplate","status":"publish","type":"product","link":"https:\/\/membraneswitchmfg.com\/ro\/manufacturer\/nameplate\/","title":{"rendered":"Pl\u0103cu\u021b\u0103 de identificare"},"content":{"rendered":"<h2><strong><b>Pl\u0103cu\u021be de identificare: Spori\u021bi identitatea \u0219i func\u021bionalitatea produsului dvs.<\/b><\/strong><\/h2>\n<p><strong>\u00cembun\u0103t\u0103\u021bi\u021bi identitatea produsului dvs.<\/strong><\/p>\n<p>Pl\u0103cile de identificare joac\u0103 un rol vital \u00een stabilirea identit\u0103\u021bii m\u0103rcii dvs. prin:<\/p>\n<ul>\n<li><strong>Afi\u0219area proeminent\u0103 a logo-ului \u0219i a numelui companiei dvs.<\/strong><\/li>\n<li><strong>Consolidarea mesajelor \u0219i valorilor brandului dvs.<\/strong><\/li>\n<li><strong>Crearea unei imagini de marc\u0103 coezive \u0219i profesionale<\/strong><\/li>\n<\/ul>\n<p><strong>Transmite\u021bi informa\u021bii esen\u021biale<\/strong><\/p>\n<p>Pl\u0103cu\u021bele de identificare comunic\u0103 \u00een mod eficient informa\u021bii esen\u021biale despre produs, inclusiv:<\/p>\n<ul>\n<li><strong>Denumirea produsului \u0219i num\u0103rul modelului<\/strong><\/li>\n<li><strong>Marcaje de reglementare \u0219i certific\u0103ri<\/strong><\/li>\n<li><strong>Instruc\u021biuni opera\u021bionale \u0219i avertismente<\/strong><\/li>\n<li><strong>Informa\u021bii de contact pentru asisten\u021b\u0103<\/strong><\/li>\n<\/ul>\n<p><strong>\u00cembun\u0103t\u0103\u021birea func\u021bionalit\u0103\u021bii produsului<\/strong><\/p>\n<p>Pl\u0103cu\u021bele de identificare pot \u00eencorpora, de asemenea, elemente func\u021bionale, cum ar fi:<\/p>\n<ul>\n<li><strong>Comutatoare cu membran\u0103 cu buton pentru interac\u021biunea cu utilizatorul<\/strong><\/li>\n<li><strong>Indicatori LED pentru actualizarea st\u0103rii<\/strong><\/li>\n<li><strong>Etichete cu cod de bare pentru o identificare u\u0219oar\u0103<\/strong><\/li>\n<\/ul>\n<p><strong>Aplica\u021bii<\/strong><\/p>\n<p>Pl\u0103cu\u021bele de identificare sunt utilizate pe scar\u0103 larg\u0103 \u00eentr-o gam\u0103 variat\u0103 de aplica\u021bii, inclusiv:<\/p>\n<ul>\n<li><strong>Panouri de comand\u0103 industriale<\/strong><\/li>\n<li><strong>Dispozitive medicale<\/strong><\/li>\n<li><strong>Electronice de consum<\/strong><\/li>\n<li><strong>Aparate electrocasnice<\/strong><\/li>\n<li><strong>Ma\u0219ini \u0219i echipamente<\/strong><\/li>\n<\/ul>\n<p><strong>Solu\u021bii personalizabile<\/strong><\/p>\n<p>Oferim o gam\u0103 larg\u0103 de op\u021biuni de personalizare pentru a v\u0103 satisface nevoile specifice, inclusiv:<\/p>\n<ul>\n<li><strong>Varietate de materiale \u0219i finisaje<\/strong><\/li>\n<li><strong>Grafic\u0103 \u0219i design personalizat<\/strong><\/li>\n<li><strong>Op\u021biuni de iluminare din spate \u0219i iluminare<\/strong><\/li>\n<li><strong>\u0218tan\u021bare \u0219i texturi<\/strong><\/li>\n<\/ul>\n<p><strong>Parteneriat cu un produc\u0103tor experimentat de pl\u0103ci de identificare<\/strong><\/p>\n<p>Cu ani de experien\u021b\u0103 \u0219i un angajament fa\u021b\u0103 de calitate, suntem sursa dvs. de \u00eencredere pentru pl\u0103cu\u021be de identificare personalizate. Echipa noastr\u0103 de exper\u021bi v\u0103 poate ajuta s\u0103 proiecta\u021bi \u0219i s\u0103 fabrica\u021bi pl\u0103cu\u021bele de identificare perfecte pentru a spori identitatea, func\u021bionalitatea \u0219i aspectul estetic al produsului dumneavoastr\u0103.<\/p>\n<p>Contacta\u021bi-ne ast\u0103zi pentru a afla mai multe despre solu\u021biile noastre de pl\u0103ci de identificare \u0219i despre modul \u00een care v\u0103 putem ajuta s\u0103 v\u0103 \u00eembun\u0103t\u0103\u021bi\u021bi produsele.<\/p>\n<p><strong>Cuvinte cheie suplimentare:<\/strong>\u00a0\u00eentrerup\u0103tor cu membran\u0103 cu buton, \u00eentrerup\u0103tor tip membran\u0103, Plac\u0103 de identificare<\/p>","protected":false},"excerpt":{"rendered":"<p>Pl\u0103cile de identificare, cunoscute \u0219i sub denumirea de panouri frontale sau pl\u0103ci de identificare, servesc drept imagine a dispozitivului dvs. electronic, transmi\u021b\u00e2nd informa\u021bii esen\u021biale \u0219i \u00eembun\u0103t\u0103\u021bind aspectul s\u0103u estetic general. Aceste panouri durabile sunt de obicei realizate din plastic sau metal \u0219i sunt personalizate cu logo-urile companiei, elementele de branding \u0219i specifica\u021biile produsului.<\/p>","protected":false},"featured_media":1755,"template":"","meta":[],"product_brand":[],"product_cat":[15],"product_tag":[],"class_list":{"0":"post-1778","1":"product","2":"type-product","3":"status-publish","4":"has-post-thumbnail","6":"product_cat-print-label","8":"first","9":"instock","10":"shipping-taxable","11":"product-type-simple"},"_links":{"self":[{"href":"https:\/\/membraneswitchmfg.com\/ro\/wp-json\/wp\/v2\/product\/1778","targetHints":{"allow":["GET"]}}],"collection":[{"href":"https:\/\/membraneswitchmfg.com\/ro\/wp-json\/wp\/v2\/product"}],"about":[{"href":"https:\/\/membraneswitchmfg.com\/ro\/wp-json\/wp\/v2\/types\/product"}],"wp:featuredmedia":[{"embeddable":true,"href":"https:\/\/membraneswitchmfg.com\/ro\/wp-json\/wp\/v2\/media\/1755"}],"wp:attachment":[{"href":"https:\/\/membraneswitchmfg.com\/ro\/wp-json\/wp\/v2\/media?parent=1778"}],"wp:term":[{"taxonomy":"product_brand","embeddable":true,"href":"https:\/\/membraneswitchmfg.com\/ro\/wp-json\/wp\/v2\/product_brand?post=1778"},{"taxonomy":"product_cat","embeddable":true,"href":"https:\/\/membraneswitchmfg.com\/ro\/wp-json\/wp\/v2\/product_cat?post=1778"},{"taxonomy":"product_tag","embeddable":true,"href":"https:\/\/membraneswitchmfg.com\/ro\/wp-json\/wp\/v2\/product_tag?post=1778"}],"curies":[{"name":"wp","href":"https:\/\/api.w.org\/{rel}","templated":true}]}}