{"id":1779,"date":"2024-06-24T05:57:57","date_gmt":"2024-06-24T05:57:57","guid":{"rendered":"https:\/\/membraneswitchmfg.com\/manufacturer\/label\/"},"modified":"2024-07-25T09:16:57","modified_gmt":"2024-07-25T09:16:57","slug":"label","status":"publish","type":"product","link":"https:\/\/membraneswitchmfg.com\/ro\/manufacturer\/label\/","title":{"rendered":"Etichet\u0103"},"content":{"rendered":"<h2><strong><b>Etichete: \u00cembun\u0103t\u0103\u021birea identific\u0103rii \u0219i comunic\u0103rii produselor<\/b><\/strong><\/h2>\n<p><strong>Identificarea eficient\u0103 a produselor<\/strong><\/p>\n<p>Etichetele joac\u0103 un rol crucial \u00een identificarea produselor prin:<\/p>\n<ul>\n<li><strong>Afi\u0219area numelor, logo-urilor \u0219i m\u0103rcilor comerciale ale produselor<\/strong><\/li>\n<li><strong>Furnizarea de numere de serie unice sau coduri de bare<\/strong><\/li>\n<li><strong>Comunicarea specifica\u021biilor \u0219i caracteristicilor produselor<\/strong><\/li>\n<\/ul>\n<p><strong>Asigurarea conformit\u0103\u021bii cu reglement\u0103rile<\/strong><\/p>\n<p>Etichetele sunt esen\u021biale pentru asigurarea conformit\u0103\u021bii cu diverse reglement\u0103ri \u0219i standarde, inclusiv:<\/p>\n<ul>\n<li><strong>Avertismente \u0219i instruc\u021biuni de siguran\u021b\u0103<\/strong><\/li>\n<li><strong>Informa\u021bii privind con\u021binutul materialului<\/strong><\/li>\n<li><strong>Instruc\u021biuni de eliminare \u0219i reciclare<\/strong><\/li>\n<\/ul>\n<p><strong>\u00cembun\u0103t\u0103\u021birea comunic\u0103rii \u0219i a brandingului<\/strong><\/p>\n<p>Etichetele pot fi, de asemenea, utilizate pentru a \u00eembun\u0103t\u0103\u021bi comunicarea \u0219i brandingul prin:<\/p>\n<ul>\n<li><strong>Afi\u0219area logo-urilor \u0219i a elementelor de branding ale companiei<\/strong><\/li>\n<li><strong>Consolidarea mesajelor \u0219i a valorilor m\u0103rcii<\/strong><\/li>\n<li><strong>Crearea unei imagini de marc\u0103 coezive \u0219i profesionale<\/strong><\/li>\n<\/ul>\n<p><strong>Aplica\u021bii<\/strong><\/p>\n<p>Etichetele sunt utilizate pe scar\u0103 larg\u0103 \u00eentr-o gam\u0103 variat\u0103 de aplica\u021bii, inclusiv:<\/p>\n<ul>\n<li><strong>Electronice de consum<\/strong><\/li>\n<li><strong>Dispozitive medicale<\/strong><\/li>\n<li><strong>Ambalaje pentru alimente \u0219i b\u0103uturi<\/strong><\/li>\n<li><strong>Produse industriale<\/strong><\/li>\n<li><strong>Transport \u0219i logistic\u0103<\/strong><\/li>\n<\/ul>\n<p><strong>Solu\u021bii personalizabile<\/strong><\/p>\n<p>Oferim o gam\u0103 larg\u0103 de op\u021biuni de personalizare pentru a v\u0103 satisface nevoile specifice, inclusiv:<\/p>\n<ul>\n<li><strong>Varietate de materiale \u0219i finisaje<\/strong><\/li>\n<li><strong>Imprimare \u0219i grafic\u0103 personalizate<\/strong><\/li>\n<li><strong>Decupare \u0219i forme<\/strong><\/li>\n<li><strong>Op\u021biuni de adeziv<\/strong><\/li>\n<\/ul>\n<p><strong>Parteneriat cu un produc\u0103tor de etichete cu experien\u021b\u0103<\/strong><\/p>\n<p>Cu ani de experien\u021b\u0103 \u0219i un angajament fa\u021b\u0103 de calitate, suntem sursa dvs. de \u00eencredere pentru etichete personalizate. Echipa noastr\u0103 de exper\u021bi v\u0103 poate ajuta s\u0103 proiecta\u021bi \u0219i s\u0103 produce\u021bi etichetele perfecte pentru a \u00eembun\u0103t\u0103\u021bi identificarea, comunicarea \u0219i brandingul produselor dumneavoastr\u0103.<\/p>\n<p><strong>Contacta\u021bi-ne ast\u0103zi<\/strong>\u00a0pentru a afla mai multe despre solu\u021biile noastre de etichetare \u0219i despre modul \u00een care v\u0103 putem ajuta s\u0103 v\u0103 \u00eembun\u0103t\u0103\u021bi\u021bi produsele.<\/p>","protected":false},"excerpt":{"rendered":"<p>Etichetele sunt componente esen\u021biale care furnizeaz\u0103 informa\u021bii clare \u0219i concise despre produse, asigur\u00e2nd utilizarea corect\u0103 a acestora, identificarea \u0219i conformitatea cu reglement\u0103rile. Aceste etichete versatile pot fi ata\u0219ate pe o gam\u0103 larg\u0103 de suprafe\u021be, inclusiv ambalaje, componente \u0219i produse finite.<\/p>","protected":false},"featured_media":1750,"template":"","meta":[],"product_brand":[],"product_cat":[15],"product_tag":[],"class_list":{"0":"post-1779","1":"product","2":"type-product","3":"status-publish","4":"has-post-thumbnail","6":"product_cat-print-label","8":"first","9":"instock","10":"shipping-taxable","11":"product-type-simple"},"_links":{"self":[{"href":"https:\/\/membraneswitchmfg.com\/ro\/wp-json\/wp\/v2\/product\/1779","targetHints":{"allow":["GET"]}}],"collection":[{"href":"https:\/\/membraneswitchmfg.com\/ro\/wp-json\/wp\/v2\/product"}],"about":[{"href":"https:\/\/membraneswitchmfg.com\/ro\/wp-json\/wp\/v2\/types\/product"}],"wp:featuredmedia":[{"embeddable":true,"href":"https:\/\/membraneswitchmfg.com\/ro\/wp-json\/wp\/v2\/media\/1750"}],"wp:attachment":[{"href":"https:\/\/membraneswitchmfg.com\/ro\/wp-json\/wp\/v2\/media?parent=1779"}],"wp:term":[{"taxonomy":"product_brand","embeddable":true,"href":"https:\/\/membraneswitchmfg.com\/ro\/wp-json\/wp\/v2\/product_brand?post=1779"},{"taxonomy":"product_cat","embeddable":true,"href":"https:\/\/membraneswitchmfg.com\/ro\/wp-json\/wp\/v2\/product_cat?post=1779"},{"taxonomy":"product_tag","embeddable":true,"href":"https:\/\/membraneswitchmfg.com\/ro\/wp-json\/wp\/v2\/product_tag?post=1779"}],"curies":[{"name":"wp","href":"https:\/\/api.w.org\/{rel}","templated":true}]}}