{"id":1780,"date":"2024-06-24T05:57:57","date_gmt":"2024-06-24T05:57:57","guid":{"rendered":"https:\/\/membraneswitchmfg.com\/manufacturer\/membrane-switch-with-backlighting\/"},"modified":"2024-06-25T13:56:06","modified_gmt":"2024-06-25T13:56:06","slug":"membrane-switch-with-backlighting","status":"publish","type":"product","link":"https:\/\/membraneswitchmfg.com\/ro\/manufacturer\/membrane-switch-with-backlighting\/","title":{"rendered":"Comutator cu membran\u0103 cu iluminare din spate"},"content":{"rendered":"<h2><strong><b>Comutatoare cu membran\u0103 cu iluminare din spate: Vizibilitate \u0219i experien\u021b\u0103 de utilizare \u00eembun\u0103t\u0103\u021bite<\/b><\/strong><\/h2>\n<p><strong>Vizibilitate sporit\u0103 \u00een medii cu luminozitate redus\u0103<\/strong><\/p>\n<p>Comutatoarele cu membran\u0103 cu iluminare de fundal asigur\u0103 faptul c\u0103 tastele \u0219i legendele sunt u\u0219or vizibile, chiar \u0219i \u00een medii slab iluminate sau \u00eentunecate. Acest lucru este deosebit de important pentru aplica\u021biile \u00een care dispozitivele sunt utilizate \u00een condi\u021bii de luminozitate redus\u0103, cum ar fi:<\/p>\n<ul>\n<li><strong>Echipament medical<\/strong><\/li>\n<li><strong>Panouri de comand\u0103 industriale<\/strong><\/li>\n<li><strong>Echipamente de avia\u021bie \u0219i aerospa\u021biale<\/strong><\/li>\n<li><strong>Aplica\u021bii militare<\/strong><\/li>\n<li><strong>Electronice de consum<\/strong><\/li>\n<\/ul>\n<p><strong>\u00cembun\u0103t\u0103\u021birea experien\u021bei utilizatorului<\/strong><\/p>\n<p>Comutatoarele cu membran\u0103 retroiluminate nu numai c\u0103 sporesc vizibilitatea, dar \u00eembun\u0103t\u0103\u021besc \u0219i experien\u021ba general\u0103 a utilizatorului prin:<\/p>\n<ul>\n<li><strong>Reducerea erorilor \u0219i \u00eembun\u0103t\u0103\u021birea preciziei<\/strong><\/li>\n<li><strong>Ghidarea utilizatorilor prin operare \u0219i func\u021bionare<\/strong><\/li>\n<li><strong>Crearea unei interfe\u021be mai intuitive \u0219i mai u\u0219or de utilizat<\/strong><\/li>\n<li><strong>Ad\u0103ugarea unei note de elegan\u021b\u0103 \u0219i sofisticare dispozitivului<\/strong><\/li>\n<\/ul>\n<p><strong>Varietate de op\u021biuni de iluminare din spate<\/strong><\/p>\n<p>Comutatoarele cu membran\u0103 cu iluminare de fundal ofer\u0103 o gam\u0103 larg\u0103 de op\u021biuni de personalizare, inclusiv:<\/p>\n<ul>\n<li><strong>Diferite culori \u0219i intensit\u0103\u021bi ale LED-urilor<\/strong><\/li>\n<li><strong>Retroiluminare uniform\u0103 sau zonal\u0103<\/strong><\/li>\n<li><strong>Efecte de iluminare statice sau dinamice<\/strong><\/li>\n<li><strong>Grafic\u0103 \u0219i pictograme personalizate<\/strong><\/li>\n<\/ul>\n<p><strong>Parteneriat cu un produc\u0103tor experimentat de comutatoare cu membran\u0103 retroiluminate<\/strong><\/p>\n<p>Cu ani de experien\u021b\u0103 \u0219i un angajament fa\u021b\u0103 de calitate, suntem sursa dvs. de \u00eencredere pentru comutatoare cu membran\u0103 retroiluminate personalizate. Echipa noastr\u0103 de exper\u021bi v\u0103 poate ajuta s\u0103 proiecta\u021bi \u0219i s\u0103 fabrica\u021bi comutatoarele perfecte pentru a spori vizibilitatea produsului dvs., experien\u021ba utilizatorului \u0219i aspectul estetic general.<\/p>\n<p><strong>Contacta\u021bi-ne ast\u0103zi<\/strong>\u00a0pentru a afla mai multe despre solu\u021biile noastre de comutatoare cu membran\u0103 retroiluminate \u0219i despre modul \u00een care v\u0103 putem ajuta s\u0103 v\u0103 \u00eembun\u0103t\u0103\u021bi\u021bi produsele.<\/p>","protected":false},"excerpt":{"rendered":"<p>Comutatoarele cu membran\u0103 cu iluminare de fundal \u00eembun\u0103t\u0103\u021besc experien\u021ba utilizatorului \u0219i func\u021bionalitatea dispozitivelor electronice, oferind o vizibilitate clar\u0103 \u00een condi\u021bii de luminozitate redus\u0103. Aceste comutatoare inovatoare combin\u0103 feedback-ul tactil al comutatoarelor tradi\u021bionale cu membran\u0103 cu puterea de iluminare a LED-urilor, cre\u00e2nd o interfa\u021b\u0103 u\u0219or de utilizat \u0219i atr\u0103g\u0103toare din punct de vedere vizual.<\/p>","protected":false},"featured_media":1752,"template":"","meta":[],"product_brand":[],"product_cat":[40],"product_tag":[],"class_list":{"0":"post-1780","1":"product","2":"type-product","3":"status-publish","4":"has-post-thumbnail","6":"product_cat-membrane-switch","8":"first","9":"instock","10":"shipping-taxable","11":"product-type-simple"},"_links":{"self":[{"href":"https:\/\/membraneswitchmfg.com\/ro\/wp-json\/wp\/v2\/product\/1780","targetHints":{"allow":["GET"]}}],"collection":[{"href":"https:\/\/membraneswitchmfg.com\/ro\/wp-json\/wp\/v2\/product"}],"about":[{"href":"https:\/\/membraneswitchmfg.com\/ro\/wp-json\/wp\/v2\/types\/product"}],"wp:featuredmedia":[{"embeddable":true,"href":"https:\/\/membraneswitchmfg.com\/ro\/wp-json\/wp\/v2\/media\/1752"}],"wp:attachment":[{"href":"https:\/\/membraneswitchmfg.com\/ro\/wp-json\/wp\/v2\/media?parent=1780"}],"wp:term":[{"taxonomy":"product_brand","embeddable":true,"href":"https:\/\/membraneswitchmfg.com\/ro\/wp-json\/wp\/v2\/product_brand?post=1780"},{"taxonomy":"product_cat","embeddable":true,"href":"https:\/\/membraneswitchmfg.com\/ro\/wp-json\/wp\/v2\/product_cat?post=1780"},{"taxonomy":"product_tag","embeddable":true,"href":"https:\/\/membraneswitchmfg.com\/ro\/wp-json\/wp\/v2\/product_tag?post=1780"}],"curies":[{"name":"wp","href":"https:\/\/api.w.org\/{rel}","templated":true}]}}