{"id":1783,"date":"2024-06-24T05:57:57","date_gmt":"2024-06-24T05:57:57","guid":{"rendered":"https:\/\/membraneswitchmfg.com\/manufacturer\/oca-membrane-switch-keypad\/"},"modified":"2024-06-25T14:00:06","modified_gmt":"2024-06-25T14:00:06","slug":"oca-membrane-switch-keypad","status":"publish","type":"product","link":"https:\/\/membraneswitchmfg.com\/ro\/manufacturer\/oca-membrane-switch-keypad\/","title":{"rendered":"Tastatur\u0103 comutator cu membran\u0103 OCA"},"content":{"rendered":"<h2><strong><b>Tastatur\u0103 cu membran\u0103 OCA: Durabilitate sporit\u0103 \u0219i r\u0103spuns tactil<\/b><\/strong><\/h2>\n<p><strong>Durabilitate sporit\u0103 \u0219i rezisten\u021b\u0103 la ap\u0103<\/strong><\/p>\n<p>Tastaturile cu membran\u0103 OCA sunt excep\u021bional de durabile, rezist\u00e2nd la condi\u021bii dure \u0219i utilizare frecvent\u0103. Stratul OCA ofer\u0103 o barier\u0103 de protec\u021bie \u00eempotriva umezelii, prafului \u0219i contaminan\u021bilor, prelungind durata de via\u021b\u0103 a tastaturii.<\/p>\n<ul>\n<li><strong>Rezistent la ap\u0103, substan\u021be chimice \u0219i raze UV<\/strong><\/li>\n<li><strong>Rezist\u0103 la temperaturi extreme \u0219i vibra\u021bii<\/strong><\/li>\n<li><strong>Potrivit pentru medii exterioare \u0219i industriale<\/strong><\/li>\n<\/ul>\n<p><strong>R\u0103spuns tactil superior \u0219i feedback clar<\/strong><\/p>\n<p>Tastaturile cu membran\u0103 OCA ofer\u0103 un r\u0103spuns tactil precis \u0219i consistent, asigur\u00e2nd o introducere precis\u0103 \u0219i fiabil\u0103 a datelor de c\u0103tre utilizator. Stratul OCA \u00eembun\u0103t\u0103\u021be\u0219te cursa tastei \u0219i ofer\u0103 un feedback clar de clic pentru confirmarea pozitiv\u0103 a utilizatorului.<\/p>\n<ul>\n<li><strong>Ac\u021bionare precis\u0103 \u0219i consistent\u0103 a tastelor<\/strong><\/li>\n<li><strong>Feedback clar de clic pentru confirmare tactil\u0103<\/strong><\/li>\n<li><strong>Reduce erorile \u0219i \u00eembun\u0103t\u0103\u021be\u0219te experien\u021ba utilizatorului<\/strong><\/li>\n<\/ul>\n<p><strong>Claritate vizual\u0103 \u00eembun\u0103t\u0103\u021bit\u0103 \u0219i op\u021biuni de iluminare de fundal<\/strong><\/p>\n<p>Tastaturile cu membran\u0103 OCA ofer\u0103 o claritate vizual\u0103 excep\u021bional\u0103, cu legende \u0219i simboluri clare, u\u0219or de citit chiar \u0219i \u00een condi\u021bii de iluminare slab\u0103. Stratul OCA permite iluminarea uniform\u0103 de fundal, oferind o vizibilitate clar\u0103 \u00een condi\u021bii de lumin\u0103 sc\u0103zut\u0103.<\/p>\n<ul>\n<li><strong>Legende \u0219i simboluri clare \u0219i lizibile<\/strong><\/li>\n<li><strong>Op\u021biuni uniforme de iluminare de fundal pentru vizibilitate sporit\u0103<\/strong><\/li>\n<li><strong>Elemente grafice \u0219i de branding personalizabile<\/strong><\/li>\n<\/ul>\n<p><strong>Aplica\u021bii<\/strong><\/p>\n<p>Tastaturile cu membran\u0103 OCA sunt utilizate pe scar\u0103 larg\u0103 \u00een diverse aplica\u021bii, inclusiv:<\/p>\n<ul>\n<li><strong>Panouri de comand\u0103 industriale<\/strong><\/li>\n<li><strong>Dispozitive medicale<\/strong><\/li>\n<li><strong>Electronice de consum<\/strong><\/li>\n<li><strong>Echipamente de telecomunica\u021bii<\/strong><\/li>\n<li><strong>Console de transport<\/strong><\/li>\n<\/ul>\n<p><strong>Solu\u021bii personalizabile<\/strong><\/p>\n<p>Oferim o gam\u0103 larg\u0103 de op\u021biuni de personalizare pentru a v\u0103 satisface nevoile specifice, inclusiv:<\/p>\n<ul>\n<li><strong>Varietate de dimensiuni, aspecte \u0219i configura\u021bii ale tastelor<\/strong><\/li>\n<li><strong>Grafic\u0103 personalizat\u0103, legende \u0219i elemente de branding<\/strong><\/li>\n<li><strong>Op\u021biuni \u0219i culori de iluminare de fundal<\/strong><\/li>\n<li><strong>Integrare cu componente suplimentare<\/strong><\/li>\n<\/ul>\n<p><strong>Colabora\u021bi cu un produc\u0103tor experimentat de tastaturi cu membran\u0103 OCA<\/strong><\/p>\n<p>Cu ani de experien\u021b\u0103 \u0219i un angajament fa\u021b\u0103 de calitate, suntem sursa dumneavoastr\u0103 de \u00eencredere pentru tastaturi cu membran\u0103 OCA personalizate. Echipa noastr\u0103 de exper\u021bi v\u0103 poate ajuta s\u0103 proiecta\u021bi \u0219i s\u0103 fabrica\u021bi tastaturile perfecte pentru a spori durabilitatea, r\u0103spunsul tactil, claritatea vizual\u0103 \u0219i performan\u021ba general\u0103 a produsului dumneavoastr\u0103.<\/p>\n<p><strong>Contacta\u021bi-ne ast\u0103zi<\/strong>\u00a0pentru a afla mai multe despre solu\u021biile noastre de tastaturi cu membran\u0103 OCA \u0219i despre modul \u00een care v\u0103 putem ajuta s\u0103 v\u0103 \u00eembun\u0103t\u0103\u021bi\u021bi produsele.<\/p>","protected":false},"excerpt":{"rendered":"<p>Tastaturile cu comutator cu membran\u0103 OCA (adeziv optic transparent) ofer\u0103 o alternativ\u0103 superioar\u0103 tastaturilor cu comutator cu membran\u0103 tradi\u021bionale, oferind durabilitate sporit\u0103, r\u0103spuns tactil \u0219i claritate vizual\u0103. Aceste tastaturi inovatoare sunt ideale pentru aplica\u021bii care necesit\u0103 performan\u021be \u0219i fiabilitate ridicate \u00een medii dificile.<\/p>","protected":false},"featured_media":1756,"template":"","meta":[],"product_brand":[],"product_cat":[40],"product_tag":[],"class_list":{"0":"post-1783","1":"product","2":"type-product","3":"status-publish","4":"has-post-thumbnail","6":"product_cat-membrane-switch","8":"first","9":"instock","10":"shipping-taxable","11":"product-type-simple"},"_links":{"self":[{"href":"https:\/\/membraneswitchmfg.com\/ro\/wp-json\/wp\/v2\/product\/1783","targetHints":{"allow":["GET"]}}],"collection":[{"href":"https:\/\/membraneswitchmfg.com\/ro\/wp-json\/wp\/v2\/product"}],"about":[{"href":"https:\/\/membraneswitchmfg.com\/ro\/wp-json\/wp\/v2\/types\/product"}],"wp:featuredmedia":[{"embeddable":true,"href":"https:\/\/membraneswitchmfg.com\/ro\/wp-json\/wp\/v2\/media\/1756"}],"wp:attachment":[{"href":"https:\/\/membraneswitchmfg.com\/ro\/wp-json\/wp\/v2\/media?parent=1783"}],"wp:term":[{"taxonomy":"product_brand","embeddable":true,"href":"https:\/\/membraneswitchmfg.com\/ro\/wp-json\/wp\/v2\/product_brand?post=1783"},{"taxonomy":"product_cat","embeddable":true,"href":"https:\/\/membraneswitchmfg.com\/ro\/wp-json\/wp\/v2\/product_cat?post=1783"},{"taxonomy":"product_tag","embeddable":true,"href":"https:\/\/membraneswitchmfg.com\/ro\/wp-json\/wp\/v2\/product_tag?post=1783"}],"curies":[{"name":"wp","href":"https:\/\/api.w.org\/{rel}","templated":true}]}}