{"id":1787,"date":"2024-06-24T05:57:57","date_gmt":"2024-06-24T05:57:57","guid":{"rendered":"https:\/\/membraneswitchmfg.com\/manufacturer\/3d-printed-flexible-membrane-keypad\/"},"modified":"2024-08-07T00:48:26","modified_gmt":"2024-08-07T00:48:26","slug":"3d-printed-flexible-membrane-keypad","status":"publish","type":"product","link":"https:\/\/membraneswitchmfg.com\/ro\/manufacturer\/3d-printed-flexible-membrane-keypad\/","title":{"rendered":"Tastatur\u0103 cu membran\u0103 flexibil\u0103 imprimat\u0103 3D"},"content":{"rendered":"<h2><strong><b>Tastaturi cu membran\u0103 flexibil\u0103 imprimate 3D: Revolu\u021bionarea interfe\u021belor utilizatorilor cu modele personalizate<\/b><\/strong><\/h2>\n<p>\u00a0<\/p>\n<p><strong>Asigura\u021bi libertatea de proiectare<\/strong><\/p>\n<p>Tastaturile cu membran\u0103 flexibil\u0103 imprimate 3D se elibereaz\u0103 de constr\u00e2ngerile tradi\u021bionale de proiectare, permi\u021b\u00e2nd crearea de:<\/p>\n<ul>\n<li>Forme \u0219i geometrii complicate<\/li>\n<li>Grafic\u0103 personalizat\u0103 \u0219i elemente de branding<\/li>\n<li>Design ergonomic pentru un confort sporit al utilizatorului<\/li>\n<\/ul>\n<p>\u00a0<\/p>\n<p><strong>Func\u021bionalitate \u0219i integrare personalizate<\/strong><\/p>\n<p>Imprimarea 3D permite integrarea de componente suplimentare direct \u00een tastatur\u0103, cum ar fi:<\/p>\n<ul>\n<li>Senzori \u0219i LED-uri<\/li>\n<li>Module de comunicare<\/li>\n<li>Afi\u0219aje cu ecran tactil<\/li>\n<\/ul>\n<p>\u00a0<\/p>\n<p><strong>Flexibilitate \u0219i durabilitate \u00eembun\u0103t\u0103\u021bite<\/strong><\/p>\n<p>Tastaturile cu membran\u0103 flexibil\u0103 imprimate 3D ofer\u0103 o flexibilitate excep\u021bional\u0103, conform\u00e2ndu-se suprafe\u021belor curbe \u0219i adapt\u00e2ndu-se la medii dinamice. De asemenea, sunt extrem de durabile, rezist\u00e2nd condi\u021biilor dificile \u0219i utiliz\u0103rii frecvente.<\/p>\n<p>\u00a0<\/p>\n<p><strong>Aplica\u021bii<\/strong><\/p>\n<p>Tastaturile cu membrane flexibile imprimate 3D sunt ideale pentru o gam\u0103 variat\u0103 de aplica\u021bii, inclusiv:<\/p>\n<ul>\n<li>Panouri de comand\u0103 industriale<\/li>\n<li>Dispozitive medicale<\/li>\n<li>Electronice de consum<\/li>\n<li>Tehnologie purtabil\u0103<\/li>\n<li>Aplica\u021bii auto \u0219i aerospa\u021biale<\/li>\n<\/ul>\n<p>\u00a0<\/p>\n<p><strong>Solu\u021bii personalizabile<\/strong><\/p>\n<p>Oferim o gam\u0103 larg\u0103 de op\u021biuni de personalizare pentru a v\u0103 satisface nevoile specifice, inclusiv:<\/p>\n<ul>\n<li>Alegerea materialelor \u0219i a propriet\u0103\u021bilor<\/li>\n<li>Proiectare \u0219i prototipare de precizie<\/li>\n<li>Integrarea componentelor electronice<\/li>\n<li>Op\u021biuni de iluminare din spate \u0219i iluminare<\/li>\n<\/ul>\n<p>\u00a0<\/p>\n<p><strong>Parteneriat cu un expert \u00een imprimare 3D \u0219i tastatur\u0103 cu membran\u0103<\/strong><\/p>\n<p>Cu ani de experien\u021b\u0103 \u00een imprimarea 3D \u0219i tehnologia tastaturilor cu membran\u0103, suntem partenerul dvs. de \u00eencredere pentru crearea de solu\u021bii personalizate care \u00eendeplinesc cerin\u021bele dvs. exacte. Echipa noastr\u0103 de exper\u021bi v\u0103 va ghida prin procesul de proiectare, asigur\u00e2ndu-se c\u0103 ve\u021bi ob\u021bine tastatura perfect\u0103 pentru aplica\u021bia dvs.<\/p>\n<p>\u00a0<\/p>\n<p><a href=\"https:\/\/membraneswitchmfg.com\/ro\/contact\/\"><strong>Contacta\u021bi-ne ast\u0103zi<\/strong>\u00a0<\/a>pentru a afla mai multe despre solu\u021biile noastre de tastatur\u0103 cu membran\u0103 flexibil\u0103 imprimat\u0103 3D \u0219i despre modul \u00een care v\u0103 putem ajuta s\u0103 v\u0103 revolu\u021biona\u021bi interfe\u021bele utilizator.<\/p>","protected":false},"excerpt":{"rendered":"<p>Tastaturile cu membran\u0103 flexibil\u0103 imprimate 3D reprezint\u0103 un progres revolu\u021bionar \u00een tehnologia interfe\u021bei cu utilizatorul, oferind o combina\u021bie unic\u0103 de personalizare, flexibilitate \u0219i durabilitate. Aceste tastaturi inovatoare sunt fabricate folosind tehnici avansate de imprimare 3D, permi\u021b\u00e2nd crearea de modele complexe \u0219i solu\u021bii personalizate pentru o gam\u0103 larg\u0103 de aplica\u021bii.<\/p>","protected":false},"featured_media":1763,"template":"","meta":[],"product_brand":[],"product_cat":[40],"product_tag":[],"class_list":{"0":"post-1787","1":"product","2":"type-product","3":"status-publish","4":"has-post-thumbnail","6":"product_cat-membrane-switch","8":"first","9":"instock","10":"shipping-taxable","11":"product-type-simple"},"_links":{"self":[{"href":"https:\/\/membraneswitchmfg.com\/ro\/wp-json\/wp\/v2\/product\/1787","targetHints":{"allow":["GET"]}}],"collection":[{"href":"https:\/\/membraneswitchmfg.com\/ro\/wp-json\/wp\/v2\/product"}],"about":[{"href":"https:\/\/membraneswitchmfg.com\/ro\/wp-json\/wp\/v2\/types\/product"}],"wp:featuredmedia":[{"embeddable":true,"href":"https:\/\/membraneswitchmfg.com\/ro\/wp-json\/wp\/v2\/media\/1763"}],"wp:attachment":[{"href":"https:\/\/membraneswitchmfg.com\/ro\/wp-json\/wp\/v2\/media?parent=1787"}],"wp:term":[{"taxonomy":"product_brand","embeddable":true,"href":"https:\/\/membraneswitchmfg.com\/ro\/wp-json\/wp\/v2\/product_brand?post=1787"},{"taxonomy":"product_cat","embeddable":true,"href":"https:\/\/membraneswitchmfg.com\/ro\/wp-json\/wp\/v2\/product_cat?post=1787"},{"taxonomy":"product_tag","embeddable":true,"href":"https:\/\/membraneswitchmfg.com\/ro\/wp-json\/wp\/v2\/product_tag?post=1787"}],"curies":[{"name":"wp","href":"https:\/\/api.w.org\/{rel}","templated":true}]}}