{"id":1788,"date":"2024-06-24T05:57:57","date_gmt":"2024-06-24T05:57:57","guid":{"rendered":"https:\/\/membraneswitchmfg.com\/manufacturer\/digitally-printed-graphics\/"},"modified":"2024-06-25T13:43:13","modified_gmt":"2024-06-25T13:43:13","slug":"digitally-printed-graphics","status":"publish","type":"product","link":"https:\/\/membraneswitchmfg.com\/ro\/manufacturer\/digitally-printed-graphics\/","title":{"rendered":"Grafic\u0103 imprimat\u0103 digital"},"content":{"rendered":"<h2><strong><b>Grafic\u0103 imprimat\u0103 digital: \u00cembun\u0103t\u0103\u021birea tastaturilor cu membran\u0103 cu designuri vibrante \u0219i durabilitate<\/b><\/strong><\/h2>\n<p><strong>Dezl\u0103n\u021bui\u021bi creativitatea designului<\/strong><\/p>\n<p>Imprimarea digital\u0103 permite crearea de designuri complicate, modele complexe \u0219i imagini fotorealiste, limitate doar de imagina\u021bia dumneavoastr\u0103. Acest lucru deschide o lume de posibilit\u0103\u021bi pentru personalizarea tastaturilor cu membran\u0103 pentru a se potrivi cu orice identitate de marc\u0103 sau estetic\u0103 a produsului.<\/p>\n<ul>\n<li><strong>\u00cencorpora\u021bi logo-urile companiei, elementele de branding \u0219i grafica produsului<\/strong><\/li>\n<li><strong>Crea\u021bi interfe\u021be atractive vizual \u0219i u\u0219or de utilizat<\/strong><\/li>\n<li><strong>\u00cembun\u0103t\u0103\u021bi\u021bi diferen\u021bierea produsului \u0219i recunoa\u0219terea m\u0103rcii<\/strong><\/li>\n<\/ul>\n<p><strong>Culori vibrante \u0219i impresii de lung\u0103 durat\u0103<\/strong><\/p>\n<p>Imprimarea digital\u0103 utilizeaz\u0103 cerneluri de \u00eenalt\u0103 calitate care produc culori bogate \u0219i vibrante, care rezist\u0103 la decolorare \u0219i uzur\u0103, chiar \u0219i \u00een medii dure. Acest lucru asigur\u0103 c\u0103 tastaturile dumneavoastr\u0103 cu membran\u0103 \u00ee\u0219i p\u0103streaz\u0103 atractivitatea vizual\u0103 \u0219i impactul ani de zile.<\/p>\n<ul>\n<li><strong>Text \u0219i simboluri clare \u0219i clare<\/strong><\/li>\n<li><strong>Reproducere constant\u0103 a culorilor \u00een toate tirajele de produc\u021bie<\/strong><\/li>\n<li><strong>Rezistent la zg\u00e2rieturi, substan\u021be chimice \u0219i raze UV<\/strong><\/li>\n<\/ul>\n<p><strong>Solu\u021bii durabile \u0219i rentabile<\/strong><\/p>\n<p>Grafica imprimat\u0103 digital nu este doar uimitoare din punct de vedere vizual, ci \u0219i foarte durabil\u0103, rezist\u00e2nd la utilizarea frecvent\u0103 \u0219i la agen\u021bii de cur\u0103\u021bare agresivi. Acest lucru le face o solu\u021bie rentabil\u0103 pentru tastaturi cu membran\u0103 de lung\u0103 durat\u0103, care \u00ee\u0219i men\u021bin aspectul \u0219i func\u021bionalitatea \u00een timp.<\/p>\n<p><strong>Aplica\u021bii<\/strong><\/p>\n<p>Grafica imprimat\u0103 digital este utilizat\u0103 pe scar\u0103 larg\u0103 \u00eentr-o gam\u0103 divers\u0103 de aplica\u021bii, inclusiv:<\/p>\n<ul>\n<li><strong>Panouri de comand\u0103 industriale<\/strong><\/li>\n<li><strong>Dispozitive medicale<\/strong><\/li>\n<li><strong>Electronice de consum<\/strong><\/li>\n<li><strong>Aparate electrocasnice<\/strong><\/li>\n<li><strong>Ma\u0219ini \u0219i echipamente<\/strong><\/li>\n<\/ul>\n<p><strong>Colabora\u021bi cu un produc\u0103tor experimentat de imprimare digital\u0103 \u0219i tastaturi cu membran\u0103<\/strong><\/p>\n<p>Cu ani de experien\u021b\u0103 \u00een imprimarea digital\u0103 \u0219i tehnologia tastaturilor cu membran\u0103, suntem sursa dumneavoastr\u0103 de \u00eencredere pentru tastaturi cu membran\u0103 personalizate, de \u00eenalt\u0103 calitate. Echipa noastr\u0103 de exper\u021bi va lucra \u00eendeaproape cu dumneavoastr\u0103 pentru a \u00een\u021belege cerin\u021bele dumneavoastr\u0103 de design \u0219i pentru a oferi solu\u021bia perfect\u0103 pentru a v\u0103 \u00eembun\u0103t\u0103\u021bi produsele.<\/p>\n<p><strong>Contacta\u021bi-ne ast\u0103zi<\/strong>\u00a0pentru a afla mai multe despre capacit\u0103\u021bile noastre de imprimare digital\u0103 \u0219i despre modul \u00een care v\u0103 putem ajuta s\u0103 v\u0103 \u00eembun\u0103t\u0103\u021bi\u021bi tastaturile cu membran\u0103 cu grafic\u0103 uimitoare \u0219i durabilitate de lung\u0103 durat\u0103.<\/p>","protected":false},"excerpt":{"rendered":"<p>Grafica imprimat\u0103 digital a revolu\u021bionat lumea comutatoarelor cu membran\u0103, oferind o flexibilitate de design f\u0103r\u0103 egal, culori vibrante \u0219i o durabilitate excep\u021bional\u0103. Aceast\u0103 tehnic\u0103 inovatoare de imprimare permite crearea de grafic\u0103, logo-uri \u0219i legende de \u00eenalt\u0103 rezolu\u021bie, care transform\u0103 comutatoarele cu membran\u0103 obi\u0219nuite \u00een interfe\u021be de utilizator atractive vizual \u0219i informative.<\/p>","protected":false},"featured_media":1764,"template":"","meta":[],"product_brand":[],"product_cat":[40],"product_tag":[],"class_list":{"0":"post-1788","1":"product","2":"type-product","3":"status-publish","4":"has-post-thumbnail","6":"product_cat-membrane-switch","8":"first","9":"instock","10":"shipping-taxable","11":"product-type-simple"},"_links":{"self":[{"href":"https:\/\/membraneswitchmfg.com\/ro\/wp-json\/wp\/v2\/product\/1788","targetHints":{"allow":["GET"]}}],"collection":[{"href":"https:\/\/membraneswitchmfg.com\/ro\/wp-json\/wp\/v2\/product"}],"about":[{"href":"https:\/\/membraneswitchmfg.com\/ro\/wp-json\/wp\/v2\/types\/product"}],"wp:featuredmedia":[{"embeddable":true,"href":"https:\/\/membraneswitchmfg.com\/ro\/wp-json\/wp\/v2\/media\/1764"}],"wp:attachment":[{"href":"https:\/\/membraneswitchmfg.com\/ro\/wp-json\/wp\/v2\/media?parent=1788"}],"wp:term":[{"taxonomy":"product_brand","embeddable":true,"href":"https:\/\/membraneswitchmfg.com\/ro\/wp-json\/wp\/v2\/product_brand?post=1788"},{"taxonomy":"product_cat","embeddable":true,"href":"https:\/\/membraneswitchmfg.com\/ro\/wp-json\/wp\/v2\/product_cat?post=1788"},{"taxonomy":"product_tag","embeddable":true,"href":"https:\/\/membraneswitchmfg.com\/ro\/wp-json\/wp\/v2\/product_tag?post=1788"}],"curies":[{"name":"wp","href":"https:\/\/api.w.org\/{rel}","templated":true}]}}