{"id":1789,"date":"2024-06-24T05:57:57","date_gmt":"2024-06-24T05:57:57","guid":{"rendered":"https:\/\/membraneswitchmfg.com\/manufacturer\/screen-printed-graphics\/"},"modified":"2024-06-25T13:37:37","modified_gmt":"2024-06-25T13:37:37","slug":"screen-printed-graphics","status":"publish","type":"product","link":"https:\/\/membraneswitchmfg.com\/ro\/manufacturer\/screen-printed-graphics\/","title":{"rendered":"Grafic\u0103 imprimat\u0103 prin serigrafie"},"content":{"rendered":"<h2><strong><b>Grafic\u0103 imprimat\u0103 prin serigrafie: Solu\u021bii durabile \u0219i rentabile pentru acoperirile comutatoarelor cu membran\u0103<\/b><\/strong><\/h2>\n<p><strong>Durabil \u0219i de lung\u0103 durat\u0103<\/strong><\/p>\n<p>Grafica imprimat\u0103 prin serigrafie este renumit\u0103 pentru durabilitatea sa excep\u021bional\u0103, rezist\u00e2nd mediilor dificile, utiliz\u0103rii frecvente \u0219i agen\u021bilor de cur\u0103\u021bare agresivi. Cerneala ader\u0103 ferm la materialul de suprapunere, rezist\u00e2nd la decolorare, zg\u00e2rieturi \u0219i substan\u021be chimice.<\/p>\n<ul>\n<li><strong>Culori \u0219i legende de lung\u0103 durat\u0103<\/strong><\/li>\n<li><strong>Potrivit pentru aplica\u021bii \u00een exterior \u0219i industriale<\/strong><\/li>\n<li><strong>Rezistent la uzur\u0103 \u0219i rupere<\/strong><\/li>\n<\/ul>\n<p><strong>Rentabil pentru produc\u021bia de volum mare<\/strong><\/p>\n<p>Serigrafia este deosebit de rentabil\u0103 pentru produc\u021biile de volum mare, deoarece costurile de instalare sunt distribuite pe un num\u0103r mare de unit\u0103\u021bi. Acest lucru o face alegerea ideal\u0103 pentru aplica\u021biile care necesit\u0103 un branding consistent \u0219i un nivel ridicat de durabilitate.<\/p>\n<ul>\n<li><strong>Costuri unitare mai mici pentru comenzi mari<\/strong><\/li>\n<li><strong>Calitate \u0219i aspect consecvent<\/strong><\/li>\n<li><strong>Potrivit pentru produc\u021bia \u00een mas\u0103<\/strong><\/li>\n<\/ul>\n<p><strong>Versatilitate \u0219i op\u021biuni de design<\/strong><\/p>\n<p>Serigrafia poate fi utilizat\u0103 cu o gam\u0103 larg\u0103 de materiale, inclusiv materiale plastice, metale \u0219i \u021bes\u0103turi. De asemenea, ofer\u0103 o varietate de op\u021biuni de design, inclusiv:<\/p>\n<ul>\n<li><strong>Text \u0219i simboluri clare \u0219i clare<\/strong><\/li>\n<li><strong>Culori vibrante \u0219i consistente<\/strong><\/li>\n<li><strong>Modele \u0219i texturi complicate<\/strong><\/li>\n<\/ul>\n<p><strong>Aplica\u021bii<\/strong><\/p>\n<p>Grafica imprimat\u0103 prin serigrafie este utilizat\u0103 pe scar\u0103 larg\u0103 \u00eentr-o gam\u0103 variat\u0103 de aplica\u021bii, inclusiv:<\/p>\n<ul>\n<li><strong>Suprapuneri pentru comutatoare cu membran\u0103<\/strong><\/li>\n<li><strong>Panouri de control<\/strong><\/li>\n<li><strong>Dispozitive medicale<\/strong><\/li>\n<li><strong>Electronice de consum<\/strong><\/li>\n<li><strong>Aparate electrocasnice<\/strong><\/li>\n<\/ul>\n<p><strong>Parteneriat cu un produc\u0103tor experimentat de serigrafie \u0219i comutatoare cu membran\u0103<\/strong><\/p>\n<p>Cu ani de experien\u021b\u0103 \u00een serigrafie \u0219i tehnologia comutatoarelor cu membran\u0103, suntem sursa dvs. de \u00eencredere pentru suprapuneri de comutatoare cu membran\u0103 de \u00eenalt\u0103 calitate, imprimate la comand\u0103. Echipa noastr\u0103 de exper\u021bi va lucra \u00eendeaproape cu dvs. pentru a se asigura c\u0103 desenele dvs. sunt reproduse cu acurate\u021be \u0219i c\u0103 comutatoarele cu membran\u0103 \u00eendeplinesc cerin\u021bele dvs. specifice de performan\u021b\u0103 \u0219i durabilitate.<\/p>\n<p><strong>Contacta\u021bi-ne ast\u0103zi<\/strong>\u00a0pentru a afla mai multe despre capacit\u0103\u021bile noastre de serigrafie \u0219i despre modul \u00een care v\u0103 putem ajuta s\u0103 crea\u021bi suprapuneri de comutatoare cu membran\u0103 durabile \u0219i rentabile.<\/p>","protected":false},"excerpt":{"rendered":"<p>Grafica imprimat\u0103 prin serigrafie ofer\u0103 o metod\u0103 testat\u0103 \u00een timp \u0219i rentabil\u0103 pentru crearea de suprapuneri durabile \u0219i atractive din punct de vedere vizual pentru comutatoarele cu membran\u0103. Aceast\u0103 tehnic\u0103 de imprimare versatil\u0103 utilizeaz\u0103 \u0219abloane \u0219i cerneluri pentru a transfera desenele pe o varietate de materiale, asigur\u00e2nd rezultate precise \u0219i consistente.<\/p>","protected":false},"featured_media":1765,"template":"","meta":[],"product_brand":[],"product_cat":[40],"product_tag":[],"class_list":{"0":"post-1789","1":"product","2":"type-product","3":"status-publish","4":"has-post-thumbnail","6":"product_cat-membrane-switch","8":"first","9":"instock","10":"shipping-taxable","11":"product-type-simple"},"_links":{"self":[{"href":"https:\/\/membraneswitchmfg.com\/ro\/wp-json\/wp\/v2\/product\/1789","targetHints":{"allow":["GET"]}}],"collection":[{"href":"https:\/\/membraneswitchmfg.com\/ro\/wp-json\/wp\/v2\/product"}],"about":[{"href":"https:\/\/membraneswitchmfg.com\/ro\/wp-json\/wp\/v2\/types\/product"}],"wp:featuredmedia":[{"embeddable":true,"href":"https:\/\/membraneswitchmfg.com\/ro\/wp-json\/wp\/v2\/media\/1765"}],"wp:attachment":[{"href":"https:\/\/membraneswitchmfg.com\/ro\/wp-json\/wp\/v2\/media?parent=1789"}],"wp:term":[{"taxonomy":"product_brand","embeddable":true,"href":"https:\/\/membraneswitchmfg.com\/ro\/wp-json\/wp\/v2\/product_brand?post=1789"},{"taxonomy":"product_cat","embeddable":true,"href":"https:\/\/membraneswitchmfg.com\/ro\/wp-json\/wp\/v2\/product_cat?post=1789"},{"taxonomy":"product_tag","embeddable":true,"href":"https:\/\/membraneswitchmfg.com\/ro\/wp-json\/wp\/v2\/product_tag?post=1789"}],"curies":[{"name":"wp","href":"https:\/\/api.w.org\/{rel}","templated":true}]}}