{"id":1791,"date":"2024-06-24T05:57:58","date_gmt":"2024-06-24T05:57:58","guid":{"rendered":"https:\/\/membraneswitchmfg.com\/manufacturer\/anti-glare-membrane-switch\/"},"modified":"2024-06-25T13:10:23","modified_gmt":"2024-06-25T13:10:23","slug":"anti-glare-membrane-switch","status":"publish","type":"product","link":"https:\/\/membraneswitchmfg.com\/ro\/manufacturer\/anti-glare-membrane-switch\/","title":{"rendered":"Comutator cu membran\u0103 antiorbire"},"content":{"rendered":"<h2><strong><b>Comutatoare cu membran\u0103 anti-reflexie: \u00cembun\u0103t\u0103\u021birea vizibilit\u0103\u021bii \u0219i a experien\u021bei utilizatorului \u00een medii luminoase<\/b><\/strong><\/h2>\n<p><strong>Combaterea str\u0103lucirii \u0219i a reflexiilor<\/strong><\/p>\n<p>Comutatoarele cu membran\u0103 anti-reflexie au o textur\u0103 sau un strat de suprafa\u021b\u0103 unic care difuzeaz\u0103 lumina, reduc\u00e2nd intensitatea reflexiilor \u0219i minimiz\u00e2nd str\u0103lucirea. Acest lucru permite utilizatorilor s\u0103 citeasc\u0103 cu u\u0219urin\u021b\u0103 legendele \u0219i pictogramele, chiar \u0219i \u00een condi\u021bii de iluminare puternic\u0103.<\/p>\n<ul>\n<li><strong>Vizibilitate \u00eembun\u0103t\u0103\u021bit\u0103 \u00een lumina direct\u0103 a soarelui sau \u00een iluminatul puternic<\/strong><\/li>\n<li><strong>Reducerea oboselii ochilor<\/strong><\/li>\n<li><strong>Confort \u0219i productivitate sporite pentru utilizator<\/strong><\/li>\n<\/ul>\n<p><strong>Potrivit pentru medii diverse<\/strong><\/p>\n<p>Comutatoarele cu membran\u0103 anti-reflexie sunt potrivite \u00een special pentru aplica\u021bii \u00een care str\u0103lucirea este o problem\u0103 frecvent\u0103, cum ar fi:<\/p>\n<ul>\n<li><strong>Panouri de comand\u0103 industriale<\/strong><\/li>\n<li><strong>Echipament medical<\/strong><\/li>\n<li><strong>Chio\u0219curi \u0219i semnalizare exterioar\u0103<\/strong><\/li>\n<li><strong>Medii de v\u00e2nzare cu am\u0103nuntul \u0219i comerciale<\/strong><\/li>\n<li><strong>Console de transport<\/strong><\/li>\n<\/ul>\n<p><strong>Design durabil \u0219i func\u021bional<\/strong><\/p>\n<p>\u00cen ciuda propriet\u0103\u021bilor lor anti-reflexie, comutatoarele cu membran\u0103 anti-reflexie men\u021bin durabilitatea \u0219i func\u021bionalitatea a\u0219teptate de la comutatoarele cu membran\u0103 standard. Sunt rezistente la zg\u00e2rieturi, substan\u021be chimice \u0219i raze UV, asigur\u00e2nd o performan\u021b\u0103 de lung\u0103 durat\u0103.<\/p>\n<ul>\n<li><strong>Feedback tactil clar \u0219i receptiv<\/strong><\/li>\n<li><strong>Rezistent la zg\u00e2rieturi, substan\u021be chimice \u0219i raze UV<\/strong><\/li>\n<li><strong>Performan\u021b\u0103 de lung\u0103 durat\u0103 \u00een medii solicitante<\/strong><\/li>\n<\/ul>\n<p><strong>Aplica\u021bii<\/strong><\/p>\n<p>Comutatoarele cu membran\u0103 anti-reflexie sunt utilizate pe scar\u0103 larg\u0103 \u00eentr-o gam\u0103 divers\u0103 de aplica\u021bii \u00een care vizibilitatea clar\u0103 \u0219i experien\u021ba utilizatorului sunt cruciale, inclusiv:<\/p>\n<ul>\n<li><strong>Panouri de control industrial:<\/strong>Fabrici, depozite, centrale electrice<\/li>\n<li><strong>Echipament medical:<\/strong>Monitoare pentru pacien\u021bi, console chirurgicale, dispozitive de diagnosticare<\/li>\n<li><strong>Chio\u0219curi \u0219i semnalizare exterioar\u0103:<\/strong>ATM-uri, chio\u0219curi de informare, semnalizare digital\u0103<\/li>\n<li><strong>Medii de v\u00e2nzare cu am\u0103nuntul \u0219i comerciale:<\/strong>Terminale POS, case de marcat, automate de v\u00e2nzare<\/li>\n<li><strong>Console de transport:<\/strong>Cabine de pilotaj ale aeronavelor, panouri de control ale trenurilor, tablouri de bord ale autobuzelor<\/li>\n<\/ul>\n<p><strong>Colabora\u021bi cu un produc\u0103tor experimentat de comutatoare cu membran\u0103 anti-reflexie<\/strong><\/p>\n<p>Cu ani de experien\u021b\u0103 \u00een tehnologia anti-reflexie \u0219i fabricarea comutatoarelor cu membran\u0103, suntem sursa dvs. de \u00eencredere pentru comutatoare cu membran\u0103 anti-reflexie de \u00eenalt\u0103 calitate. Echipa noastr\u0103 de exper\u021bi va lucra \u00eendeaproape cu dvs. pentru a \u00een\u021belege nevoile dvs. specifice \u0219i pentru a oferi solu\u021bii personalizate care \u00eembun\u0103t\u0103\u021besc vizibilitatea \u0219i experien\u021ba utilizatorului.<\/p>\n<p><strong>Contacta\u021bi-ne ast\u0103zi<\/strong>\u00a0pentru a afla mai multe despre solu\u021biile noastre de comutatoare cu membran\u0103 anti-reflexie \u0219i despre modul \u00een care v\u0103 putem ajuta s\u0103 crea\u021bi interfe\u021be clare \u0219i u\u0219or de utilizat pentru produsele dvs.<\/p>","protected":false},"excerpt":{"rendered":"<p>\u00cen medii cu iluminare puternic\u0103 sau lumina direct\u0103 a soarelui, comutatoarele cu membran\u0103 conven\u021bionale pot suferi de str\u0103lucire \u0219i vizibilitate redus\u0103, ceea ce face dificil\u0103 operarea eficient\u0103 a acestora de c\u0103tre utilizatori. Comutatoarele cu membran\u0103 anti-reflexie abordeaz\u0103 aceast\u0103 provocare prin \u00eencorporarea de materiale specializate \u0219i tratamente de suprafa\u021b\u0103 care minimizeaz\u0103 str\u0103lucirea \u0219i reflexiile, asigur\u00e2nd o vizibilitate clar\u0103 \u0219i o experien\u021b\u0103 optim\u0103 pentru utilizator.<\/p>","protected":false},"featured_media":1767,"template":"","meta":[],"product_brand":[],"product_cat":[40],"product_tag":[],"class_list":{"0":"post-1791","1":"product","2":"type-product","3":"status-publish","4":"has-post-thumbnail","6":"product_cat-membrane-switch","8":"first","9":"instock","10":"shipping-taxable","11":"product-type-simple"},"_links":{"self":[{"href":"https:\/\/membraneswitchmfg.com\/ro\/wp-json\/wp\/v2\/product\/1791","targetHints":{"allow":["GET"]}}],"collection":[{"href":"https:\/\/membraneswitchmfg.com\/ro\/wp-json\/wp\/v2\/product"}],"about":[{"href":"https:\/\/membraneswitchmfg.com\/ro\/wp-json\/wp\/v2\/types\/product"}],"wp:featuredmedia":[{"embeddable":true,"href":"https:\/\/membraneswitchmfg.com\/ro\/wp-json\/wp\/v2\/media\/1767"}],"wp:attachment":[{"href":"https:\/\/membraneswitchmfg.com\/ro\/wp-json\/wp\/v2\/media?parent=1791"}],"wp:term":[{"taxonomy":"product_brand","embeddable":true,"href":"https:\/\/membraneswitchmfg.com\/ro\/wp-json\/wp\/v2\/product_brand?post=1791"},{"taxonomy":"product_cat","embeddable":true,"href":"https:\/\/membraneswitchmfg.com\/ro\/wp-json\/wp\/v2\/product_cat?post=1791"},{"taxonomy":"product_tag","embeddable":true,"href":"https:\/\/membraneswitchmfg.com\/ro\/wp-json\/wp\/v2\/product_tag?post=1791"}],"curies":[{"name":"wp","href":"https:\/\/api.w.org\/{rel}","templated":true}]}}