{"id":1793,"date":"2024-06-24T05:57:58","date_gmt":"2024-06-24T05:57:58","guid":{"rendered":"https:\/\/membraneswitchmfg.com\/manufacturer\/ip68-waterproof-membrane-switch\/"},"modified":"2024-06-25T12:29:03","modified_gmt":"2024-06-25T12:29:03","slug":"ip68-waterproof-membrane-switch","status":"publish","type":"product","link":"https:\/\/membraneswitchmfg.com\/ro\/manufacturer\/ip68-waterproof-membrane-switch\/","title":{"rendered":"Comutator cu membran\u0103 impermeabil IP68"},"content":{"rendered":"<h2><strong><b>\u00centrerup\u0103toare cu membran\u0103 impermeabil\u0103 IP68: Asigurarea func\u021bion\u0103rii fiabile \u00een medii dificile<\/b><\/strong><\/h2>\n<p><strong>Protec\u021bie impermeabil\u0103 de neegalat<\/strong><\/p>\n<p>Comutatoarele cu membran\u0103 impermeabile IP68 sunt meticulos sigilate \u0219i construite pentru a preveni orice p\u0103trundere de ap\u0103, praf sau al\u021bi contaminan\u021bi. Acest nivel excep\u021bional de protec\u021bie le face ideale pentru utilizarea \u00een medii solicitante, cum ar fi:<\/p>\n<ul>\n<li><strong>Aplica\u021bii \u00een exterior:<\/strong>Chio\u0219curi, semnalizare, panouri de control industrial<\/li>\n<li><strong>Mediile marine:<\/strong>Comenzi pentru ambarca\u021biuni, sisteme de naviga\u021bie, echipamente de comunicare<\/li>\n<li><strong>Industria alimentar\u0103 \u0219i a b\u0103uturilor:<\/strong>Zone de sp\u0103lare, controale ale utilajelor, echipamente de ambalare<\/li>\n<li><strong>Cadre medicale \u0219i de laborator:<\/strong>medii sterile, echipamente chirurgicale, dispozitive de diagnosticare<\/li>\n<\/ul>\n<p><strong>Durabilitate \u0219i fiabilitate<\/strong><\/p>\n<p>Dincolo de capacit\u0103\u021bile lor de impermeabilitate, comutatoarele cu membran\u0103 impermeabil\u0103 IP68 sunt, de asemenea, proiectate pentru o durabilitate excep\u021bional\u0103, rezist\u00e2nd la condi\u021bii de operare dure, utilizare frecvent\u0103 \u0219i agen\u021bi de cur\u0103\u021bare agresivi. Acest lucru asigur\u0103 performan\u021be de lung\u0103 durat\u0103 \u0219i un cost total de proprietate sc\u0103zut.<\/p>\n<ul>\n<li><strong>Rezistent la zg\u00e2rieturi, substan\u021be chimice \u0219i raze UV<\/strong><\/li>\n<li><strong>Interval larg de temperatur\u0103 de func\u021bionare<\/strong><\/li>\n<li><strong>Durat\u0103 de via\u021b\u0103 lung\u0103 chiar \u0219i \u00een medii solicitante<\/strong><\/li>\n<\/ul>\n<p><strong>Solu\u021bii personalizabile<\/strong><\/p>\n<p>Oferim o gam\u0103 larg\u0103 de op\u021biuni de personalizare pentru comutatoarele cu membran\u0103 impermeabil\u0103 IP68, inclusiv:<\/p>\n<ul>\n<li><strong>Varietate de dimensiuni \u0219i stiluri de \u00eentrerup\u0103toare<\/strong><\/li>\n<li><strong>Grafic\u0103 \u0219i legende personalizate<\/strong><\/li>\n<li><strong>Op\u021biuni de iluminare din spate \u0219i iluminare<\/strong><\/li>\n<li><strong>Integrarea de componente suplimentare<\/strong><\/li>\n<\/ul>\n<p><strong>Parteneriat cu un produc\u0103tor experimentat de comutatoare cu membran\u0103 impermeabil\u0103 IP68<\/strong><\/p>\n<p>Cu ani de experien\u021b\u0103 \u00een tehnologia comutatoarelor cu membran\u0103 impermeabil\u0103 \u0219i un angajament fa\u021b\u0103 de calitate, suntem sursa dvs. de \u00eencredere pentru comutatoare cu membran\u0103 impermeabil\u0103 IP68 personalizate. Echipa noastr\u0103 de exper\u021bi va lucra \u00eendeaproape cu dvs. pentru a v\u0103 \u00een\u021belege nevoile specifice \u0219i pentru a v\u0103 oferi solu\u021bii care s\u0103 asigure func\u021bionarea fiabil\u0103 \u0219i performan\u021ba de lung\u0103 durat\u0103 chiar \u0219i \u00een cele mai dificile medii.<\/p>\n<p><strong>Contacta\u021bi-ne ast\u0103zi<\/strong>\u00a0pentru a afla mai multe despre solu\u021biile noastre de comutatoare cu membran\u0103 impermeabil\u0103 IP68 \u0219i despre modul \u00een care v\u0103 putem ajuta s\u0103 v\u0103 proteja\u021bi echipamentele critice \u0219i s\u0103 asigura\u021bi func\u021bionarea f\u0103r\u0103 probleme \u00een orice mediu.<\/p>","protected":false},"excerpt":{"rendered":"<p>\u00cen aplica\u021biile \u00een care expunerea la ap\u0103, praf \u0219i alte condi\u021bii dificile reprezint\u0103 o problem\u0103, comutatoarele cu membran\u0103 impermeabil\u0103 IP68 ofer\u0103 cea mai bun\u0103 protec\u021bie. Aceste comutatoare robuste sunt concepute pentru a \u00eendeplini cerin\u021bele stricte ale standardului de protec\u021bie \u00eempotriva p\u0103trunderii IP68, asigur\u00e2nd o func\u021bionare fiabil\u0103 chiar \u0219i atunci c\u00e2nd sunt scufundate \u00een ap\u0103 sau supuse la p\u0103trunderi extreme de praf \u0219i murd\u0103rie.<\/p>","protected":false},"featured_media":1769,"template":"","meta":[],"product_brand":[],"product_cat":[40],"product_tag":[],"class_list":{"0":"post-1793","1":"product","2":"type-product","3":"status-publish","4":"has-post-thumbnail","6":"product_cat-membrane-switch","8":"first","9":"instock","10":"shipping-taxable","11":"product-type-simple"},"_links":{"self":[{"href":"https:\/\/membraneswitchmfg.com\/ro\/wp-json\/wp\/v2\/product\/1793","targetHints":{"allow":["GET"]}}],"collection":[{"href":"https:\/\/membraneswitchmfg.com\/ro\/wp-json\/wp\/v2\/product"}],"about":[{"href":"https:\/\/membraneswitchmfg.com\/ro\/wp-json\/wp\/v2\/types\/product"}],"wp:featuredmedia":[{"embeddable":true,"href":"https:\/\/membraneswitchmfg.com\/ro\/wp-json\/wp\/v2\/media\/1769"}],"wp:attachment":[{"href":"https:\/\/membraneswitchmfg.com\/ro\/wp-json\/wp\/v2\/media?parent=1793"}],"wp:term":[{"taxonomy":"product_brand","embeddable":true,"href":"https:\/\/membraneswitchmfg.com\/ro\/wp-json\/wp\/v2\/product_brand?post=1793"},{"taxonomy":"product_cat","embeddable":true,"href":"https:\/\/membraneswitchmfg.com\/ro\/wp-json\/wp\/v2\/product_cat?post=1793"},{"taxonomy":"product_tag","embeddable":true,"href":"https:\/\/membraneswitchmfg.com\/ro\/wp-json\/wp\/v2\/product_tag?post=1793"}],"curies":[{"name":"wp","href":"https:\/\/api.w.org\/{rel}","templated":true}]}}