{"id":1795,"date":"2024-06-24T05:57:58","date_gmt":"2024-06-24T05:57:58","guid":{"rendered":"https:\/\/membraneswitchmfg.com\/manufacturer\/membrane-keypads-and-keyboards\/"},"modified":"2024-06-25T12:34:01","modified_gmt":"2024-06-25T12:34:01","slug":"membrane-keypads-and-keyboards","status":"publish","type":"product","link":"https:\/\/membraneswitchmfg.com\/ro\/manufacturer\/membrane-keypads-and-keyboards\/","title":{"rendered":"Tastaturi \u0219i tastaturi cu membran\u0103"},"content":{"rendered":"<h2><strong><b>Membrane Tastaturi \u0219i Pl\u0103ci Frontale: Solu\u021bii de Intrare Fiabile \u0219i Economice<\/b><\/strong><\/h2>\n<p><strong>Durabile \u0219i Economice<\/strong><\/p>\n<p>Tastaturile \u0219i pl\u0103cile frontale cu membran\u0103 sunt renumite pentru durabilitatea \u0219i accesibilitatea lor. Construc\u021bia simpl\u0103 \u0219i lipsa pieselor mobile le fac mai pu\u021bin susceptibile la uzur\u0103, prelungindu-le durata de via\u021b\u0103. \u00cen plus, procesul de fabrica\u021bie este relativ ieftin, rezult\u00e2nd costuri mai mici \u00een compara\u021bie cu alte dispozitive de intrare.<\/p>\n<ul>\n<li><strong>Durat\u0103 lung\u0103 de via\u021b\u0103 cu \u00eentre\u021binere minim\u0103<\/strong><\/li>\n<li><strong>Solu\u021bie rentabil\u0103 pentru aplica\u021bii de volum mare<\/strong><\/li>\n<li><strong>Potrivite pentru medii dure \u0219i utilizare frecvent\u0103<\/strong><\/li>\n<\/ul>\n<p><strong>Aplica\u021bii Versatile<\/strong><\/p>\n<p>Tastaturile \u0219i pl\u0103cile frontale cu membran\u0103 sunt dispozitive de intrare versatile, potrivite pentru o gam\u0103 divers\u0103 de aplica\u021bii, inclusiv:<\/p>\n<ul>\n<li><strong>Panouri de comand\u0103 industriale<\/strong><\/li>\n<li><strong>Dispozitive medicale<\/strong><\/li>\n<li><strong>Electronice de consum<\/strong><\/li>\n<li><strong>Aparate electrocasnice<\/strong><\/li>\n<li><strong>Automate de v\u00e2nzare<\/strong><\/li>\n<li><strong>Bancomate (ATM-uri)<\/strong><\/li>\n<\/ul>\n<p><strong>Op\u021biuni personalizabile<\/strong><\/p>\n<p>Tastaturile \u0219i pl\u0103cile frontale cu membran\u0103 pot fi personalizate pentru a satisface cerin\u021be specifice, inclusiv:<\/p>\n<ul>\n<li><strong>Varietate de aspecte \u0219i dimensiuni ale tastelor<\/strong><\/li>\n<li><strong>Grafic\u0103 \u0219i legende personalizate<\/strong><\/li>\n<li><strong>Op\u021biuni de iluminare din spate \u0219i iluminare<\/strong><\/li>\n<li><strong>Integrarea de componente suplimentare<\/strong><\/li>\n<\/ul>\n<p><strong>Colabora\u021bi cu un Produc\u0103tor Experimentat de Tastaturi \u0219i Pl\u0103ci Frontale cu Membran\u0103<\/strong><\/p>\n<p>Cu ani de experien\u021b\u0103 \u00een tehnologia tastaturilor \u0219i pl\u0103cilor frontale cu membran\u0103, suntem sursa dumneavoastr\u0103 de \u00eencredere pentru solu\u021bii de intrare personalizate, de \u00eenalt\u0103 calitate. Echipa noastr\u0103 de exper\u021bi va lucra \u00eendeaproape cu dumneavoastr\u0103 pentru a \u00een\u021belege nevoile dumneavoastr\u0103 specifice \u0219i pentru a oferi solu\u021bii care ofer\u0103 performan\u021b\u0103 fiabil\u0103, rentabilitate \u0219i versatilitate.<\/p>\n<p><strong><a href=\"https:\/\/membraneswitchmfg.com\/ro\/contact\/\">Contacta\u021bi-ne <\/a>ast\u0103zi<\/strong>\u00a0pentru a afla mai multe despre solu\u021biile noastre de tastaturi \u0219i pl\u0103ci frontale cu membran\u0103 \u0219i despre modul \u00een care v\u0103 putem ajuta s\u0103 crea\u021bi dispozitive de intrare u\u0219or de utilizat \u0219i durabile pentru aplica\u021biile dumneavoastr\u0103.<\/p>","protected":false},"excerpt":{"rendered":"<p>Tastaturile \u0219i tastaturile cu membran\u0103 ofer\u0103 o solu\u021bie fiabil\u0103 \u0219i rentabil\u0103 pentru o gam\u0103 larg\u0103 de aplica\u021bii de introducere. Aceste dispozitive de intrare utilizeaz\u0103 un design unic care utilizeaz\u0103 membrane sensibile la presiune \u0219i urme conductoare pentru a \u00eenregistra ap\u0103s\u0103rile de taste, oferind un r\u0103spuns tactil \u0219i performan\u021be de lung\u0103 durat\u0103.<\/p>","protected":false},"featured_media":1751,"template":"","meta":[],"product_brand":[],"product_cat":[40],"product_tag":[],"class_list":{"0":"post-1795","1":"product","2":"type-product","3":"status-publish","4":"has-post-thumbnail","6":"product_cat-membrane-switch","8":"first","9":"instock","10":"shipping-taxable","11":"product-type-simple"},"_links":{"self":[{"href":"https:\/\/membraneswitchmfg.com\/ro\/wp-json\/wp\/v2\/product\/1795","targetHints":{"allow":["GET"]}}],"collection":[{"href":"https:\/\/membraneswitchmfg.com\/ro\/wp-json\/wp\/v2\/product"}],"about":[{"href":"https:\/\/membraneswitchmfg.com\/ro\/wp-json\/wp\/v2\/types\/product"}],"wp:featuredmedia":[{"embeddable":true,"href":"https:\/\/membraneswitchmfg.com\/ro\/wp-json\/wp\/v2\/media\/1751"}],"wp:attachment":[{"href":"https:\/\/membraneswitchmfg.com\/ro\/wp-json\/wp\/v2\/media?parent=1795"}],"wp:term":[{"taxonomy":"product_brand","embeddable":true,"href":"https:\/\/membraneswitchmfg.com\/ro\/wp-json\/wp\/v2\/product_brand?post=1795"},{"taxonomy":"product_cat","embeddable":true,"href":"https:\/\/membraneswitchmfg.com\/ro\/wp-json\/wp\/v2\/product_cat?post=1795"},{"taxonomy":"product_tag","embeddable":true,"href":"https:\/\/membraneswitchmfg.com\/ro\/wp-json\/wp\/v2\/product_tag?post=1795"}],"curies":[{"name":"wp","href":"https:\/\/api.w.org\/{rel}","templated":true}]}}