{"id":1975,"date":"2024-06-30T14:12:55","date_gmt":"2024-06-30T14:12:55","guid":{"rendered":"https:\/\/membraneswitchmfg.com\/?post_type=product&#038;p=1975"},"modified":"2024-06-30T14:19:38","modified_gmt":"2024-06-30T14:19:38","slug":"pc-print-label","status":"publish","type":"product","link":"https:\/\/membraneswitchmfg.com\/ro\/manufacturer\/pc-print-label\/","title":{"rendered":"PC Imprimare etichet\u0103"},"content":{"rendered":"<p data-sourcepos=\"3:1-3:59\"><strong>PC Imprimare etichet\u0103:<\/strong> Furnizarea de solu\u021bii eficiente de etichetare<\/p>\n<p data-sourcepos=\"5:1-5:8\">PC Print Label este o solu\u021bie software complet\u0103 care simplific\u0103 procesul de creare \u0219i imprimare a etichetelor pentru o gam\u0103 larg\u0103 de aplica\u021bii. Fie c\u0103 trebuie s\u0103 eticheta\u021bi produse, s\u0103 expedia\u021bi colete sau s\u0103 v\u0103 organiza\u021bi inventarul, PC Print Label v\u0103 ofer\u0103 instrumentele \u0219i flexibilitatea necesare pentru a v\u0103 gestiona cu u\u0219urin\u021b\u0103 sarcinile de etichetare.<\/p>\n<p data-sourcepos=\"7:1-7:17\"><strong>Caracteristici principale:<\/strong><\/p>\n<ul data-sourcepos=\"9:1-9:23\">\n<li data-sourcepos=\"9:1-9:23\">\n<p data-sourcepos=\"9:3-9:144\"><strong>Design intuitiv:<\/strong> PC Print Label dispune de o interfa\u021b\u0103 u\u0219or de utilizat, care faciliteaz\u0103 proiectarea \u0219i personalizarea etichetelor chiar \u0219i pentru utilizatorii \u00eencep\u0103tori.<\/p>\n<\/li>\n<li data-sourcepos=\"11:1-11:46\">\n<p data-sourcepos=\"11:3-11:46\"><strong>Modele de etichete versatile:<\/strong> Alege\u021bi dintr-o selec\u021bie larg\u0103 de modele de etichete predefinite sau crea\u021bi-v\u0103 propriile modele unice utiliz\u00e2nd puternicul editor de etichete.<\/p>\n<\/li>\n<li data-sourcepos=\"13:1-14:0\">\n<p data-sourcepos=\"13:3-13:189\"><strong>Integrarea dinamic\u0103 a datelor:<\/strong> Importa\u021bi date din diverse surse, cum ar fi foi de calcul sau baze de date, pentru a personaliza etichetele cu informa\u021bii despre produse, detalii despre clien\u021bi sau adrese de expediere.<\/p>\n<\/li>\n<li data-sourcepos=\"15:1-16:0\">\n<p data-sourcepos=\"15:3-15:116\"><strong>Generarea codurilor de bare:<\/strong> Genera\u021bi \u0219i imprima\u021bi coduri de bare pentru identificarea eficient\u0103 a produselor \u0219i gestionarea stocurilor.<\/p>\n<\/li>\n<li data-sourcepos=\"17:1-17:140\">\n<p data-sourcepos=\"17:3-17:140\"><strong>Op\u021biuni flexibile de imprimare:<\/strong> Imprima\u021bi etichete pe o varietate de imprimante de etichete, inclusiv imprimante desktop standard, imprimante de etichete dedicate \u0219i imprimante de etichete industriale.<\/p>\n<\/li>\n<\/ul>","protected":false},"excerpt":{"rendered":"<p>Cu caracteristicile sale complete \u0219i interfa\u021ba prietenoas\u0103, PC Print Label este un instrument indispensabil pentru companiile \u0219i persoanele fizice care se bazeaz\u0103 pe solu\u021bii de etichetare eficiente \u0219i precise. \u00cembun\u0103t\u0103\u021bi\u021bi productivitatea \u0219i organizarea etichet\u0103rii cu PC Print Label.<\/p>","protected":false},"featured_media":1976,"template":"","meta":[],"product_brand":[],"product_cat":[15],"product_tag":[],"class_list":{"0":"post-1975","1":"product","2":"type-product","3":"status-publish","4":"has-post-thumbnail","6":"product_cat-print-label","8":"first","9":"instock","10":"shipping-taxable","11":"product-type-simple"},"_links":{"self":[{"href":"https:\/\/membraneswitchmfg.com\/ro\/wp-json\/wp\/v2\/product\/1975","targetHints":{"allow":["GET"]}}],"collection":[{"href":"https:\/\/membraneswitchmfg.com\/ro\/wp-json\/wp\/v2\/product"}],"about":[{"href":"https:\/\/membraneswitchmfg.com\/ro\/wp-json\/wp\/v2\/types\/product"}],"wp:featuredmedia":[{"embeddable":true,"href":"https:\/\/membraneswitchmfg.com\/ro\/wp-json\/wp\/v2\/media\/1976"}],"wp:attachment":[{"href":"https:\/\/membraneswitchmfg.com\/ro\/wp-json\/wp\/v2\/media?parent=1975"}],"wp:term":[{"taxonomy":"product_brand","embeddable":true,"href":"https:\/\/membraneswitchmfg.com\/ro\/wp-json\/wp\/v2\/product_brand?post=1975"},{"taxonomy":"product_cat","embeddable":true,"href":"https:\/\/membraneswitchmfg.com\/ro\/wp-json\/wp\/v2\/product_cat?post=1975"},{"taxonomy":"product_tag","embeddable":true,"href":"https:\/\/membraneswitchmfg.com\/ro\/wp-json\/wp\/v2\/product_tag?post=1975"}],"curies":[{"name":"wp","href":"https:\/\/api.w.org\/{rel}","templated":true}]}}