{"id":2227,"date":"2024-07-22T14:19:04","date_gmt":"2024-07-22T14:19:04","guid":{"rendered":"https:\/\/membraneswitchmfg.com\/manufacturer\/silicone-gasket\/"},"modified":"2024-07-25T06:04:54","modified_gmt":"2024-07-25T06:04:54","slug":"silicone-gasket","status":"publish","type":"product","link":"https:\/\/membraneswitchmfg.com\/ro\/manufacturer\/silicone-gasket\/","title":{"rendered":"Garnitur\u0103 din silicon"},"content":{"rendered":"<h2><strong>Caracteristici principale:<\/strong><\/h2>\n<p>1.Rezisten\u021b\u0103 la temperaturi ridicate: Garniturile noastre din silicon pot rezista la temperaturi extreme, variind de la -60\u00b0C la 230\u00b0C, ceea ce le face potrivite at\u00e2t pentru medii cu temperaturi ridicate, c\u00e2t \u0219i pentru medii de congelare.<\/p>\n<p>2.Flexibilitate \u0219i elasticitate excelente: Flexibilitatea inerent\u0103 a siliconului permite garniturilor noastre s\u0103 se adapteze la suprafe\u021be neregulate, asigur\u00e2nd o etan\u0219are etan\u0219\u0103 \u0219i fiabil\u0103 chiar \u0219i sub presiune ridicat\u0103.<\/p>\n<p>3. Rezisten\u021b\u0103 chimic\u0103 superioar\u0103: Rezistente la o gam\u0103 larg\u0103 de substan\u021be chimice, uleiuri \u0219i solven\u021bi, garniturile noastre din silicon \u00ee\u0219i men\u021bin integritatea \u0219i performan\u021ba \u00een cele mai dificile medii.<\/p>\n<p>4.Durabilitate \u00eendelungat\u0103: Proiectate pentru longevitate, aceste garnituri rezist\u0103 \u00eemb\u0103tr\u00e2nirii, intemperiilor \u0219i expunerii la UV, asigur\u00e2nd o durat\u0103 de via\u021b\u0103 prelungit\u0103 cu \u00eentre\u021binere minim\u0103.<\/p>\n<p>5.FDA \u0219i op\u021biuni de grad medical: Disponibile \u00een op\u021biuni de grad alimentar \u0219i medical, garniturile noastre de silicon sunt sigure pentru utilizarea \u00een procesarea alimentelor, produse farmaceutice \u0219i aplica\u021bii medicale.<\/p>\n<h2><strong>Garnituri din silicon Aplica\u021bii:<\/strong><\/h2>\n<p>1.Automobile: Ideal pentru motoare, transmisii \u0219i sisteme de evacuare, asigur\u00e2nd o etan\u0219are fiabil\u0103 \u00een condi\u021bii extreme.<\/p>\n<p>2.Echipamente industriale: Potrivit pentru pompe, compresoare \u0219i utilaje, prevenind scurgerile \u0219i asigur\u00e2nd func\u021bionarea eficient\u0103.<\/p>\n<p>3.Alimente \u0219i b\u0103uturi: Perfect pentru etan\u0219area echipamentelor de procesare a alimentelor, asigur\u00e2nd standardele de igien\u0103 \u0219i siguran\u021b\u0103.<\/p>\n<p>4.Dispozitive medicale: Sigur pentru utilizarea \u00een dispozitive \u0219i echipamente medicale, oferind etan\u0219are fiabil\u0103 \u00een aplica\u021bii critice.<\/p>\n<p>5.Electronics: Eficient pentru etan\u0219area carcaselor electronice, protej\u00e2nd componentele sensibile de umiditate \u0219i praf.<\/p>","protected":false},"excerpt":{"rendered":"<p>Descoperi\u021bi cea mai bun\u0103 solu\u021bie de etan\u0219are cu garniturile noastre premium din silicon. Proiectate pentru a oferi performan\u021be excep\u021bionale, aceste garnituri sunt concepute pentru a \u00eendeplini cerin\u021bele riguroase ale diferitelor industrii, asigur\u00e2nd o etan\u0219are perfect\u0103 de fiecare dat\u0103. Fie c\u0103 dori\u021bi s\u0103 \u00eembun\u0103t\u0103\u021bi\u021bi durabilitatea echipamentului dvs. sau s\u0103 asigura\u021bi un mediu etan\u0219, garniturile noastre din silicon sunt alegerea ideal\u0103. angajamentul nostru fa\u021b\u0103 de calitate \u0219i inovare asigur\u0103 faptul c\u0103 garniturile noastre din silicon \u00eendeplinesc cele mai \u00eenalte standarde industriale. Oferim o gam\u0103 larg\u0103 de dimensiuni, forme \u0219i op\u021biuni personalizate pentru a r\u0103spunde nevoilor dumneavoastr\u0103 specifice. Cu ajutorul echipei noastre de exper\u021bi \u0219i al proceselor avansate de fabrica\u021bie, furniz\u0103m garnituri care ofer\u0103 performan\u021b\u0103 \u0219i fiabilitate constante.<\/p>","protected":false},"featured_media":2216,"template":"","meta":[],"product_brand":[],"product_cat":[39],"product_tag":[],"class_list":{"0":"post-2227","1":"product","2":"type-product","3":"status-publish","4":"has-post-thumbnail","6":"product_cat-silicone-rubber","8":"first","9":"instock","10":"shipping-taxable","11":"product-type-simple"},"_links":{"self":[{"href":"https:\/\/membraneswitchmfg.com\/ro\/wp-json\/wp\/v2\/product\/2227","targetHints":{"allow":["GET"]}}],"collection":[{"href":"https:\/\/membraneswitchmfg.com\/ro\/wp-json\/wp\/v2\/product"}],"about":[{"href":"https:\/\/membraneswitchmfg.com\/ro\/wp-json\/wp\/v2\/types\/product"}],"wp:featuredmedia":[{"embeddable":true,"href":"https:\/\/membraneswitchmfg.com\/ro\/wp-json\/wp\/v2\/media\/2216"}],"wp:attachment":[{"href":"https:\/\/membraneswitchmfg.com\/ro\/wp-json\/wp\/v2\/media?parent=2227"}],"wp:term":[{"taxonomy":"product_brand","embeddable":true,"href":"https:\/\/membraneswitchmfg.com\/ro\/wp-json\/wp\/v2\/product_brand?post=2227"},{"taxonomy":"product_cat","embeddable":true,"href":"https:\/\/membraneswitchmfg.com\/ro\/wp-json\/wp\/v2\/product_cat?post=2227"},{"taxonomy":"product_tag","embeddable":true,"href":"https:\/\/membraneswitchmfg.com\/ro\/wp-json\/wp\/v2\/product_tag?post=2227"}],"curies":[{"name":"wp","href":"https:\/\/api.w.org\/{rel}","templated":true}]}}