{"id":2274,"date":"2024-07-26T02:52:22","date_gmt":"2024-07-26T02:52:22","guid":{"rendered":"https:\/\/membraneswitchmfg.com\/?post_type=product&#038;p=2274"},"modified":"2024-09-19T12:54:44","modified_gmt":"2024-09-19T12:54:44","slug":"magnetic-switch","status":"publish","type":"product","link":"https:\/\/membraneswitchmfg.com\/ro\/manufacturer\/magnetic-switch\/","title":{"rendered":"Comutator magnetic"},"content":{"rendered":"<h4><strong><b>Caracteristici principale:<\/b><\/strong><\/h4>\n<p><strong>1.<\/strong><strong>Durabilitate f\u0103r\u0103 precedent<\/strong>: Proiectat s\u0103 reziste p\u00e2n\u0103 la 10 milioane de ap\u0103s\u0103ri, produsul nostru asigur\u0103 performan\u021be \u0219i fiabilitate constante pe o perioad\u0103 extins\u0103, f\u0103c\u00e2ndu-l o alegere rentabil\u0103 pentru aplica\u021bii pe termen lung.<\/p>\n<p><strong>2.<\/strong><strong>Aplica\u021bii Versatile<\/strong>: \u00cen prezent, comutatorul nostru magnetic este utilizat pe scar\u0103 larg\u0103 \u00een diverse sectoare cu cerere mare, inclusiv:<\/p>\n<ul>\n<li><strong>Echipamente Medicale<\/strong>: Oferind un control precis \u0219i fiabil, comutatorul nostru este o component\u0103 critic\u0103 \u00een dispozitivele medicale, asigur\u00e2nd siguran\u021ba \u0219i fiabilitatea \u00een mediile de asisten\u021b\u0103 medical\u0103.<\/li>\n<li><strong>Benzi de alergare<\/strong>: Integrat \u00een echipamentele de fitness, comutatorul nostru garanteaz\u0103 o func\u021bionare lin\u0103 \u0219i \u00eembun\u0103t\u0103\u021be\u0219te experien\u021ba utilizatorului, rezist\u00e2nd la cerin\u021bele riguroase ale utiliz\u0103rii frecvente.<\/li>\n<\/ul>\n<h4><strong><b>De ce s\u0103 alege\u021bi comutatorul nostru magnetic?<\/b><\/strong><\/h4>\n<p><strong>1.<\/strong><strong>Durat\u0103 de via\u021b\u0103 de neegalat<\/strong>: Fiind singurul comutator magnetic de pe pia\u021ba intern\u0103 cu o durat\u0103 de via\u021b\u0103 de 10 milioane de ap\u0103s\u0103ri, stabilim standardul pentru durabilitate.<\/p>\n<p><strong>2.<\/strong><strong>Fiabilitate \u00een aplica\u021bii critice<\/strong>: Comutatorul nostru este de \u00eencredere \u00een echipamentele medicale, unde fiabilitatea \u0219i precizia sunt primordiale.<\/p>\n<p><strong>3.<\/strong><strong>Performan\u021b\u0103 \u00een medii cu utilizare intens\u0103<\/strong>: Cu aplica\u021bii \u00een benzile de alergare, comutatorul nostru \u00ee\u0219i dovede\u0219te rezisten\u021ba \u00een medii cu trafic intens \u0219i utilizare intens\u0103.<\/p>","protected":false},"excerpt":{"rendered":"<p>V\u0103 prezent\u0103m avansatul nostru <span class=\"Y2IQFc\" lang=\"en\">Comutator cu membran\u0103 magnetic\u0103<\/span>, simbolul durabilit\u0103\u021bii \u0219i fiabilit\u0103\u021bii pe pia\u021b\u0103. Av\u00e2nd o durat\u0103 de via\u021b\u0103 remarcabil\u0103 a produsului de p\u00e2n\u0103 la <strong>10 milioane de ap\u0103s\u0103ri<\/strong>, comutatorul nostru magnetic este <strong>singurul de acest fel de pe pia\u021ba intern\u0103 care ofer\u0103 o astfel de longevitate<\/strong>.V\u0103 prezent\u0103m comutatorul nostru magnetic avansat, simbolul durabilit\u0103\u021bii \u0219i fiabilit\u0103\u021bii pe pia\u021b\u0103. Av\u00e2nd o durat\u0103 de via\u021b\u0103 remarcabil\u0103 a produsului de p\u00e2n\u0103 la 10 milioane de ap\u0103s\u0103ri, comutatorul nostru magnetic este singurul de acest fel de pe pia\u021ba intern\u0103 care ofer\u0103 o astfel de longevitate.<\/p>","protected":false},"featured_media":2435,"template":"","meta":[],"product_brand":[],"product_cat":[40],"product_tag":[],"class_list":{"0":"post-2274","1":"product","2":"type-product","3":"status-publish","4":"has-post-thumbnail","6":"product_cat-membrane-switch","8":"first","9":"instock","10":"shipping-taxable","11":"product-type-simple"},"_links":{"self":[{"href":"https:\/\/membraneswitchmfg.com\/ro\/wp-json\/wp\/v2\/product\/2274","targetHints":{"allow":["GET"]}}],"collection":[{"href":"https:\/\/membraneswitchmfg.com\/ro\/wp-json\/wp\/v2\/product"}],"about":[{"href":"https:\/\/membraneswitchmfg.com\/ro\/wp-json\/wp\/v2\/types\/product"}],"wp:featuredmedia":[{"embeddable":true,"href":"https:\/\/membraneswitchmfg.com\/ro\/wp-json\/wp\/v2\/media\/2435"}],"wp:attachment":[{"href":"https:\/\/membraneswitchmfg.com\/ro\/wp-json\/wp\/v2\/media?parent=2274"}],"wp:term":[{"taxonomy":"product_brand","embeddable":true,"href":"https:\/\/membraneswitchmfg.com\/ro\/wp-json\/wp\/v2\/product_brand?post=2274"},{"taxonomy":"product_cat","embeddable":true,"href":"https:\/\/membraneswitchmfg.com\/ro\/wp-json\/wp\/v2\/product_cat?post=2274"},{"taxonomy":"product_tag","embeddable":true,"href":"https:\/\/membraneswitchmfg.com\/ro\/wp-json\/wp\/v2\/product_tag?post=2274"}],"curies":[{"name":"wp","href":"https:\/\/api.w.org\/{rel}","templated":true}]}}