{"id":1686,"date":"2024-06-22T14:56:03","date_gmt":"2024-06-22T14:56:03","guid":{"rendered":"https:\/\/membraneswitchmfg.com\/manufacturer\/ul-high-temperature-resistant-certification-label\/"},"modified":"2024-06-26T00:55:30","modified_gmt":"2024-06-26T00:55:30","slug":"ul-high-temperature-resistant-certification-label","status":"publish","type":"product","link":"https:\/\/membraneswitchmfg.com\/sk\/manufacturer\/ul-high-temperature-resistant-certification-label\/","title":{"rendered":"Certifika\u010dn\u00fd \u0161t\u00edtok UL odoln\u00fd vo\u010di vysok\u00fdm teplot\u00e1m"},"content":{"rendered":"<h2 class=\"\" data-sourcepos=\"1:1-1:109\">UL Certifika\u010dn\u00e9 \u0161t\u00edtky odoln\u00e9 vo\u010di vysok\u00fdm teplot\u00e1m: Zabezpe\u010denie bezpe\u010dnosti a trvanlivosti v extr\u00e9mnych prostrediach<\/h2>\n<p data-sourcepos=\"3:1-3:104\">Chr\u00e1\u0148te svoje produkty a zna\u010dku pomocou certifikovan\u00fdch \u0161t\u00edtkov UL odoln\u00fdch vo\u010di vysok\u00fdm teplot\u00e1m, ktor\u00e9 odol\u00e1vaj\u00fa n\u00e1ro\u010dn\u00fdm podmienkam.<\/p>\n<p data-sourcepos=\"5:1-5:49\"><strong>Bezkonkuren\u010dn\u00e1 trvanlivos\u0165 pre extr\u00e9mne prostredia<\/strong><\/p>\n<p data-sourcepos=\"7:1-7:155\">Na\u0161e certifikovan\u00e9 \u0161t\u00edtky UL odoln\u00e9 vo\u010di vysok\u00fdm teplot\u00e1m s\u00fa vyroben\u00e9 z pr\u00e9miov\u00fdch materi\u00e1lov, ktor\u00e9 odol\u00e1vaj\u00fa nepretr\u017eit\u00e9mu vystaveniu teplot\u00e1m v rozmedz\u00ed od -40 \u00b0C do 500 \u00b0C (-40 \u00b0F a\u017e 932 \u00b0F). S\u00fa odoln\u00e9 vo\u010di vyblednutiu, roztrhnutiu a chemickej degrad\u00e1cii, v\u010faka \u010domu s\u00fa ide\u00e1lne na pou\u017eitie v \u0161irokej \u0161k\u00e1le aplik\u00e1ci\u00ed.<\/p>\n<p data-sourcepos=\"9:1-9:38\"><strong>Certifik\u00e1cia UL pre pokoj v du\u0161i<\/strong><\/p>\n<p data-sourcepos=\"11:1-11:62\">Na\u0161e \u0161t\u00edtky UL odoln\u00e9 vo\u010di vysok\u00fdm teplot\u00e1m s\u00fa pr\u00edsne testovan\u00e9 a certifikovan\u00e9 spolo\u010dnos\u0165ou Underwriters Laboratories (UL), glob\u00e1lne uzn\u00e1van\u00fdm l\u00eddrom v oblasti bezpe\u010dnostn\u00fdch noriem. T\u00e1to certifik\u00e1cia zais\u0165uje, \u017ee na\u0161e \u0161t\u00edtky sp\u013a\u0148aj\u00fa najvy\u0161\u0161ie \u0161tandardy pre trvanlivos\u0165, v\u00fdkon a bezpe\u010dnos\u0165.<\/p>\n<p data-sourcepos=\"13:1-13:89\"><strong>Spolupr\u00e1ca s dod\u00e1vate\u013emi tla\u010diarn\u00ed \u010diarov\u00fdch k\u00f3dov pre \u0161pi\u010dkov\u00fa kvalitu a odbornos\u0165<\/strong><\/p>\n<p data-sourcepos=\"15:1-15:207\">V China Label Barcode Printer Suppliers sa zav\u00e4zujeme poskytova\u0165 na\u0161im z\u00e1kazn\u00edkom najkvalitnej\u0161ie \u0161t\u00edtky UL odoln\u00e9 vo\u010di vysok\u00fdm teplot\u00e1m a odborn\u00e9 znalosti na splnenie ich \u0161pecifick\u00fdch aplika\u010dn\u00fdch potrieb.<\/p>\n<p data-sourcepos=\"17:1-17:82\"><strong>Kontaktujte n\u00e1s e\u0161te dnes<\/strong> sa dozviete viac o na\u0161ich \u0161t\u00edtkoch UL odoln\u00fdch vo\u010di vysok\u00fdm teplot\u00e1m.<\/p>","protected":false},"excerpt":{"rendered":"<p>Certifika\u010dn\u00fd \u0161t\u00edtok UL odoln\u00fd vo\u010di vysok\u00fdm teplot\u00e1m potvrdzuje, \u017ee produkt bol testovan\u00fd a certifikovan\u00fd spolo\u010dnos\u0165ou UL (Underwriters Laboratories) tak, aby bezpe\u010dne odol\u00e1val vysok\u00fdm teplot\u00e1m.<\/p>","protected":false},"featured_media":1660,"template":"","meta":[],"product_brand":[],"product_cat":[15],"product_tag":[],"class_list":{"0":"post-1686","1":"product","2":"type-product","3":"status-publish","4":"has-post-thumbnail","6":"product_cat-print-label","8":"first","9":"instock","10":"shipping-taxable","11":"product-type-simple"},"_links":{"self":[{"href":"https:\/\/membraneswitchmfg.com\/sk\/wp-json\/wp\/v2\/product\/1686","targetHints":{"allow":["GET"]}}],"collection":[{"href":"https:\/\/membraneswitchmfg.com\/sk\/wp-json\/wp\/v2\/product"}],"about":[{"href":"https:\/\/membraneswitchmfg.com\/sk\/wp-json\/wp\/v2\/types\/product"}],"wp:featuredmedia":[{"embeddable":true,"href":"https:\/\/membraneswitchmfg.com\/sk\/wp-json\/wp\/v2\/media\/1660"}],"wp:attachment":[{"href":"https:\/\/membraneswitchmfg.com\/sk\/wp-json\/wp\/v2\/media?parent=1686"}],"wp:term":[{"taxonomy":"product_brand","embeddable":true,"href":"https:\/\/membraneswitchmfg.com\/sk\/wp-json\/wp\/v2\/product_brand?post=1686"},{"taxonomy":"product_cat","embeddable":true,"href":"https:\/\/membraneswitchmfg.com\/sk\/wp-json\/wp\/v2\/product_cat?post=1686"},{"taxonomy":"product_tag","embeddable":true,"href":"https:\/\/membraneswitchmfg.com\/sk\/wp-json\/wp\/v2\/product_tag?post=1686"}],"curies":[{"name":"wp","href":"https:\/\/api.w.org\/{rel}","templated":true}]}}