{"id":1689,"date":"2024-06-22T14:56:03","date_gmt":"2024-06-22T14:56:03","guid":{"rendered":"https:\/\/membraneswitchmfg.com\/manufacturer\/outdoor-warning-signs\/"},"modified":"2024-06-26T00:53:33","modified_gmt":"2024-06-26T00:53:33","slug":"outdoor-warning-signs","status":"publish","type":"product","link":"https:\/\/membraneswitchmfg.com\/sk\/manufacturer\/outdoor-warning-signs\/","title":{"rendered":"Vonkaj\u0161ie v\u00fdstra\u017en\u00e9 zna\u010dky"},"content":{"rendered":"<h2 class=\"\" data-sourcepos=\"1:1-1:84\">Vonkaj\u0161ie v\u00fdstra\u017en\u00e9 zna\u010dky: Zv\u00fd\u0161enie bezpe\u010dnosti a komunik\u00e1cie vo vonkaj\u0161om prostred\u00ed<\/h2>\n<p data-sourcepos=\"3:1-3:144\">Efekt\u00edvne komunikujte potenci\u00e1lne nebezpe\u010denstv\u00e1 a d\u00f4le\u017eit\u00e9 inform\u00e1cie vo vonkaj\u0161om prostred\u00ed pomocou na\u0161ich odoln\u00fdch a prisp\u00f4sobite\u013en\u00fdch vonkaj\u0161\u00edch v\u00fdstra\u017en\u00fdch zna\u010diek. Na\u0161e zna\u010dky s\u00fa navrhnut\u00e9 tak, aby odolali n\u00e1ro\u010dn\u00fdm vonkaj\u0161\u00edm podmienkam, a zais\u0165uj\u00fa, \u017ee va\u0161e spr\u00e1vy zostan\u00fa jasn\u00e9, vidite\u013en\u00e9 a p\u00fatav\u00e9, a to aj v nepriazniv\u00fdch poveternostn\u00fdch podmienkach.<\/p>\n<p data-sourcepos=\"5:1-5:49\"><strong>Bezkonkuren\u010dn\u00e1 odolnos\u0165 pre vonkaj\u0161ie prostredie<\/strong><\/p>\n<p data-sourcepos=\"7:1-7:133\">Na\u0161e vonkaj\u0161ie v\u00fdstra\u017en\u00e9 zna\u010dky s\u00fa vyroben\u00e9 z vysoko kvalitn\u00fdch materi\u00e1lov a vyu\u017e\u00edvaj\u00fa pokro\u010dil\u00e9 tla\u010dov\u00e9 techniky, v\u010faka \u010domu s\u00fa vyroben\u00e9 tak, aby vydr\u017eali. S\u00fa odoln\u00e9 vo\u010di vyblednutiu, roztrhnutiu a chemickej degrad\u00e1cii, \u010do zais\u0165uje, \u017ee va\u0161e spr\u00e1vy zostan\u00fa vidite\u013en\u00e9 a \u00fa\u010dinn\u00e9 po cel\u00e9 roky.<\/p>\n<p data-sourcepos=\"9:1-9:44\"><strong>Prisp\u00f4sobenie va\u0161im \u0161pecifick\u00fdm potreb\u00e1m<\/strong><\/p>\n<p data-sourcepos=\"11:1-11:86\">Pon\u00fakame \u0161irok\u00fa \u0161k\u00e1lu mo\u017enost\u00ed prisp\u00f4sobenia va\u0161im \u0161pecifick\u00fdm potreb\u00e1m vr\u00e1tane:<\/p>\n<ul data-sourcepos=\"13:1-17:0\">\n<li data-sourcepos=\"13:1-13:60\"><strong>R\u00f4zne ve\u013ekosti a tvary, ktor\u00e9 sa hodia na ak\u00fdko\u013evek odkaz<\/strong><\/li>\n<li data-sourcepos=\"14:1-14:49\"><strong>Plnofarebn\u00e1 tla\u010d pre vysoko p\u00f4sobiv\u00e9 vizu\u00e1ly<\/strong><\/li>\n<li data-sourcepos=\"15:1-15:67\"><strong>Prisp\u00f4sobite\u013en\u00fd text a grafika na jasn\u00e9 vyjadrenie v\u00e1\u0161ho posolstva<\/strong><\/li>\n<li data-sourcepos=\"16:1-17:0\"><strong>V\u00fdber materi\u00e1lov, ktor\u00e9 vyhovuj\u00fa v\u00e1\u0161mu prostrediu<\/strong><\/li>\n<\/ul>\n<p data-sourcepos=\"18:1-18:50\"><strong>Ide\u00e1lne pre \u0161irok\u00fa \u0161k\u00e1lu vonkaj\u0161\u00edch aplik\u00e1ci\u00ed<\/strong><\/p>\n<p data-sourcepos=\"20:1-20:80\">Na\u0161e vonkaj\u0161ie v\u00fdstra\u017en\u00e9 zna\u010dky s\u00fa ide\u00e1lne pre \u0161irok\u00fa \u0161k\u00e1lu aplik\u00e1ci\u00ed, vr\u00e1tane:<\/p>\n<ul data-sourcepos=\"22:1-22:10\">\n<li data-sourcepos=\"22:1-22:10\"><strong>Bezpe\u010dnostn\u00e9 upozornenia a pokyny<\/strong><\/li>\n<li data-sourcepos=\"23:1-23:36\"><strong>Ozna\u010denie zhody s predpismi<\/strong><\/li>\n<li data-sourcepos=\"24:1-24:47\"><strong>Ozna\u010denie nebezpe\u010denstva a v\u00fdstra\u017en\u00e9 zna\u010dky<\/strong><\/li>\n<li data-sourcepos=\"25:1-25:43\"><strong>Smerov\u00e9 a informa\u010dn\u00e9 zna\u010denie<\/strong><\/li>\n<li data-sourcepos=\"26:1-27:0\"><strong>Ozna\u010denie staveniska<\/strong><\/li>\n<\/ul>\n<p data-sourcepos=\"28:1-28:89\"><strong>Spolupr\u00e1ca s dod\u00e1vate\u013emi tla\u010diarn\u00ed \u010diarov\u00fdch k\u00f3dov pre \u0161pi\u010dkov\u00fa kvalitu a odbornos\u0165<\/strong><\/p>\n<p data-sourcepos=\"30:1-30:309\">Ako dod\u00e1vatelia tla\u010diarn\u00ed \u010diarov\u00fdch k\u00f3dov \u0161t\u00edtkov v \u010c\u00edne sa zav\u00e4zujeme poskytova\u0165 na\u0161im z\u00e1kazn\u00edkom vonkaj\u0161ie v\u00fdstra\u017en\u00e9 zna\u010dky najvy\u0161\u0161ej kvality a odborn\u00e9 znalosti na splnenie ich \u0161pecifick\u00fdch aplika\u010dn\u00fdch potrieb. N\u00e1\u0161 t\u00edm sk\u00fasen\u00fdch odborn\u00edkov v\u00e1m m\u00f4\u017ee pom\u00f4c\u0165 navrhn\u00fa\u0165 a vytvori\u0165 dokonal\u00e9 zna\u010dky pre va\u0161e jedine\u010dn\u00e9 po\u017eiadavky.<\/p>\n<p data-sourcepos=\"32:1-32:148\"><strong>Kontaktujte n\u00e1s e\u0161te dnes<\/strong> Ak sa chcete dozvedie\u0165 viac o na\u0161ich vonkaj\u0161\u00edch v\u00fdstra\u017en\u00fdch zna\u010dk\u00e1ch a o tom, ako v\u00e1m m\u00f4\u017eeme pom\u00f4c\u0165 zv\u00fd\u0161i\u0165 bezpe\u010dnos\u0165 a komunik\u00e1ciu vo vonkaj\u0161om prostred\u00ed.<\/p>","protected":false},"excerpt":{"rendered":"<p>Vonkaj\u0161ie v\u00fdstra\u017en\u00e9 zna\u010dky s\u00fa \u0161peci\u00e1lne navrhnut\u00e9 zna\u010dky umiestnen\u00e9 vo vonkaj\u0161om prostred\u00ed na komunik\u00e1ciu o nebezpe\u010denstv\u00e1ch, poskytovanie pokynov alebo sprostredkovanie d\u00f4le\u017eit\u00fdch inform\u00e1ci\u00ed. Tieto zna\u010dky s\u00fa kritick\u00e9 pre udr\u017eiavanie bezpe\u010dnosti a poriadku v oblastiach, kde environment\u00e1lne faktory a potenci\u00e1lne nebezpe\u010denstv\u00e1 predstavuj\u00fa rizik\u00e1 pre \u013eud\u00ed alebo majetok.<\/p>","protected":false},"featured_media":1656,"template":"","meta":[],"product_brand":[],"product_cat":[15],"product_tag":[],"class_list":{"0":"post-1689","1":"product","2":"type-product","3":"status-publish","4":"has-post-thumbnail","6":"product_cat-print-label","8":"first","9":"instock","10":"shipping-taxable","11":"product-type-simple"},"_links":{"self":[{"href":"https:\/\/membraneswitchmfg.com\/sk\/wp-json\/wp\/v2\/product\/1689","targetHints":{"allow":["GET"]}}],"collection":[{"href":"https:\/\/membraneswitchmfg.com\/sk\/wp-json\/wp\/v2\/product"}],"about":[{"href":"https:\/\/membraneswitchmfg.com\/sk\/wp-json\/wp\/v2\/types\/product"}],"wp:featuredmedia":[{"embeddable":true,"href":"https:\/\/membraneswitchmfg.com\/sk\/wp-json\/wp\/v2\/media\/1656"}],"wp:attachment":[{"href":"https:\/\/membraneswitchmfg.com\/sk\/wp-json\/wp\/v2\/media?parent=1689"}],"wp:term":[{"taxonomy":"product_brand","embeddable":true,"href":"https:\/\/membraneswitchmfg.com\/sk\/wp-json\/wp\/v2\/product_brand?post=1689"},{"taxonomy":"product_cat","embeddable":true,"href":"https:\/\/membraneswitchmfg.com\/sk\/wp-json\/wp\/v2\/product_cat?post=1689"},{"taxonomy":"product_tag","embeddable":true,"href":"https:\/\/membraneswitchmfg.com\/sk\/wp-json\/wp\/v2\/product_tag?post=1689"}],"curies":[{"name":"wp","href":"https:\/\/api.w.org\/{rel}","templated":true}]}}