{"id":1690,"date":"2024-06-22T14:56:03","date_gmt":"2024-06-22T14:56:03","guid":{"rendered":"https:\/\/membraneswitchmfg.com\/manufacturer\/electrical-power-cord-certification-label\/"},"modified":"2024-06-26T00:54:03","modified_gmt":"2024-06-26T00:54:03","slug":"electrical-power-cord-certification-label","status":"publish","type":"product","link":"https:\/\/membraneswitchmfg.com\/sk\/manufacturer\/electrical-power-cord-certification-label\/","title":{"rendered":"Certifika\u010dn\u00fd \u0161t\u00edtok elektrick\u00e9ho nap\u00e1jacieho k\u00e1bla"},"content":{"rendered":"<h2 class=\"\" data-sourcepos=\"1:1-1:77\">Certifika\u010dn\u00e9 \u0161t\u00edtky nap\u00e1jac\u00edch k\u00e1blov: Zabezpe\u010denie bezpe\u010dnosti a s\u00faladu<\/h2>\n<p data-sourcepos=\"3:1-3:140\">Zabezpe\u010dte bezpe\u010dnos\u0165 a s\u00falad va\u0161ich nap\u00e1jac\u00edch k\u00e1blov s na\u0161imi odoln\u00fdmi a vysokokvalitn\u00fdmi certifika\u010dn\u00fdmi \u0161t\u00edtkami nap\u00e1jac\u00edch k\u00e1blov. Tieto \u0161t\u00edtky poskytuj\u00fa z\u00e1kladn\u00e9 inform\u00e1cie o va\u0161ich k\u00e1bloch, pom\u00e1haj\u00fa predch\u00e1dza\u0165 elektrick\u00fdm rizik\u00e1m a zabezpe\u010duj\u00fa s\u00falad s predpismi.<\/p>\n<p data-sourcepos=\"5:1-5:51\"><strong>Bezkonkuren\u010dn\u00e1 odolnos\u0165 pre n\u00e1ro\u010dn\u00e9 prostredia<\/strong><\/p>\n<p data-sourcepos=\"7:1-7:3\">Na\u0161e certifika\u010dn\u00e9 \u0161t\u00edtky nap\u00e1jac\u00edch k\u00e1blov s\u00fa vyroben\u00e9 z pr\u00e9miov\u00fdch materi\u00e1lov, ktor\u00e9 odol\u00e1vaj\u00fa n\u00e1ro\u010dn\u00fdm podmienkam, vr\u00e1tane extr\u00e9mnych tepl\u00f4t, oderu a chemik\u00e1li\u00ed. S\u00fa odoln\u00e9 vo\u010di vyblednutiu, roztrhnutiu a rozmazaniu, \u010d\u00edm zais\u0165uj\u00fa, \u017ee d\u00f4le\u017eit\u00e9 inform\u00e1cie na va\u0161ich \u0161t\u00edtkoch zostan\u00fa jasn\u00e9 a \u010ditate\u013en\u00e9 po cel\u00e9 roky.<\/p>\n<p data-sourcepos=\"9:1-9:51\"><strong>Z\u00e1kladn\u00e9 inform\u00e1cie pre bezpe\u010dnos\u0165 a s\u00falad<\/strong><\/p>\n<p data-sourcepos=\"11:1-11:39\">Na\u0161e certifika\u010dn\u00e9 \u0161t\u00edtky nap\u00e1jac\u00edch k\u00e1blov obsahuj\u00fa z\u00e1kladn\u00e9 inform\u00e1cie, ako napr\u00edklad:<\/p>\n<ul data-sourcepos=\"13:1-17:0\">\n<li data-sourcepos=\"13:1-13:47\"><strong>N\u00e1zov v\u00fdrobcu a kontaktn\u00e9 inform\u00e1cie<\/strong><\/li>\n<li data-sourcepos=\"14:1-14:26\"><strong>Typ a hodnotenie k\u00e1bla<\/strong><\/li>\n<li data-sourcepos=\"15:1-15:31\"><strong>Elektrick\u00e9 \u0161pecifik\u00e1cie<\/strong><\/li>\n<li data-sourcepos=\"16:1-17:0\"><strong>Certifika\u010dn\u00e9 zna\u010dky<\/strong><\/li>\n<\/ul>\n<p data-sourcepos=\"18:1-18:111\">Tieto inform\u00e1cie pom\u00e1haj\u00fa zabezpe\u010di\u0165, aby sa va\u0161e k\u00e1ble pou\u017e\u00edvali bezpe\u010dne a v s\u00falade s platn\u00fdmi predpismi.<\/p>\n<p data-sourcepos=\"20:1-20:53\"><strong>Ide\u00e1lne pre \u0161irok\u00fa \u0161k\u00e1lu elektrick\u00fdch aplik\u00e1ci\u00ed<\/strong><\/p>\n<p data-sourcepos=\"22:1-22:112\">Na\u0161e certifika\u010dn\u00e9 \u0161t\u00edtky nap\u00e1jac\u00edch k\u00e1blov s\u00fa ide\u00e1lne pre \u0161irok\u00fa \u0161k\u00e1lu elektrick\u00fdch aplik\u00e1ci\u00ed, vr\u00e1tane:<\/p>\n<ul data-sourcepos=\"24:1-25:28\">\n<li data-sourcepos=\"24:1-24:48\"><strong>Nap\u00e1jacie k\u00e1ble pre spotrebi\u010de a elektroniku<\/strong><\/li>\n<li data-sourcepos=\"25:1-25:28\"><strong>Priemyseln\u00e9 nap\u00e1jacie k\u00e1ble<\/strong><\/li>\n<li data-sourcepos=\"26:1-26:21\"><strong>Predl\u017eovacie k\u00e1ble<\/strong><\/li>\n<li data-sourcepos=\"27:1-27:31\"><strong>K\u00e1ble pre lek\u00e1rske pr\u00edstroje<\/strong><\/li>\n<li data-sourcepos=\"28:1-29:0\"><strong>K\u00e1ble na vonkaj\u0161ie pou\u017eitie<\/strong><\/li>\n<\/ul>\n<p data-sourcepos=\"30:1-30:89\"><strong>Spolupr\u00e1ca s dod\u00e1vate\u013emi tla\u010diarn\u00ed \u010diarov\u00fdch k\u00f3dov pre \u0161pi\u010dkov\u00fa kvalitu a odbornos\u0165<\/strong><\/p>\n<p data-sourcepos=\"32:1-32:358\">Ako dod\u00e1vatelia tla\u010diarn\u00ed \u010diarov\u00fdch k\u00f3dov \u0161t\u00edtkov v \u010c\u00edne sa zav\u00e4zujeme poskytova\u0165 na\u0161im z\u00e1kazn\u00edkom certifika\u010dn\u00e9 \u0161t\u00edtky nap\u00e1jac\u00edch k\u00e1blov najvy\u0161\u0161ej kvality a odborn\u00e9 znalosti na splnenie ich \u0161pecifick\u00fdch aplika\u010dn\u00fdch potrieb. N\u00e1\u0161 t\u00edm sk\u00fasen\u00fdch odborn\u00edkov v\u00e1m m\u00f4\u017ee pom\u00f4c\u0165 vybra\u0165 spr\u00e1vny materi\u00e1l \u0161t\u00edtku, lepidlo a mo\u017enosti tla\u010de pre va\u0161e jedine\u010dn\u00e9 po\u017eiadavky.<\/p>\n<p data-sourcepos=\"34:1-34:170\"><strong>Kontaktujte n\u00e1s e\u0161te dnes<\/strong> Ak sa chcete dozvedie\u0165 viac o na\u0161ich certifika\u010dn\u00fdch \u0161t\u00edtkoch nap\u00e1jac\u00edch k\u00e1blov a o tom, ako v\u00e1m m\u00f4\u017eeme pom\u00f4c\u0165 zabezpe\u010di\u0165 bezpe\u010dnos\u0165 a s\u00falad va\u0161ich nap\u00e1jac\u00edch k\u00e1blov.<\/p>","protected":false},"excerpt":{"rendered":"<p>Elektrick\u00e9 nap\u00e1jacie k\u00e1ble, najm\u00e4 tie, ktor\u00e9 sa pou\u017e\u00edvaj\u00fa v spotrebnej elektronike, spotrebi\u010doch a priemyseln\u00fdch aplik\u00e1ci\u00e1ch, \u010dasto podliehaj\u00fa pr\u00edsnym bezpe\u010dnostn\u00fdm a v\u00fdkonnostn\u00fdm norm\u00e1m. Tieto normy s\u00fa potvrden\u00e9 prostredn\u00edctvom certifika\u010dn\u00fdch \u0161t\u00edtkov alebo zna\u010diek na nap\u00e1jac\u00edch k\u00e1bloch.<\/p>","protected":false},"featured_media":1654,"template":"","meta":[],"product_brand":[],"product_cat":[15],"product_tag":[],"class_list":{"0":"post-1690","1":"product","2":"type-product","3":"status-publish","4":"has-post-thumbnail","6":"product_cat-print-label","8":"first","9":"instock","10":"shipping-taxable","11":"product-type-simple"},"_links":{"self":[{"href":"https:\/\/membraneswitchmfg.com\/sk\/wp-json\/wp\/v2\/product\/1690","targetHints":{"allow":["GET"]}}],"collection":[{"href":"https:\/\/membraneswitchmfg.com\/sk\/wp-json\/wp\/v2\/product"}],"about":[{"href":"https:\/\/membraneswitchmfg.com\/sk\/wp-json\/wp\/v2\/types\/product"}],"wp:featuredmedia":[{"embeddable":true,"href":"https:\/\/membraneswitchmfg.com\/sk\/wp-json\/wp\/v2\/media\/1654"}],"wp:attachment":[{"href":"https:\/\/membraneswitchmfg.com\/sk\/wp-json\/wp\/v2\/media?parent=1690"}],"wp:term":[{"taxonomy":"product_brand","embeddable":true,"href":"https:\/\/membraneswitchmfg.com\/sk\/wp-json\/wp\/v2\/product_brand?post=1690"},{"taxonomy":"product_cat","embeddable":true,"href":"https:\/\/membraneswitchmfg.com\/sk\/wp-json\/wp\/v2\/product_cat?post=1690"},{"taxonomy":"product_tag","embeddable":true,"href":"https:\/\/membraneswitchmfg.com\/sk\/wp-json\/wp\/v2\/product_tag?post=1690"}],"curies":[{"name":"wp","href":"https:\/\/api.w.org\/{rel}","templated":true}]}}