{"id":1691,"date":"2024-06-22T14:56:03","date_gmt":"2024-06-22T14:56:03","guid":{"rendered":"https:\/\/membraneswitchmfg.com\/manufacturer\/anti-counterfeiting-anti-theft-label\/"},"modified":"2024-06-26T00:51:33","modified_gmt":"2024-06-26T00:51:33","slug":"anti-counterfeiting-anti-theft-label","status":"publish","type":"product","link":"https:\/\/membraneswitchmfg.com\/sk\/manufacturer\/anti-counterfeiting-anti-theft-label\/","title":{"rendered":"\u0160t\u00edtok proti fal\u0161ovaniu a kr\u00e1de\u017ei"},"content":{"rendered":"<h2 class=\"\" data-sourcepos=\"1:1-1:76\">Etikety proti fal\u0161ovaniu a kr\u00e1de\u017ei: Chr\u00e1\u0148te svoje v\u00fdrobky a zna\u010dku<\/h2>\n<p data-sourcepos=\"3:1-3:90\">Chr\u00e1\u0148te svoje v\u00fdrobky a dobr\u00e9 meno zna\u010dky pomocou na\u0161ich inovat\u00edvnych \u0161t\u00edtkov proti fal\u0161ovaniu a kr\u00e1de\u017ei. Tieto pokro\u010dil\u00e9 etikety s\u00fa navrhnut\u00e9 tak, aby zabra\u0148ovali fal\u0161ovaniu, predch\u00e1dzali kr\u00e1de\u017eiam a zabezpe\u010dovali pravos\u0165 va\u0161ich v\u00fdrobkov, \u010d\u00edm poskytuj\u00fa pokoj v\u00e1m aj va\u0161im z\u00e1kazn\u00edkom.<\/p>\n<p data-sourcepos=\"5:1-5:31\"><strong>Bezkonkuren\u010dn\u00e9 bezpe\u010dnostn\u00e9 funkcie<\/strong><\/p>\n<p data-sourcepos=\"7:1-7:110\">Na\u0161e etikety proti fal\u0161ovaniu a kr\u00e1de\u017ei obsahuj\u00fa cel\u00fd rad sofistikovan\u00fdch bezpe\u010dnostn\u00fdch prvkov vr\u00e1tane:<\/p>\n<ul data-sourcepos=\"9:1-11:15\">\n<li data-sourcepos=\"9:1-9:85\"><strong>Jedine\u010dn\u00e9 dizajny s mo\u017enos\u0165ou manipul\u00e1cie<\/strong> ktor\u00e9 sa po odstr\u00e1nen\u00ed rozbij\u00fa alebo odhalia skryt\u00e9 spr\u00e1vy.<\/li>\n<li data-sourcepos=\"10:1-10:66\"><strong>Vlo\u017een\u00fd mikrotext<\/strong> ktor\u00e1 je vidite\u013en\u00e1 len pri zv\u00e4\u010d\u0161en\u00ed<\/li>\n<li data-sourcepos=\"11:1-11:15\"><strong>Holografick\u00e9 obrazy<\/strong> ktor\u00e9 sa nedaj\u00fa replikova\u0165<\/li>\n<li data-sourcepos=\"12:1-13:0\"><strong>\u0160pecializovan\u00e9 atramenty<\/strong> ktor\u00e9 reaguj\u00fa na \u0161pecifick\u00e9 chemik\u00e1lie alebo rozp\u00fa\u0161\u0165adl\u00e1<\/li>\n<\/ul>\n<p data-sourcepos=\"14:1-14:152\">Tieto vlastnosti prakticky znemo\u017e\u0148uj\u00fa fal\u0161ovate\u013eom kop\u00edrova\u0165 va\u0161e etikety a chr\u00e1nia va\u0161e v\u00fdrobky a zna\u010dku pred neopr\u00e1vnen\u00fdm napodob\u0148ovan\u00edm.<\/p>\n<p data-sourcepos=\"16:1-16:49\"><strong>V\u0161estrann\u00e9 aplik\u00e1cie na ochranu v\u00fdrobkov<\/strong><\/p>\n<p data-sourcepos=\"18:1-18:99\">Na\u0161e etikety proti fal\u0161ovaniu a kr\u00e1de\u017ei s\u00fa vhodn\u00e9 pre \u0161irok\u00fa \u0161k\u00e1lu aplik\u00e1ci\u00ed vr\u00e1tane:<\/p>\n<ul data-sourcepos=\"20:1-23:1\">\n<li data-sourcepos=\"20:1-20:45\"><strong>Farmaceutick\u00e9 a zdravotn\u00edcke v\u00fdrobky<\/strong><\/li>\n<li data-sourcepos=\"21:1-21:36\"><strong>Elektronika a spotrebn\u00fd tovar<\/strong><\/li>\n<li data-sourcepos=\"22:1-22:32\"><strong>Luxusn\u00e9 predmety a kozmetika<\/strong><\/li>\n<li data-sourcepos=\"23:1-23:1\"><strong>Priemyseln\u00e9 komponenty a stroje<\/strong><\/li>\n<li data-sourcepos=\"24:1-25:0\"><strong>Softv\u00e9r a digit\u00e1lne produkty<\/strong><\/li>\n<\/ul>\n<p data-sourcepos=\"26:1-26:166\">Pou\u017eit\u00edm na\u0161ich \u0161t\u00edtkov na svoje v\u00fdrobky m\u00f4\u017eete zabr\u00e1ni\u0165 fal\u0161ovaniu, zabr\u00e1ni\u0165 kr\u00e1de\u017ei a zabezpe\u010di\u0165, aby va\u0161i z\u00e1kazn\u00edci dost\u00e1vali origin\u00e1lne v\u00fdrobky z autorizovan\u00fdch zdrojov.<\/p>\n<p data-sourcepos=\"28:1-28:89\"><strong>Spolupr\u00e1ca s dod\u00e1vate\u013emi tla\u010diarn\u00ed \u010diarov\u00fdch k\u00f3dov pre \u0161pi\u010dkov\u00fa kvalitu a odbornos\u0165<\/strong><\/p>\n<p data-sourcepos=\"30:1-30:362\">Dod\u00e1vatelia tla\u010diarn\u00ed \u010diarov\u00fdch k\u00f3dov v \u010c\u00edne sa zaviazali poskytova\u0165 svojim z\u00e1kazn\u00edkom \u0161t\u00edtky proti fal\u0161ovaniu a kr\u00e1de\u017ei najvy\u0161\u0161ej kvality a odborn\u00e9 znalosti, ktor\u00e9 sp\u013a\u0148aj\u00fa ich \u0161pecifick\u00e9 potreby. N\u00e1\u0161 t\u00edm sk\u00fasen\u00fdch odborn\u00edkov v\u00e1m pom\u00f4\u017ee vybra\u0165 spr\u00e1vny materi\u00e1l etikety, bezpe\u010dnostn\u00e9 prvky a mo\u017enosti tla\u010de pre va\u0161e jedine\u010dn\u00e9 po\u017eiadavky.<\/p>\n<p data-sourcepos=\"32:1-32:169\"><strong>Kontaktujte n\u00e1s e\u0161te dnes<\/strong> a dozviete sa viac o na\u0161ich \u0161t\u00edtkoch proti fal\u0161ovaniu a kr\u00e1de\u017ei a o tom, ako v\u00e1m m\u00f4\u017eeme pom\u00f4c\u0165 ochr\u00e1ni\u0165 va\u0161e v\u00fdrobky a zna\u010dku pred fal\u0161ovan\u00edm a kr\u00e1de\u017eou.<\/p>\n<p data-sourcepos=\"34:1-34:80\"><strong>\u010eal\u0161ie k\u013e\u00fa\u010dov\u00e9 slov\u00e1:<\/strong> tla\u010diare\u0148 \u0161t\u00edtkov, spolo\u010dnos\u0165 zaoberaj\u00faca sa tla\u010dou \u0161t\u00edtkov proti fal\u0161ovaniu<\/p>","protected":false},"excerpt":{"rendered":"<p>\u0160t\u00edtky proti fal\u0161ovaniu a kr\u00e1de\u017ei s\u00fa \u0161pecializovan\u00e9 bezpe\u010dnostn\u00e9 zna\u010dky a ozna\u010denia ur\u010den\u00e9 na ochranu v\u00fdrobkov a majetku pred neopr\u00e1vnenou reprodukciou, kr\u00e1de\u017eou a neopr\u00e1vnenou manipul\u00e1ciou. Tieto \u0161t\u00edtky obsahuj\u00fa pokro\u010dil\u00e9 technol\u00f3gie na overenie pravosti, zabr\u00e1nenie fal\u0161ovaniu a zabr\u00e1nenie kr\u00e1de\u017ei, \u010d\u00edm sa zabezpe\u010duje integrita a bezpe\u010dnos\u0165 tovaru v r\u00f4znych odvetviach.<\/p>","protected":false},"featured_media":1652,"template":"","meta":[],"product_brand":[],"product_cat":[15],"product_tag":[],"class_list":{"0":"post-1691","1":"product","2":"type-product","3":"status-publish","4":"has-post-thumbnail","6":"product_cat-print-label","8":"first","9":"instock","10":"shipping-taxable","11":"product-type-simple"},"_links":{"self":[{"href":"https:\/\/membraneswitchmfg.com\/sk\/wp-json\/wp\/v2\/product\/1691","targetHints":{"allow":["GET"]}}],"collection":[{"href":"https:\/\/membraneswitchmfg.com\/sk\/wp-json\/wp\/v2\/product"}],"about":[{"href":"https:\/\/membraneswitchmfg.com\/sk\/wp-json\/wp\/v2\/types\/product"}],"wp:featuredmedia":[{"embeddable":true,"href":"https:\/\/membraneswitchmfg.com\/sk\/wp-json\/wp\/v2\/media\/1652"}],"wp:attachment":[{"href":"https:\/\/membraneswitchmfg.com\/sk\/wp-json\/wp\/v2\/media?parent=1691"}],"wp:term":[{"taxonomy":"product_brand","embeddable":true,"href":"https:\/\/membraneswitchmfg.com\/sk\/wp-json\/wp\/v2\/product_brand?post=1691"},{"taxonomy":"product_cat","embeddable":true,"href":"https:\/\/membraneswitchmfg.com\/sk\/wp-json\/wp\/v2\/product_cat?post=1691"},{"taxonomy":"product_tag","embeddable":true,"href":"https:\/\/membraneswitchmfg.com\/sk\/wp-json\/wp\/v2\/product_tag?post=1691"}],"curies":[{"name":"wp","href":"https:\/\/api.w.org\/{rel}","templated":true}]}}