{"id":1693,"date":"2024-06-22T14:56:03","date_gmt":"2024-06-22T14:56:03","guid":{"rendered":"https:\/\/membraneswitchmfg.com\/manufacturer\/removable-non-residual-electrostatic-film-label\/"},"modified":"2024-06-25T14:49:18","modified_gmt":"2024-06-25T14:49:18","slug":"removable-non-residual-electrostatic-film-label","status":"publish","type":"product","link":"https:\/\/membraneswitchmfg.com\/sk\/manufacturer\/removable-non-residual-electrostatic-film-label\/","title":{"rendered":"Odn\u00edmate\u013en\u00e1 etiketa z elektrostatickej f\u00f3lie, ktor\u00e1 nie je individu\u00e1lna"},"content":{"rendered":"<h2 class=\"\" data-sourcepos=\"3:1-3:94\">Odn\u00edmate\u013en\u00e9 elektrostatick\u00e9 f\u00f3liov\u00e9 etikety bez zvy\u0161kov: V\u0161estrann\u00e9 a opakovane pou\u017eite\u013en\u00e9 rie\u0161enia ozna\u010dovania<\/h2>\n<p data-sourcepos=\"5:1-5:318\">Vyu\u017eite pohodlie opakovane pou\u017eite\u013en\u00e9ho ozna\u010dovania s na\u0161imi odn\u00edmate\u013en\u00fdmi elektrostatick\u00fdmi f\u00f3liov\u00fdmi etiketami bez zvy\u0161kov. Tieto v\u0161estrann\u00e9 etikety pon\u00fakaj\u00fa bezprobl\u00e9mov\u00e9 rie\u0161enie pre do\u010dasn\u00e9 ozna\u010denie, identifik\u00e1ciu produktu a propaga\u010dn\u00e9 spr\u00e1vy, pri\u010dom bezpe\u010dne pri\u013en\u00fa k \u0161irokej \u0161k\u00e1le povrchov bez zanechania ak\u00fdchko\u013evek lepkav\u00fdch zvy\u0161kov.<\/p>\n<p data-sourcepos=\"7:1-7:52\"><strong>Bezkonkuren\u010dn\u00e1 v\u0161estrannos\u0165 pre do\u010dasn\u00e9 aplik\u00e1cie<\/strong><\/p>\n<p data-sourcepos=\"9:1-9:162\">Na\u0161e odn\u00edmate\u013en\u00e9 elektrostatick\u00e9 f\u00f3liov\u00e9 etikety bez zvy\u0161kov s\u00fa ide\u00e1lne pre aplik\u00e1cie, kde je potrebn\u00e9 etikety \u010dasto odstra\u0148ova\u0165 a premiest\u0148ova\u0165. S\u00fa ide\u00e1lne pre:<\/p>\n<ul data-sourcepos=\"11:1-16:0\">\n<li data-sourcepos=\"11:1-11:36\"><strong>Maloobchodn\u00e9 a propaga\u010dn\u00e9 ozna\u010denie<\/strong><\/li>\n<li data-sourcepos=\"12:1-12:38\"><strong>Ozna\u010dovanie skladov a invent\u00e1ra<\/strong><\/li>\n<li data-sourcepos=\"13:1-13:40\"><strong>Do\u010dasn\u00e9 kancel\u00e1rske a podujatov\u00e9 ozna\u010denie<\/strong><\/li>\n<li data-sourcepos=\"14:1-14:41\"><strong>Ozna\u010dovanie a identifik\u00e1cia produktu<\/strong><\/li>\n<li data-sourcepos=\"15:1-16:0\"><strong>Vzdel\u00e1vacie a in\u0161trukt\u00e1\u017ene ozna\u010denie<\/strong><\/li>\n<\/ul>\n<p data-sourcepos=\"17:1-17:29\"><strong>Opakovane pou\u017eite\u013en\u00e9 a bez zvy\u0161kov<\/strong><\/p>\n<p data-sourcepos=\"19:1-19:284\">Tieto etikety s\u00fa vyroben\u00e9 z vysoko kvalitnej elektrostatickej f\u00f3lie a bezpe\u010dne pri\u013en\u00fa k hladk\u00fdm povrchom bez potreby lepidiel. Daj\u00fa sa \u013eahko odstr\u00e1ni\u0165 a premiestni\u0165 bez zanechania ak\u00fdchko\u013evek lepkav\u00fdch zvy\u0161kov, \u010do z nich rob\u00ed udr\u017eate\u013en\u00fa a ekologick\u00fa vo\u013ebu ozna\u010dovania.<\/p>\n<p data-sourcepos=\"21:1-21:2\"><strong>Kompatibiln\u00e9 so \u0161irokou \u0161k\u00e1lou tla\u010diarn\u00ed<\/strong><\/p>\n<p data-sourcepos=\"23:1-23:243\">Na\u0161e odn\u00edmate\u013en\u00e9 elektrostatick\u00e9 f\u00f3liov\u00e9 etikety bez zvy\u0161kov s\u00fa kompatibiln\u00e9 so \u0161irokou \u0161k\u00e1lou atramentov\u00fdch a laserov\u00fdch tla\u010diarn\u00ed, \u010do v\u00e1m umo\u017e\u0148uje vytv\u00e1ra\u0165 vlastn\u00e9 etikety interne. S\u00fa k dispoz\u00edcii v r\u00f4znych ve\u013ekostiach a tvaroch, aby vyhovovali va\u0161im \u0161pecifick\u00fdm potreb\u00e1m.<\/p>\n<p data-sourcepos=\"25:1-25:89\"><strong>Spolupr\u00e1ca s dod\u00e1vate\u013emi tla\u010diarn\u00ed \u010diarov\u00fdch k\u00f3dov pre \u0161pi\u010dkov\u00fa kvalitu a odbornos\u0165<\/strong><\/p>\n<p data-sourcepos=\"27:1-27:360\">Ako dod\u00e1vatelia tla\u010diarn\u00ed \u010diarov\u00fdch k\u00f3dov etikiet v \u010c\u00edne sa zav\u00e4zujeme poskytova\u0165 na\u0161im z\u00e1kazn\u00edkom najkvalitnej\u0161ie odn\u00edmate\u013en\u00e9 elektrostatick\u00e9 f\u00f3liov\u00e9 etikety bez zvy\u0161kov a odborn\u00e9 znalosti na splnenie ich \u0161pecifick\u00fdch aplika\u010dn\u00fdch potrieb. N\u00e1\u0161 t\u00edm sk\u00fasen\u00fdch odborn\u00edkov v\u00e1m m\u00f4\u017ee pom\u00f4c\u0165 vybra\u0165 spr\u00e1vny materi\u00e1l etikety, ve\u013ekos\u0165 a mo\u017enosti tla\u010de pre va\u0161e jedine\u010dn\u00e9 po\u017eiadavky.<\/p>\n<p data-sourcepos=\"29:1-29:170\"><strong>Kontaktujte n\u00e1s e\u0161te dnes<\/strong> Ak sa chcete dozvedie\u0165 viac o na\u0161ich odn\u00edmate\u013en\u00fdch elektrostatick\u00fdch f\u00f3liov\u00fdch etiket\u00e1ch bez zvy\u0161kov a o tom, ako v\u00e1m m\u00f4\u017eeme pom\u00f4c\u0165 zefekt\u00edvni\u0165 va\u0161e procesy ozna\u010dovania a zn\u00ed\u017ei\u0165 mno\u017estvo odpadu.<\/p>","protected":false},"excerpt":{"rendered":"<p>Odn\u00edmate\u013en\u00e9 elektrostatick\u00e9 f\u00f3liov\u00e9 etikety bez zvy\u0161kov s\u00fa typ etikiet, ktor\u00e9 pri\u013en\u00fa k povrchom pomocou statickej elektriny namiesto lepidla. T\u00e1to jedine\u010dn\u00e1 vlastnos\u0165 umo\u017e\u0148uje ich jednoduch\u00fa aplik\u00e1ciu a odstr\u00e1nenie bez zanechania lepkav\u00fdch zvy\u0161kov alebo po\u0161kodenia.<\/p>","protected":false},"featured_media":1658,"template":"","meta":[],"product_brand":[],"product_cat":[15],"product_tag":[],"class_list":{"0":"post-1693","1":"product","2":"type-product","3":"status-publish","4":"has-post-thumbnail","6":"product_cat-print-label","8":"first","9":"instock","10":"shipping-taxable","11":"product-type-simple"},"_links":{"self":[{"href":"https:\/\/membraneswitchmfg.com\/sk\/wp-json\/wp\/v2\/product\/1693","targetHints":{"allow":["GET"]}}],"collection":[{"href":"https:\/\/membraneswitchmfg.com\/sk\/wp-json\/wp\/v2\/product"}],"about":[{"href":"https:\/\/membraneswitchmfg.com\/sk\/wp-json\/wp\/v2\/types\/product"}],"wp:featuredmedia":[{"embeddable":true,"href":"https:\/\/membraneswitchmfg.com\/sk\/wp-json\/wp\/v2\/media\/1658"}],"wp:attachment":[{"href":"https:\/\/membraneswitchmfg.com\/sk\/wp-json\/wp\/v2\/media?parent=1693"}],"wp:term":[{"taxonomy":"product_brand","embeddable":true,"href":"https:\/\/membraneswitchmfg.com\/sk\/wp-json\/wp\/v2\/product_brand?post=1693"},{"taxonomy":"product_cat","embeddable":true,"href":"https:\/\/membraneswitchmfg.com\/sk\/wp-json\/wp\/v2\/product_cat?post=1693"},{"taxonomy":"product_tag","embeddable":true,"href":"https:\/\/membraneswitchmfg.com\/sk\/wp-json\/wp\/v2\/product_tag?post=1693"}],"curies":[{"name":"wp","href":"https:\/\/api.w.org\/{rel}","templated":true}]}}