{"id":1694,"date":"2024-06-22T14:56:04","date_gmt":"2024-06-22T14:56:04","guid":{"rendered":"https:\/\/membraneswitchmfg.com\/manufacturer\/listing-card-product-manual\/"},"modified":"2024-06-25T14:40:27","modified_gmt":"2024-06-25T14:40:27","slug":"listing-card-product-manual","status":"publish","type":"product","link":"https:\/\/membraneswitchmfg.com\/sk\/manufacturer\/listing-card-product-manual\/","title":{"rendered":"Karta zoznamu a pr\u00edru\u010dka produktu"},"content":{"rendered":"<h2 class=\"\" data-sourcepos=\"1:1-1:87\">Karti\u010dky s ponukou a n\u00e1vody na produkty: Zlep\u0161enie prezent\u00e1cie produktu a identity zna\u010dky<\/h2>\n<p data-sourcepos=\"3:1-3:108\">Pozdvihnite prezent\u00e1ciu svojho produktu a identitu zna\u010dky pomocou na\u0161ich vysokokvalitn\u00fdch karti\u010diek s ponukou a n\u00e1vodov na produkty. Tieto z\u00e1kladn\u00e9 n\u00e1stroje poskytuj\u00fa z\u00e1kazn\u00edkom cenn\u00e9 inform\u00e1cie, zlep\u0161uj\u00fa ich z\u00e1\u017eitok z nakupovania a podporuj\u00fa lojalitu k zna\u010dke.<\/p>\n<p data-sourcepos=\"5:1-5:56\"><strong>Karti\u010dky s ponukou: Jasn\u00e9 a stru\u010dn\u00e9 inform\u00e1cie o produkte<\/strong><\/p>\n<p data-sourcepos=\"7:1-7:21\">Karti\u010dky s ponukou pon\u00fakaj\u00fa stru\u010dn\u00fd a informat\u00edvny preh\u013ead o va\u0161ich produktoch a poskytuj\u00fa z\u00e1kladn\u00e9 podrobnosti na prv\u00fd poh\u013ead. S\u00fa ide\u00e1lne pre:<\/p>\n<ul data-sourcepos=\"9:1-12:0\">\n<li data-sourcepos=\"9:1-9:64\"><strong>Zobrazovanie n\u00e1zvov produktov, popisov a \u0161pecifik\u00e1ci\u00ed<\/strong><\/li>\n<li data-sourcepos=\"10:1-10:44\"><strong>Zv\u00fdraznenie k\u013e\u00fa\u010dov\u00fdch vlastnost\u00ed a v\u00fdhod<\/strong><\/li>\n<li data-sourcepos=\"11:1-12:0\"><strong>Prezent\u00e1cia obr\u00e1zkov produktov a zna\u010dky<\/strong><\/li>\n<\/ul>\n<p data-sourcepos=\"13:1-13:48\"><strong>N\u00e1vody na produkty: Komplexn\u00e9 pokyny pre pou\u017e\u00edvate\u013ea<\/strong><\/p>\n<p data-sourcepos=\"15:1-15:23\">N\u00e1vody na produkty poskytuj\u00fa komplexn\u00e9 pokyny a usmernenia pre va\u0161e produkty, \u010d\u00edm zabezpe\u010duj\u00fa spokojnos\u0165 z\u00e1kazn\u00edkov a zni\u017euj\u00fa n\u00e1klady na podporu. Zah\u0155\u0148aj\u00fa:<\/p>\n<ul data-sourcepos=\"17:1-21:0\">\n<li data-sourcepos=\"17:1-17:50\"><strong>Podrobn\u00e9 pokyny na in\u0161tal\u00e1ciu a nastavenie<\/strong><\/li>\n<li data-sourcepos=\"18:1-18:39\"><strong>Podrobn\u00e9 prev\u00e1dzkov\u00e9 postupy<\/strong><\/li>\n<li data-sourcepos=\"19:1-19:35\"><strong>Tipy na rie\u0161enie probl\u00e9mov a \u010dasto kladen\u00e9 ot\u00e1zky<\/strong><\/li>\n<li data-sourcepos=\"20:1-21:0\"><strong>Bezpe\u010dnostn\u00e9 upozornenia a prevent\u00edvne opatrenia<\/strong><\/li>\n<\/ul>\n<p data-sourcepos=\"22:1-22:89\"><strong>Spolupr\u00e1ca s dod\u00e1vate\u013emi tla\u010diarn\u00ed \u010diarov\u00fdch k\u00f3dov pre \u0161pi\u010dkov\u00fa kvalitu a odbornos\u0165<\/strong><\/p>\n<p data-sourcepos=\"24:1-24:316\">V China Label Barcode Printer Suppliers sa zav\u00e4zujeme poskytova\u0165 na\u0161im z\u00e1kazn\u00edkom karti\u010dky s ponukou a n\u00e1vody na produkty najvy\u0161\u0161ej kvality. N\u00e1\u0161 t\u00edm sk\u00fasen\u00fdch odborn\u00edkov v\u00e1m m\u00f4\u017ee pom\u00f4c\u0165 navrhn\u00fa\u0165 a vytvori\u0165 materi\u00e1ly na mieru, ktor\u00e9 s\u00fa v s\u00falade s identitou va\u0161ej zna\u010dky a efekt\u00edvne komunikuj\u00fa inform\u00e1cie o produkte.<\/p>\n<p data-sourcepos=\"26:1-26:62\"><strong>Kontaktujte n\u00e1s e\u0161te dnes<\/strong> sa dozviete viac o na\u0161ich karti\u010dk\u00e1ch s ponukou a n\u00e1vodoch na produkty a o tom, ako v\u00e1m m\u00f4\u017eeme pom\u00f4c\u0165 zlep\u0161i\u0165 prezent\u00e1ciu v\u00e1\u0161ho produktu, zlep\u0161i\u0165 z\u00e1kazn\u00edcku sk\u00fasenos\u0165 a posilni\u0165 va\u0161u zna\u010dku.<\/p>\n<p data-sourcepos=\"28:1-28:150\"><strong>\u010eal\u0161ie k\u013e\u00fa\u010dov\u00e9 slov\u00e1:<\/strong> \u0161t\u00edtky na tla\u010diarne SD kariet, tla\u010diare\u0148 \u0161t\u00edtkov na identifika\u010dn\u00e9 karty, tla\u010diare\u0148 \u0161t\u00edtkov na karty, tla\u010d \u0161t\u00edtkov na viano\u010dn\u00e9 poh\u013eadnice, tla\u010den\u00e9 kart\u00f3nov\u00e9 \u0161t\u00edtky<\/p>","protected":false},"excerpt":{"rendered":"<p>V\u00fdpisov\u00e1 karta alebo produktov\u00fd manu\u00e1l je dokument, ktor\u00fd poskytuje podrobn\u00e9 inform\u00e1cie o produkte alebo slu\u017ebe. Zvy\u010dajne ho pou\u017e\u00edvaj\u00fa podniky na informovanie z\u00e1kazn\u00edkov o vlastnostiach, v\u00fdhod\u00e1ch a \u0161pecifik\u00e1ci\u00e1ch ich produktov.<\/p>","protected":false},"featured_media":1657,"template":"","meta":[],"product_brand":[],"product_cat":[15],"product_tag":[],"class_list":{"0":"post-1694","1":"product","2":"type-product","3":"status-publish","4":"has-post-thumbnail","6":"product_cat-print-label","8":"first","9":"instock","10":"shipping-taxable","11":"product-type-simple"},"_links":{"self":[{"href":"https:\/\/membraneswitchmfg.com\/sk\/wp-json\/wp\/v2\/product\/1694","targetHints":{"allow":["GET"]}}],"collection":[{"href":"https:\/\/membraneswitchmfg.com\/sk\/wp-json\/wp\/v2\/product"}],"about":[{"href":"https:\/\/membraneswitchmfg.com\/sk\/wp-json\/wp\/v2\/types\/product"}],"wp:featuredmedia":[{"embeddable":true,"href":"https:\/\/membraneswitchmfg.com\/sk\/wp-json\/wp\/v2\/media\/1657"}],"wp:attachment":[{"href":"https:\/\/membraneswitchmfg.com\/sk\/wp-json\/wp\/v2\/media?parent=1694"}],"wp:term":[{"taxonomy":"product_brand","embeddable":true,"href":"https:\/\/membraneswitchmfg.com\/sk\/wp-json\/wp\/v2\/product_brand?post=1694"},{"taxonomy":"product_cat","embeddable":true,"href":"https:\/\/membraneswitchmfg.com\/sk\/wp-json\/wp\/v2\/product_cat?post=1694"},{"taxonomy":"product_tag","embeddable":true,"href":"https:\/\/membraneswitchmfg.com\/sk\/wp-json\/wp\/v2\/product_tag?post=1694"}],"curies":[{"name":"wp","href":"https:\/\/api.w.org\/{rel}","templated":true}]}}