{"id":1773,"date":"2024-06-24T05:57:57","date_gmt":"2024-06-24T05:57:57","guid":{"rendered":"https:\/\/membraneswitchmfg.com\/manufacturer\/silver-flex-membrane-switch\/"},"modified":"2024-06-25T13:26:16","modified_gmt":"2024-06-25T13:26:16","slug":"silver-flex-membrane-switch","status":"publish","type":"product","link":"https:\/\/membraneswitchmfg.com\/sk\/manufacturer\/silver-flex-membrane-switch\/","title":{"rendered":"Membr\u00e1nov\u00fd sp\u00edna\u010d Silver Flex"},"content":{"rendered":"<h2><strong><b>Strieborn\u00e9 flexibiln\u00e9 membr\u00e1nov\u00e9 sp\u00edna\u010de: Spo\u013eahliv\u00e9 a cenovo v\u00fdhodn\u00e9 rie\u0161enia<\/b><\/strong><\/h2>\n<p><strong>Bezkonkuren\u010dn\u00e1 v\u0161estrannos\u0165 a v\u00fdkon<\/strong><\/p>\n<p>Strieborn\u00e9 flexibiln\u00e9 membr\u00e1nov\u00e9 sp\u00edna\u010de s\u00fa zn\u00e1me pre svoje:<\/p>\n<ul>\n<li><strong>Tenk\u00fd a flexibiln\u00fd dizajn pre jednoduch\u00fa integr\u00e1ciu<\/strong><\/li>\n<li><strong>Hmatov\u00e1 odozva pre lep\u0161\u00ed pou\u017e\u00edvate\u013esk\u00fd z\u00e1\u017eitok<\/strong><\/li>\n<li><strong>Dlh\u00e1 \u017eivotnos\u0165 s mili\u00f3nmi aktiv\u00e1ci\u00ed<\/strong><\/li>\n<li><strong>Odolnos\u0165 vo\u010di vlhkosti, prachu a drsn\u00fdm podmienkam<\/strong><\/li>\n<\/ul>\n<p><strong>Cenovo v\u00fdhodn\u00e9 rie\u0161enia pre va\u0161e potreby<\/strong><\/p>\n<p>Strieborn\u00e9 flexibiln\u00e9 membr\u00e1nov\u00e9 sp\u00edna\u010de pon\u00fakaj\u00fa cenovo v\u00fdhodn\u00e9 rie\u0161enie bez kompromisov v kvalite. S\u00fa ide\u00e1lne pre aplik\u00e1cie, kde:<\/p>\n<ul>\n<li><strong>Rozpo\u010det je prvorad\u00fd<\/strong><\/li>\n<li><strong>Vy\u017eaduj\u00fa sa ve\u013ek\u00e9 mno\u017estv\u00e1<\/strong><\/li>\n<li><strong>Priestorov\u00e9 obmedzenia s\u00fa faktorom<\/strong><\/li>\n<\/ul>\n<p><strong>Aplik\u00e1cie<\/strong><\/p>\n<p>Strieborn\u00e9 flexibiln\u00e9 membr\u00e1nov\u00e9 sp\u00edna\u010de sa \u0161iroko pou\u017e\u00edvaj\u00fa v r\u00f4znych odvetviach, vr\u00e1tane:<\/p>\n<ul>\n<li><strong>Spotrebn\u00e1 elektronika<\/strong><\/li>\n<li><strong>Zdravotn\u00edcke pom\u00f4cky<\/strong><\/li>\n<li><strong>Priemyseln\u00e9 ovl\u00e1dacie panely<\/strong><\/li>\n<li><strong>Spotrebi\u010de<\/strong><\/li>\n<li><strong>A mnoho \u010fal\u0161\u00edch<\/strong><\/li>\n<\/ul>\n<p><strong>Prisp\u00f4sobite\u013en\u00e9 mo\u017enosti<\/strong><\/p>\n<p>Pon\u00fakame \u0161irok\u00fa \u0161k\u00e1lu mo\u017enost\u00ed prisp\u00f4sobenia va\u0161im \u0161pecifick\u00fdm potreb\u00e1m vr\u00e1tane:<\/p>\n<ul>\n<li><strong>R\u00f4zne ve\u013ekosti a konfigur\u00e1cie prep\u00edna\u010dov<\/strong><\/li>\n<li><strong>Vlastn\u00e1 grafika a podsvietenie<\/strong><\/li>\n<li><strong>Mo\u017enosti hmatovej sp\u00e4tnej v\u00e4zby<\/strong><\/li>\n<li><strong>Tesnenie a ochrana \u017eivotn\u00e9ho prostredia<\/strong><\/li>\n<\/ul>\n<p><strong>Partnerstvo s d\u00f4veryhodn\u00fdm dod\u00e1vate\u013eom vodotesn\u00fdch membr\u00e1nov\u00fdch sp\u00edna\u010dov<\/strong><\/p>\n<p>S dlhoro\u010dn\u00fdmi sk\u00fasenos\u0165ami a z\u00e1v\u00e4zkom ku kvalite sme v\u00e1\u0161 d\u00f4veryhodn\u00fd dod\u00e1vate\u013e strieborn\u00fdch flexibiln\u00fdch membr\u00e1nov\u00fdch sp\u00edna\u010dov. N\u00e1\u0161 t\u00edm odborn\u00edkov v\u00e1m m\u00f4\u017ee pom\u00f4c\u0165 navrhn\u00fa\u0165 a vyrobi\u0165 dokonal\u00e9 sp\u00edna\u010de pre va\u0161u aplik\u00e1ciu.<\/p>\n<p><strong>Kontaktujte n\u00e1s e\u0161te dnes<\/strong>\u00a0sa dozviete viac o na\u0161ich strieborn\u00fdch flexibiln\u00fdch membr\u00e1nov\u00fdch sp\u00edna\u010doch a o tom, ako v\u00e1m m\u00f4\u017eeme pom\u00f4c\u0165 dosiahnu\u0165 va\u0161e ciele produktu a z\u00e1rove\u0148 zosta\u0165 v r\u00e1mci rozpo\u010dtu.<\/p>","protected":false},"excerpt":{"rendered":"<p>Za\u017eite dokonal\u00fa rovnov\u00e1hu medzi v\u00fdkonom a cenovou dostupnos\u0165ou s na\u0161imi membr\u00e1nov\u00fdmi sp\u00edna\u010dmi Silver Flex. Tieto v\u0161estrann\u00e9 sp\u00edna\u010de pon\u00fakaj\u00fa hmatov\u00fd, citliv\u00fd pocit a dlhotrvaj\u00facu odolnos\u0165, v\u010faka \u010domu s\u00fa ide\u00e1lnou vo\u013ebou pre \u0161irok\u00fa \u0161k\u00e1lu aplik\u00e1ci\u00ed.<\/p>","protected":false},"featured_media":1759,"template":"","meta":[],"product_brand":[],"product_cat":[40],"product_tag":[],"class_list":{"0":"post-1773","1":"product","2":"type-product","3":"status-publish","4":"has-post-thumbnail","6":"product_cat-membrane-switch","8":"first","9":"instock","10":"shipping-taxable","11":"product-type-simple"},"_links":{"self":[{"href":"https:\/\/membraneswitchmfg.com\/sk\/wp-json\/wp\/v2\/product\/1773","targetHints":{"allow":["GET"]}}],"collection":[{"href":"https:\/\/membraneswitchmfg.com\/sk\/wp-json\/wp\/v2\/product"}],"about":[{"href":"https:\/\/membraneswitchmfg.com\/sk\/wp-json\/wp\/v2\/types\/product"}],"wp:featuredmedia":[{"embeddable":true,"href":"https:\/\/membraneswitchmfg.com\/sk\/wp-json\/wp\/v2\/media\/1759"}],"wp:attachment":[{"href":"https:\/\/membraneswitchmfg.com\/sk\/wp-json\/wp\/v2\/media?parent=1773"}],"wp:term":[{"taxonomy":"product_brand","embeddable":true,"href":"https:\/\/membraneswitchmfg.com\/sk\/wp-json\/wp\/v2\/product_brand?post=1773"},{"taxonomy":"product_cat","embeddable":true,"href":"https:\/\/membraneswitchmfg.com\/sk\/wp-json\/wp\/v2\/product_cat?post=1773"},{"taxonomy":"product_tag","embeddable":true,"href":"https:\/\/membraneswitchmfg.com\/sk\/wp-json\/wp\/v2\/product_tag?post=1773"}],"curies":[{"name":"wp","href":"https:\/\/api.w.org\/{rel}","templated":true}]}}