{"id":1775,"date":"2024-06-24T05:57:57","date_gmt":"2024-06-24T05:57:57","guid":{"rendered":"https:\/\/membraneswitchmfg.com\/manufacturer\/pcb-membrane-switch\/"},"modified":"2024-06-25T11:50:52","modified_gmt":"2024-06-25T11:50:52","slug":"pcb-membrane-switch","status":"publish","type":"product","link":"https:\/\/membraneswitchmfg.com\/sk\/manufacturer\/pcb-membrane-switch\/","title":{"rendered":"Membr\u00e1nov\u00fd sp\u00edna\u010d PCB"},"content":{"rendered":"<h2><strong><b>Membr\u00e1nov\u00fd sp\u00edna\u010d PCB: Spojenie v\u00fdkonu a v\u0161estrannosti<\/b><\/strong><\/h2>\n<p><strong>Bezkonkuren\u010dn\u00fd v\u00fdkon a v\u0161estrannos\u0165<\/strong><\/p>\n<p>Membr\u00e1nov\u00e9 sp\u00edna\u010de PCB s\u00fa zn\u00e1me pre:<\/p>\n<ul>\n<li><strong>Tenk\u00fd a \u013eahk\u00fd dizajn pre jednoduch\u00fa integr\u00e1ciu<\/strong><\/li>\n<li><strong>Hmatov\u00e1 odozva pre lep\u0161iu interakciu s pou\u017e\u00edvate\u013eom<\/strong><\/li>\n<li><strong>Dlh\u00e1 \u017eivotnos\u0165 s mili\u00f3nmi aktiv\u00e1ci\u00ed<\/strong><\/li>\n<li><strong>Odolnos\u0165 vo\u010di vlhkosti, prachu a drsn\u00fdm podmienkam<\/strong><\/li>\n<li><strong>Bezprobl\u00e9mov\u00e1 integr\u00e1cia s PCB pre pokro\u010dil\u00e9 funkcie<\/strong><\/li>\n<\/ul>\n<p><strong>Cenovo v\u00fdhodn\u00e9 rie\u0161enia pre va\u0161e potreby<\/strong><\/p>\n<p>Membr\u00e1nov\u00e9 sp\u00edna\u010de PCB pon\u00fakaj\u00fa rovnov\u00e1hu medzi v\u00fdkonom a cenovou dostupnos\u0165ou, v\u010faka \u010domu s\u00fa ide\u00e1lne pre aplik\u00e1cie, kde:<\/p>\n<ul>\n<li><strong>Rozpo\u010det je prvorad\u00fd<\/strong><\/li>\n<li><strong>Vy\u017eaduj\u00fa sa ve\u013ek\u00e9 mno\u017estv\u00e1<\/strong><\/li>\n<li><strong>Priestorov\u00e9 obmedzenia s\u00fa faktorom<\/strong><\/li>\n<li><strong>S\u00fa potrebn\u00e9 pokro\u010dil\u00e9 funkcie<\/strong><\/li>\n<\/ul>\n<p><strong>Aplik\u00e1cie<\/strong><\/p>\n<p>Membr\u00e1nov\u00e9 sp\u00edna\u010de PCB sa \u0161iroko pou\u017e\u00edvaj\u00fa v r\u00f4znych odvetviach, vr\u00e1tane:<\/p>\n<ul>\n<li><strong>Spotrebn\u00e1 elektronika<\/strong><\/li>\n<li><strong>Zdravotn\u00edcke pom\u00f4cky<\/strong><\/li>\n<li><strong>Priemyseln\u00e9 ovl\u00e1dacie panely<\/strong><\/li>\n<li><strong>Spotrebi\u010de<\/strong><\/li>\n<li><strong>A mnoho \u010fal\u0161\u00edch<\/strong><\/li>\n<\/ul>\n<p><strong>Prisp\u00f4sobite\u013en\u00e9 mo\u017enosti<\/strong><\/p>\n<p>Pon\u00fakame \u0161irok\u00fa \u0161k\u00e1lu mo\u017enost\u00ed prisp\u00f4sobenia va\u0161im \u0161pecifick\u00fdm potreb\u00e1m vr\u00e1tane:<\/p>\n<ul>\n<li><strong>R\u00f4zne ve\u013ekosti a konfigur\u00e1cie prep\u00edna\u010dov<\/strong><\/li>\n<li><strong>Vlastn\u00e1 grafika a podsvietenie<\/strong><\/li>\n<li><strong>Mo\u017enosti hmatovej sp\u00e4tnej v\u00e4zby<\/strong><\/li>\n<li><strong>Tesnenie a ochrana \u017eivotn\u00e9ho prostredia<\/strong><\/li>\n<\/ul>\n<p><strong>Partnerstvo so sk\u00fasen\u00fdm v\u00fdrobcom membr\u00e1nov\u00fdch sp\u00edna\u010dov PCB<\/strong><\/p>\n<p>V\u010faka dlhoro\u010dn\u00fdm sk\u00fasenostiam a odhodlaniu ku kvalite sme va\u0161\u00edm d\u00f4veryhodn\u00fdm v\u00fdrobcom membr\u00e1nov\u00fdch sp\u00edna\u010dov PCB. N\u00e1\u0161 t\u00edm odborn\u00edkov v\u00e1m m\u00f4\u017ee pom\u00f4c\u0165 navrhn\u00fa\u0165 a vyrobi\u0165 dokonal\u00e9 sp\u00edna\u010de pre va\u0161u aplik\u00e1ciu.<\/p>\n<p><strong><a href=\"https:\/\/membraneswitchmfg.com\/sk\/contact\/\">Kontaktujte n\u00e1s <\/a>dnes<\/strong>\u00a0a dozviete sa viac o na\u0161ich membr\u00e1nov\u00fdch sp\u00edna\u010doch PCB a o tom, ako v\u00e1m m\u00f4\u017eeme pom\u00f4c\u0165 dosiahnu\u0165 va\u0161e ciele v oblasti produktov pri dodr\u017ean\u00ed rozpo\u010dtu.<\/p>","protected":false},"excerpt":{"rendered":"<p>Pozdvihnite svoje pou\u017e\u00edvate\u013esk\u00e9 rozhranie pomocou na\u0161ich membr\u00e1nov\u00fdch sp\u00edna\u010dov PCB, ktor\u00e9 kombinuj\u00fa presnos\u0165 PCB s hmatovou odozvou membr\u00e1nov\u00fdch sp\u00edna\u010dov. Tieto v\u0161estrann\u00e9 sp\u00edna\u010de pon\u00fakaj\u00fa bezprobl\u00e9mov\u00fa pou\u017e\u00edvate\u013esk\u00fa sk\u00fasenos\u0165, zv\u00fd\u0161en\u00fa odolnos\u0165 a cenovo v\u00fdhodn\u00e9 rie\u0161enia pre \u0161irok\u00fa \u0161k\u00e1lu aplik\u00e1ci\u00ed.<\/p>","protected":false},"featured_media":1757,"template":"","meta":[],"product_brand":[],"product_cat":[40],"product_tag":[],"class_list":{"0":"post-1775","1":"product","2":"type-product","3":"status-publish","4":"has-post-thumbnail","6":"product_cat-membrane-switch","8":"first","9":"instock","10":"shipping-taxable","11":"product-type-simple"},"_links":{"self":[{"href":"https:\/\/membraneswitchmfg.com\/sk\/wp-json\/wp\/v2\/product\/1775","targetHints":{"allow":["GET"]}}],"collection":[{"href":"https:\/\/membraneswitchmfg.com\/sk\/wp-json\/wp\/v2\/product"}],"about":[{"href":"https:\/\/membraneswitchmfg.com\/sk\/wp-json\/wp\/v2\/types\/product"}],"wp:featuredmedia":[{"embeddable":true,"href":"https:\/\/membraneswitchmfg.com\/sk\/wp-json\/wp\/v2\/media\/1757"}],"wp:attachment":[{"href":"https:\/\/membraneswitchmfg.com\/sk\/wp-json\/wp\/v2\/media?parent=1775"}],"wp:term":[{"taxonomy":"product_brand","embeddable":true,"href":"https:\/\/membraneswitchmfg.com\/sk\/wp-json\/wp\/v2\/product_brand?post=1775"},{"taxonomy":"product_cat","embeddable":true,"href":"https:\/\/membraneswitchmfg.com\/sk\/wp-json\/wp\/v2\/product_cat?post=1775"},{"taxonomy":"product_tag","embeddable":true,"href":"https:\/\/membraneswitchmfg.com\/sk\/wp-json\/wp\/v2\/product_tag?post=1775"}],"curies":[{"name":"wp","href":"https:\/\/api.w.org\/{rel}","templated":true}]}}