{"id":1776,"date":"2024-06-24T05:57:57","date_gmt":"2024-06-24T05:57:57","guid":{"rendered":"https:\/\/membraneswitchmfg.com\/manufacturer\/rubber-keypad-membrane-switch\/"},"modified":"2024-06-25T13:32:14","modified_gmt":"2024-06-25T13:32:14","slug":"rubber-keypad-membrane-switch","status":"publish","type":"product","link":"https:\/\/membraneswitchmfg.com\/sk\/manufacturer\/rubber-keypad-membrane-switch\/","title":{"rendered":"Membr\u00e1nov\u00fd sp\u00edna\u010d s gumovou kl\u00e1vesnicou"},"content":{"rendered":"<h2><strong><b>Membr\u00e1nov\u00fd sp\u00edna\u010d s gumovou kl\u00e1vesnicou: Zv\u00fd\u0161en\u00e1 odolnos\u0165 a hmatov\u00e1 odozva<\/b><\/strong><\/h2>\n<p><strong>Bezkonkuren\u010dn\u00e1 odolnos\u0165 a hmatov\u00e1 odozva<\/strong><\/p>\n<p>Membr\u00e1nov\u00e9 sp\u00edna\u010de s gumovou kl\u00e1vesnicou s\u00fa navrhnut\u00e9 pre dokonalos\u0165 a obsahuj\u00fa:<\/p>\n<ul>\n<li><strong>Vysoko kvalitn\u00e1 silik\u00f3nov\u00e1 guma pre vynikaj\u00facu odolnos\u0165 a flexibilitu<\/strong><\/li>\n<li><strong>Hmatov\u00e9 kupoly pre uspokojiv\u00e9 a citliv\u00e9 stla\u010denie kl\u00e1vesu<\/strong><\/li>\n<li><strong>Odolnos\u0165 vo\u010di vlhkosti, prachu a drsn\u00fdm podmienkam<\/strong><\/li>\n<li><strong>Dlh\u00e1 \u017eivotnos\u0165 s mili\u00f3nmi aktiv\u00e1ci\u00ed<\/strong><\/li>\n<\/ul>\n<p><strong>Za\u017eite v\u00fdhody<\/strong><\/p>\n<p>S membr\u00e1nov\u00fdmi sp\u00edna\u010dmi s gumovou kl\u00e1vesnicou m\u00f4\u017eete o\u010dak\u00e1va\u0165:<\/p>\n<ul>\n<li><strong>Zn\u00ed\u017eenie prestojov a n\u00e1kladov na \u00fadr\u017ebu<\/strong><\/li>\n<li><strong>Zv\u00fd\u0161en\u00e1 spokojnos\u0165 pou\u017e\u00edvate\u013eov a pou\u017eite\u013enos\u0165 produktu<\/strong><\/li>\n<li><strong>Zlep\u0161en\u00fd v\u00fdkon a spo\u013eahlivos\u0165 v\u00fdrobku<\/strong><\/li>\n<\/ul>\n<p><strong>Aplik\u00e1cie<\/strong><\/p>\n<p>Membr\u00e1nov\u00e9 sp\u00edna\u010de s gumovou kl\u00e1vesnicou s\u00fa vhodn\u00e9 pre \u0161irok\u00fa \u0161k\u00e1lu aplik\u00e1ci\u00ed, vr\u00e1tane:<\/p>\n<ul>\n<li><strong>Spotrebn\u00e1 elektronika<\/strong><\/li>\n<li><strong>Zdravotn\u00edcke pom\u00f4cky<\/strong><\/li>\n<li><strong>Priemyseln\u00e9 ovl\u00e1dacie panely<\/strong><\/li>\n<li><strong>Telekomunika\u010dn\u00e9 zariadenia<\/strong><\/li>\n<li><strong>A mnoho \u010fal\u0161\u00edch<\/strong><\/li>\n<\/ul>\n<p><strong>Prisp\u00f4sobite\u013en\u00e9 rie\u0161enia<\/strong><\/p>\n<p>Pon\u00fakame \u0161irok\u00fa \u0161k\u00e1lu mo\u017enost\u00ed prisp\u00f4sobenia va\u0161im \u0161pecifick\u00fdm potreb\u00e1m vr\u00e1tane:<\/p>\n<ul>\n<li><strong>R\u00f4zne ve\u013ekosti a konfigur\u00e1cie prep\u00edna\u010dov<\/strong><\/li>\n<li><strong>Vlastn\u00e1 grafika a podsvietenie<\/strong><\/li>\n<li><strong>Mo\u017enosti hmatovej sp\u00e4tnej v\u00e4zby<\/strong><\/li>\n<li><strong>Tesnenie a ochrana \u017eivotn\u00e9ho prostredia<\/strong><\/li>\n<\/ul>\n<p><strong>Partnerstvo so sk\u00fasen\u00fdm dod\u00e1vate\u013eom silik\u00f3nov\u00fdch membr\u00e1nov\u00fdch sp\u00edna\u010dov<\/strong><\/p>\n<p>V\u010faka dlhoro\u010dn\u00fdm sk\u00fasenostiam a odhodlaniu ku kvalite sme va\u0161\u00edm d\u00f4veryhodn\u00fdm zdrojom membr\u00e1nov\u00fdch sp\u00edna\u010dov s gumovou kl\u00e1vesnicou. N\u00e1\u0161 t\u00edm odborn\u00edkov v\u00e1m m\u00f4\u017ee pom\u00f4c\u0165 navrhn\u00fa\u0165 a vyrobi\u0165 dokonal\u00e9 sp\u00edna\u010de pre va\u0161u aplik\u00e1ciu.<\/p>\n<p><strong>Kontaktujte n\u00e1s e\u0161te dnes<\/strong>\u00a0Ak sa chcete dozvedie\u0165 viac o na\u0161ich membr\u00e1nov\u00fdch sp\u00edna\u010doch s gumovou kl\u00e1vesnicou a o tom, ako v\u00e1m m\u00f4\u017eeme pom\u00f4c\u0165 dosiahnu\u0165 vynikaj\u00faci v\u00fdkon, odolnos\u0165 a spokojnos\u0165 pou\u017e\u00edvate\u013eov vo va\u0161ich produktoch.<\/p>","protected":false},"excerpt":{"rendered":"<p>Za\u017eite dokonal\u00fa kombin\u00e1ciu odolnosti a hmatovej odozvy s na\u0161imi membr\u00e1nov\u00fdmi sp\u00edna\u010dmi s gumovou kl\u00e1vesnicou. Tieto v\u0161estrann\u00e9 sp\u00edna\u010de pon\u00fakaj\u00fa pohodln\u00e9 pou\u017e\u00edvanie, dlhotrvaj\u00faci v\u00fdkon a cenovo v\u00fdhodn\u00e9 rie\u0161enia pre \u0161irok\u00fa \u0161k\u00e1lu aplik\u00e1ci\u00ed.<\/p>","protected":false},"featured_media":1758,"template":"","meta":[],"product_brand":[],"product_cat":[40],"product_tag":[],"class_list":{"0":"post-1776","1":"product","2":"type-product","3":"status-publish","4":"has-post-thumbnail","6":"product_cat-membrane-switch","8":"first","9":"instock","10":"shipping-taxable","11":"product-type-simple"},"_links":{"self":[{"href":"https:\/\/membraneswitchmfg.com\/sk\/wp-json\/wp\/v2\/product\/1776","targetHints":{"allow":["GET"]}}],"collection":[{"href":"https:\/\/membraneswitchmfg.com\/sk\/wp-json\/wp\/v2\/product"}],"about":[{"href":"https:\/\/membraneswitchmfg.com\/sk\/wp-json\/wp\/v2\/types\/product"}],"wp:featuredmedia":[{"embeddable":true,"href":"https:\/\/membraneswitchmfg.com\/sk\/wp-json\/wp\/v2\/media\/1758"}],"wp:attachment":[{"href":"https:\/\/membraneswitchmfg.com\/sk\/wp-json\/wp\/v2\/media?parent=1776"}],"wp:term":[{"taxonomy":"product_brand","embeddable":true,"href":"https:\/\/membraneswitchmfg.com\/sk\/wp-json\/wp\/v2\/product_brand?post=1776"},{"taxonomy":"product_cat","embeddable":true,"href":"https:\/\/membraneswitchmfg.com\/sk\/wp-json\/wp\/v2\/product_cat?post=1776"},{"taxonomy":"product_tag","embeddable":true,"href":"https:\/\/membraneswitchmfg.com\/sk\/wp-json\/wp\/v2\/product_tag?post=1776"}],"curies":[{"name":"wp","href":"https:\/\/api.w.org\/{rel}","templated":true}]}}