{"id":1777,"date":"2024-06-24T05:57:57","date_gmt":"2024-06-24T05:57:57","guid":{"rendered":"https:\/\/membraneswitchmfg.com\/manufacturer\/graphic-overlay\/"},"modified":"2024-07-25T08:41:13","modified_gmt":"2024-07-25T08:41:13","slug":"graphic-overlay","status":"publish","type":"product","link":"https:\/\/membraneswitchmfg.com\/sk\/manufacturer\/graphic-overlay\/","title":{"rendered":"Grafick\u00e9 prekrytie"},"content":{"rendered":"<h2><strong><b>Grafick\u00e9 prekrytia: Zlep\u0161enie pou\u017e\u00edvate\u013esk\u00e9ho z\u00e1\u017eitku a identity zna\u010dky<\/b><\/strong><\/h2>\n<p><strong>Zlep\u0161enie pou\u017e\u00edvate\u013esk\u00e9ho z\u00e1\u017eitku<\/strong><\/p>\n<p>Grafick\u00e9 prekrytia zohr\u00e1vaj\u00fa k\u013e\u00fa\u010dov\u00fa \u00falohu pri zlep\u0161ovan\u00ed pou\u017e\u00edvate\u013esk\u00e9ho z\u00e1\u017eitku t\u00fdm, \u017ee:<\/p>\n<ul>\n<li><strong>Poskytuj\u00fa jasn\u00e9 pokyny a \u0161t\u00edtky<\/strong><\/li>\n<li><strong>Nav\u00e1dzaj\u00fa pou\u017e\u00edvate\u013eov pri obsluhe a funkci\u00e1ch<\/strong><\/li>\n<li><strong>Zobrazuj\u00fa varovania a bezpe\u010dnostn\u00e9 inform\u00e1cie<\/strong><\/li>\n<li><strong>Vytv\u00e1raj\u00fa intuit\u00edvne a u\u017e\u00edvate\u013esky pr\u00edvetiv\u00e9 rozhranie<\/strong><\/li>\n<\/ul>\n<p><strong>Branding a identita<\/strong><\/p>\n<p>Grafick\u00e9 prekrytia sl\u00fa\u017eia ako v\u00fdkonn\u00e9 n\u00e1stroje na komunik\u00e1ciu zna\u010dky t\u00fdm, \u017ee:<\/p>\n<ul>\n<li><strong>Zobrazuj\u00fa log\u00e1 spolo\u010dnosti a prvky zna\u010dky<\/strong><\/li>\n<li><strong>Posil\u0148uj\u00fa identitu zna\u010dky a posolstvo<\/strong><\/li>\n<li><strong>Vytv\u00e1raj\u00fa s\u00fadr\u017en\u00fd a profesion\u00e1lny imid\u017e zna\u010dky<\/strong><\/li>\n<\/ul>\n<p><strong>Aplik\u00e1cie<\/strong><\/p>\n<p>Grafick\u00e9 prekrytia sa \u0161iroko pou\u017e\u00edvaj\u00fa v r\u00f4znych aplik\u00e1ci\u00e1ch, vr\u00e1tane:<\/p>\n<ul>\n<li><strong>Priemyseln\u00e9 ovl\u00e1dacie panely<\/strong><\/li>\n<li><strong>Zdravotn\u00edcke pom\u00f4cky<\/strong><\/li>\n<li><strong>Spotrebn\u00e1 elektronika<\/strong><\/li>\n<li><strong>Spotrebi\u010de<\/strong><\/li>\n<li><strong>Stroje a zariadenia<\/strong><\/li>\n<\/ul>\n<p><strong>Prisp\u00f4sobite\u013en\u00e9 rie\u0161enia<\/strong><\/p>\n<p>Pon\u00fakame \u0161irok\u00fa \u0161k\u00e1lu mo\u017enost\u00ed prisp\u00f4sobenia va\u0161im \u0161pecifick\u00fdm potreb\u00e1m vr\u00e1tane:<\/p>\n<ul>\n<li><strong>R\u00f4zne materi\u00e1ly a povrchov\u00e9 \u00fapravy<\/strong><\/li>\n<li><strong>Vlastn\u00e9 grafiky a n\u00e1vrhy<\/strong><\/li>\n<li><strong>Mo\u017enosti podsvietenia a osvetlenia<\/strong><\/li>\n<li><strong>Razenie a text\u00fary<\/strong><\/li>\n<\/ul>\n<p><strong>Partnerstvo so sk\u00fasen\u00fdm v\u00fdrobcom grafick\u00fdch prekryt\u00ed<\/strong><\/p>\n<p>V\u010faka dlhoro\u010dn\u00fdm sk\u00fasenostiam a odhodlaniu ku kvalite sme va\u0161\u00edm d\u00f4veryhodn\u00fdm zdrojom pre vlastn\u00e9 grafick\u00e9 prekrytia. N\u00e1\u0161 t\u00edm odborn\u00edkov v\u00e1m m\u00f4\u017ee pom\u00f4c\u0165 navrhn\u00fa\u0165 a vyrobi\u0165 dokonal\u00e9 prekrytia na zlep\u0161enie funk\u010dnosti, pou\u017e\u00edvate\u013esk\u00e9ho z\u00e1\u017eitku a identity zna\u010dky v\u00e1\u0161ho produktu.<\/p>\n<p><strong>Kontaktujte n\u00e1s e\u0161te dnes<\/strong>\u00a0Ak sa chcete dozvedie\u0165 viac o na\u0161ich rie\u0161eniach grafick\u00fdch prekryt\u00ed a o tom, ako v\u00e1m m\u00f4\u017eeme pom\u00f4c\u0165 pozdvihn\u00fa\u0165 va\u0161e produkty.<\/p>\n<p><strong>\u010eal\u0161ie k\u013e\u00fa\u010dov\u00e9 slov\u00e1:<\/strong>\u00a0membr\u00e1nov\u00fd hladinov\u00fd sp\u00edna\u010d, membr\u00e1na sp\u00edna\u010da, grafick\u00e9 prekrytie<\/p>\n<h2><strong><b>\u0160t\u00edtky: Zv\u00fd\u0161te identitu a funk\u010dnos\u0165 svojho produktu<\/b><\/strong><\/h2>\n<p><strong>Pozdvihnite identitu svojho produktu<\/strong><\/p>\n<p>\u0160t\u00edtky zohr\u00e1vaj\u00fa d\u00f4le\u017eit\u00fa \u00falohu pri vytv\u00e1ran\u00ed identity va\u0161ej zna\u010dky t\u00fdm, \u017ee:<\/p>\n<ul>\n<li><strong>V\u00fdrazne zobrazuj\u00fa logo va\u0161ej spolo\u010dnosti a n\u00e1zov zna\u010dky<\/strong><\/li>\n<li><strong>Posil\u0148uj\u00fa posolstvo a hodnoty va\u0161ej zna\u010dky<\/strong><\/li>\n<li><strong>Vytv\u00e1raj\u00fa s\u00fadr\u017en\u00fd a profesion\u00e1lny imid\u017e zna\u010dky<\/strong><\/li>\n<\/ul>\n<p><strong>Poskytuj\u00fa z\u00e1kladn\u00e9 inform\u00e1cie<\/strong><\/p>\n<p>\u0160t\u00edtky efekt\u00edvne komunikuj\u00fa z\u00e1kladn\u00e9 inform\u00e1cie o produkte, vr\u00e1tane:<\/p>\n<ul>\n<li><strong>N\u00e1zov produktu a \u010d\u00edslo modelu<\/strong><\/li>\n<li><strong>Regula\u010dn\u00e9 zna\u010dky a certifik\u00e1cie<\/strong><\/li>\n<li><strong>Prev\u00e1dzkov\u00e9 pokyny a upozornenia<\/strong><\/li>\n<li><strong>Kontaktn\u00e9 inform\u00e1cie pre podporu<\/strong><\/li>\n<\/ul>\n<p><strong>Zv\u00fd\u0161te funk\u010dnos\u0165 produktu<\/strong><\/p>\n<p>\u0160t\u00edtky m\u00f4\u017eu obsahova\u0165 aj funk\u010dn\u00e9 prvky, ako napr\u00edklad:<\/p>\n<ul>\n<li><strong>Membr\u00e1nov\u00e9 tla\u010didlov\u00e9 sp\u00edna\u010de pre interakciu s pou\u017e\u00edvate\u013eom<\/strong><\/li>\n<li><strong>LED indik\u00e1tory pre aktualiz\u00e1cie stavu<\/strong><\/li>\n<li><strong>\u010ciarov\u00e9 k\u00f3dy pre jednoduch\u00fa identifik\u00e1ciu<\/strong><\/li>\n<\/ul>\n<p><strong>Aplik\u00e1cie<\/strong><\/p>\n<p>\u0160t\u00edtky sa \u0161iroko pou\u017e\u00edvaj\u00fa v r\u00f4znych aplik\u00e1ci\u00e1ch, vr\u00e1tane:<\/p>\n<ul>\n<li><strong>Priemyseln\u00e9 ovl\u00e1dacie panely<\/strong><\/li>\n<li><strong>Zdravotn\u00edcke pom\u00f4cky<\/strong><\/li>\n<li><strong>Spotrebn\u00e1 elektronika<\/strong><\/li>\n<li><strong>Spotrebi\u010de<\/strong><\/li>\n<li><strong>Stroje a zariadenia<\/strong><\/li>\n<\/ul>\n<p><strong>Prisp\u00f4sobite\u013en\u00e9 rie\u0161enia<\/strong><\/p>\n<p>Pon\u00fakame \u0161irok\u00fa \u0161k\u00e1lu mo\u017enost\u00ed prisp\u00f4sobenia va\u0161im \u0161pecifick\u00fdm potreb\u00e1m vr\u00e1tane:<\/p>\n<ul>\n<li><strong>R\u00f4zne materi\u00e1ly a povrchov\u00e9 \u00fapravy<\/strong><\/li>\n<li><strong>Vlastn\u00e9 grafiky a n\u00e1vrhy<\/strong><\/li>\n<li><strong>Mo\u017enosti podsvietenia a osvetlenia<\/strong><\/li>\n<li><strong>Razenie a text\u00fary<\/strong><\/li>\n<\/ul>\n<p><strong>Spolupracujte so sk\u00fasen\u00fdm v\u00fdrobcom \u0161t\u00edtkov<\/strong><\/p>\n<p>V\u010faka dlhoro\u010dn\u00fdm sk\u00fasenostiam a odhodlaniu ku kvalite sme va\u0161\u00edm d\u00f4veryhodn\u00fdm zdrojom pre vlastn\u00e9 \u0161t\u00edtky. N\u00e1\u0161 t\u00edm odborn\u00edkov v\u00e1m m\u00f4\u017ee pom\u00f4c\u0165 navrhn\u00fa\u0165 a vyrobi\u0165 dokonal\u00e9 \u0161t\u00edtky na zv\u00fd\u0161enie identity, funk\u010dnosti a estetick\u00e9ho vzh\u013eadu v\u00e1\u0161ho produktu.<\/p>\n<p><strong>Kontaktujte n\u00e1s e\u0161te dnes<\/strong>\u00a0aby ste sa dozvedeli viac o na\u0161ich rie\u0161eniach \u0161t\u00edtkov a o tom, ako v\u00e1m m\u00f4\u017eeme pom\u00f4c\u0165 pozdvihn\u00fa\u0165 va\u0161e produkty.<\/p>\n<p><strong>\u010eal\u0161ie k\u013e\u00fa\u010dov\u00e9 slov\u00e1:<\/strong>\u00a0membr\u00e1nov\u00fd tla\u010didlov\u00fd sp\u00edna\u010d, membr\u00e1na typu sp\u00edna\u010da, \u0161t\u00edtok<\/p>","protected":false},"excerpt":{"rendered":"<p>Grafick\u00e9 prekrytia, zn\u00e1me aj ako \u0161t\u00edtky alebo predn\u00e9 panely, s\u00fa z\u00e1kladn\u00e9 komponenty, ktor\u00e9 zvy\u0161uj\u00fa pou\u017e\u00edvate\u013esk\u00fd z\u00e1\u017eitok a identitu zna\u010dky elektronick\u00fdch zariaden\u00ed. Tieto tenk\u00e9 vrstvy plastu alebo polym\u00e9rneho materi\u00e1lu s vlastnou potla\u010dou grafiky a textu s\u00fa bezprobl\u00e9movo integrovan\u00e9 na povrch zariadenia.<\/p>","protected":false},"featured_media":1749,"template":"","meta":[],"product_brand":[],"product_cat":[40],"product_tag":[],"class_list":{"0":"post-1777","1":"product","2":"type-product","3":"status-publish","4":"has-post-thumbnail","6":"product_cat-membrane-switch","8":"first","9":"instock","10":"shipping-taxable","11":"product-type-simple"},"_links":{"self":[{"href":"https:\/\/membraneswitchmfg.com\/sk\/wp-json\/wp\/v2\/product\/1777","targetHints":{"allow":["GET"]}}],"collection":[{"href":"https:\/\/membraneswitchmfg.com\/sk\/wp-json\/wp\/v2\/product"}],"about":[{"href":"https:\/\/membraneswitchmfg.com\/sk\/wp-json\/wp\/v2\/types\/product"}],"wp:featuredmedia":[{"embeddable":true,"href":"https:\/\/membraneswitchmfg.com\/sk\/wp-json\/wp\/v2\/media\/1749"}],"wp:attachment":[{"href":"https:\/\/membraneswitchmfg.com\/sk\/wp-json\/wp\/v2\/media?parent=1777"}],"wp:term":[{"taxonomy":"product_brand","embeddable":true,"href":"https:\/\/membraneswitchmfg.com\/sk\/wp-json\/wp\/v2\/product_brand?post=1777"},{"taxonomy":"product_cat","embeddable":true,"href":"https:\/\/membraneswitchmfg.com\/sk\/wp-json\/wp\/v2\/product_cat?post=1777"},{"taxonomy":"product_tag","embeddable":true,"href":"https:\/\/membraneswitchmfg.com\/sk\/wp-json\/wp\/v2\/product_tag?post=1777"}],"curies":[{"name":"wp","href":"https:\/\/api.w.org\/{rel}","templated":true}]}}