{"id":1779,"date":"2024-06-24T05:57:57","date_gmt":"2024-06-24T05:57:57","guid":{"rendered":"https:\/\/membraneswitchmfg.com\/manufacturer\/label\/"},"modified":"2024-07-25T09:16:57","modified_gmt":"2024-07-25T09:16:57","slug":"label","status":"publish","type":"product","link":"https:\/\/membraneswitchmfg.com\/sk\/manufacturer\/label\/","title":{"rendered":"\u0160t\u00edtok"},"content":{"rendered":"<h2><strong><b>\u0160t\u00edtky: Zlep\u0161enie identifik\u00e1cie a komunik\u00e1cie produktu<\/b><\/strong><\/h2>\n<p><strong>Efekt\u00edvna identifik\u00e1cia produktu<\/strong><\/p>\n<p>\u0160t\u00edtky zohr\u00e1vaj\u00fa k\u013e\u00fa\u010dov\u00fa \u00falohu pri identifik\u00e1cii produktu t\u00fdm, \u017ee:<\/p>\n<ul>\n<li><strong>Zobrazuj\u00fa n\u00e1zvy produktov, log\u00e1 a ochrann\u00e9 zn\u00e1mky<\/strong><\/li>\n<li><strong>Poskytuj\u00fa jedine\u010dn\u00e9 s\u00e9riov\u00e9 \u010d\u00edsla alebo \u010diarov\u00e9 k\u00f3dy<\/strong><\/li>\n<li><strong>Komunikuj\u00fa \u0161pecifik\u00e1cie a vlastnosti produktu<\/strong><\/li>\n<\/ul>\n<p><strong>Zabezpe\u010denie s\u00faladu s predpismi<\/strong><\/p>\n<p>\u0160t\u00edtky s\u00fa nevyhnutn\u00e9 na zabezpe\u010denie s\u00faladu s r\u00f4znymi predpismi a normami, vr\u00e1tane:<\/p>\n<ul>\n<li><strong>Bezpe\u010dnostn\u00e9 upozornenia a pokyny<\/strong><\/li>\n<li><strong>Inform\u00e1cie o obsahu materi\u00e1lu<\/strong><\/li>\n<li><strong>Pokyny na likvid\u00e1ciu a recykl\u00e1ciu<\/strong><\/li>\n<\/ul>\n<p><strong>Zlep\u0161enie komunik\u00e1cie a budovanie zna\u010dky<\/strong><\/p>\n<p>\u0160t\u00edtky sa daj\u00fa pou\u017ei\u0165 aj na zlep\u0161enie komunik\u00e1cie a budovanie zna\u010dky t\u00fdm, \u017ee:<\/p>\n<ul>\n<li><strong>Zobrazuj\u00fa log\u00e1 spolo\u010dnosti a prvky zna\u010dky<\/strong><\/li>\n<li><strong>Posil\u0148uj\u00fa posolstvo a hodnoty zna\u010dky<\/strong><\/li>\n<li><strong>Vytv\u00e1raj\u00fa s\u00fadr\u017en\u00fd a profesion\u00e1lny imid\u017e zna\u010dky<\/strong><\/li>\n<\/ul>\n<p><strong>Aplik\u00e1cie<\/strong><\/p>\n<p>\u0160t\u00edtky sa \u0161iroko pou\u017e\u00edvaj\u00fa v r\u00f4znych aplik\u00e1ci\u00e1ch, vr\u00e1tane:<\/p>\n<ul>\n<li><strong>Spotrebn\u00e1 elektronika<\/strong><\/li>\n<li><strong>Zdravotn\u00edcke pom\u00f4cky<\/strong><\/li>\n<li><strong>Balenie potrav\u00edn a n\u00e1pojov<\/strong><\/li>\n<li><strong>Priemyseln\u00e9 v\u00fdrobky<\/strong><\/li>\n<li><strong>Preprava a logistika<\/strong><\/li>\n<\/ul>\n<p><strong>Prisp\u00f4sobite\u013en\u00e9 rie\u0161enia<\/strong><\/p>\n<p>Pon\u00fakame \u0161irok\u00fa \u0161k\u00e1lu mo\u017enost\u00ed prisp\u00f4sobenia va\u0161im \u0161pecifick\u00fdm potreb\u00e1m vr\u00e1tane:<\/p>\n<ul>\n<li><strong>R\u00f4zne materi\u00e1ly a povrchov\u00e9 \u00fapravy<\/strong><\/li>\n<li><strong>Vlastn\u00e1 tla\u010d a grafika<\/strong><\/li>\n<li><strong>Vysek\u00e1vanie a tvary<\/strong><\/li>\n<li><strong>Mo\u017enosti lepidiel<\/strong><\/li>\n<\/ul>\n<p><strong>Partnerstvo so sk\u00fasen\u00fdm v\u00fdrobcom \u0161t\u00edtkov<\/strong><\/p>\n<p>V\u010faka dlhoro\u010dn\u00fdm sk\u00fasenostiam a odhodlaniu ku kvalite sme va\u0161\u00edm d\u00f4veryhodn\u00fdm zdrojom pre vlastn\u00e9 \u0161t\u00edtky. N\u00e1\u0161 t\u00edm odborn\u00edkov v\u00e1m m\u00f4\u017ee pom\u00f4c\u0165 navrhn\u00fa\u0165 a vyrobi\u0165 dokonal\u00e9 \u0161t\u00edtky na zlep\u0161enie identifik\u00e1cie, komunik\u00e1cie a budovania zna\u010dky v\u00e1\u0161ho produktu.<\/p>\n<p><strong>Kontaktujte n\u00e1s e\u0161te dnes<\/strong>\u00a0sa dozviete viac o na\u0161ich rie\u0161eniach pre \u0161t\u00edtky a o tom, ako v\u00e1m m\u00f4\u017eeme pom\u00f4c\u0165 pozdvihn\u00fa\u0165 va\u0161e produkty.<\/p>","protected":false},"excerpt":{"rendered":"<p>\u0160t\u00edtky s\u00fa z\u00e1kladn\u00e9 komponenty, ktor\u00e9 poskytuj\u00fa jasn\u00e9 a stru\u010dn\u00e9 inform\u00e1cie o produktoch, \u010d\u00edm zabezpe\u010duj\u00fa ich spr\u00e1vne pou\u017e\u00edvanie, identifik\u00e1ciu a s\u00falad s predpismi. Tieto v\u0161estrann\u00e9 \u0161t\u00edtky sa daj\u00fa pripevni\u0165 na \u0161irok\u00fa \u0161k\u00e1lu povrchov, vr\u00e1tane obalov, komponentov a hotov\u00fdch v\u00fdrobkov.<\/p>","protected":false},"featured_media":1750,"template":"","meta":[],"product_brand":[],"product_cat":[15],"product_tag":[],"class_list":{"0":"post-1779","1":"product","2":"type-product","3":"status-publish","4":"has-post-thumbnail","6":"product_cat-print-label","8":"first","9":"instock","10":"shipping-taxable","11":"product-type-simple"},"_links":{"self":[{"href":"https:\/\/membraneswitchmfg.com\/sk\/wp-json\/wp\/v2\/product\/1779","targetHints":{"allow":["GET"]}}],"collection":[{"href":"https:\/\/membraneswitchmfg.com\/sk\/wp-json\/wp\/v2\/product"}],"about":[{"href":"https:\/\/membraneswitchmfg.com\/sk\/wp-json\/wp\/v2\/types\/product"}],"wp:featuredmedia":[{"embeddable":true,"href":"https:\/\/membraneswitchmfg.com\/sk\/wp-json\/wp\/v2\/media\/1750"}],"wp:attachment":[{"href":"https:\/\/membraneswitchmfg.com\/sk\/wp-json\/wp\/v2\/media?parent=1779"}],"wp:term":[{"taxonomy":"product_brand","embeddable":true,"href":"https:\/\/membraneswitchmfg.com\/sk\/wp-json\/wp\/v2\/product_brand?post=1779"},{"taxonomy":"product_cat","embeddable":true,"href":"https:\/\/membraneswitchmfg.com\/sk\/wp-json\/wp\/v2\/product_cat?post=1779"},{"taxonomy":"product_tag","embeddable":true,"href":"https:\/\/membraneswitchmfg.com\/sk\/wp-json\/wp\/v2\/product_tag?post=1779"}],"curies":[{"name":"wp","href":"https:\/\/api.w.org\/{rel}","templated":true}]}}