{"id":1780,"date":"2024-06-24T05:57:57","date_gmt":"2024-06-24T05:57:57","guid":{"rendered":"https:\/\/membraneswitchmfg.com\/manufacturer\/membrane-switch-with-backlighting\/"},"modified":"2024-06-25T13:56:06","modified_gmt":"2024-06-25T13:56:06","slug":"membrane-switch-with-backlighting","status":"publish","type":"product","link":"https:\/\/membraneswitchmfg.com\/sk\/manufacturer\/membrane-switch-with-backlighting\/","title":{"rendered":"Membr\u00e1nov\u00fd sp\u00edna\u010d s podsvieten\u00edm"},"content":{"rendered":"<h2><strong><b>Membr\u00e1nov\u00e9 sp\u00edna\u010de s podsvieten\u00edm: Zv\u00fd\u0161en\u00e1 vidite\u013enos\u0165 a pou\u017e\u00edvate\u013esk\u00e1 sk\u00fasenos\u0165<\/b><\/strong><\/h2>\n<p><strong>Zv\u00fd\u0161en\u00e1 vidite\u013enos\u0165 v prostrediach so slab\u00fdm osvetlen\u00edm<\/strong><\/p>\n<p>Membr\u00e1nov\u00e9 sp\u00edna\u010de s podsvieten\u00edm zais\u0165uj\u00fa, \u017ee kl\u00e1vesy a legendy s\u00fa \u013eahko vidite\u013en\u00e9, a to aj v slabo osvetlen\u00fdch alebo tmav\u00fdch prostrediach. Toto je obzvl\u00e1\u0161\u0165 d\u00f4le\u017eit\u00e9 pre aplik\u00e1cie, kde sa zariadenia prev\u00e1dzkuj\u00fa v podmienkach so slab\u00fdm osvetlen\u00edm, ako napr\u00edklad:<\/p>\n<ul>\n<li><strong>Zdravotn\u00edcke vybavenie<\/strong><\/li>\n<li><strong>Priemyseln\u00e9 ovl\u00e1dacie panely<\/strong><\/li>\n<li><strong>Leteck\u00e9 a kozmick\u00e9 vybavenie<\/strong><\/li>\n<li><strong>Vojensk\u00e9 aplik\u00e1cie<\/strong><\/li>\n<li><strong>Spotrebn\u00e1 elektronika<\/strong><\/li>\n<\/ul>\n<p><strong>Vylep\u0161en\u00e1 pou\u017e\u00edvate\u013esk\u00e1 sk\u00fasenos\u0165<\/strong><\/p>\n<p>Membr\u00e1nov\u00e9 sp\u00edna\u010de s podsvieten\u00edm nielen zvy\u0161uj\u00fa vidite\u013enos\u0165, ale aj zlep\u0161uj\u00fa celkov\u00fa pou\u017e\u00edvate\u013esk\u00fa sk\u00fasenos\u0165 t\u00fdm, \u017ee:<\/p>\n<ul>\n<li><strong>Zni\u017euj\u00fa chyby a zlep\u0161uj\u00fa presnos\u0165<\/strong><\/li>\n<li><strong>Nav\u00e1dzaj\u00fa pou\u017e\u00edvate\u013eov pri obsluhe a funkci\u00e1ch<\/strong><\/li>\n<li><strong>Vytv\u00e1raj\u00fa intuit\u00edvnej\u0161ie a u\u017e\u00edvate\u013esky pr\u00edvetivej\u0161ie rozhranie<\/strong><\/li>\n<li><strong>Dod\u00e1vaj\u00fa zariadeniu n\u00e1dych elegancie a sofistikovanosti<\/strong><\/li>\n<\/ul>\n<p><strong>R\u00f4zne mo\u017enosti podsvietenia<\/strong><\/p>\n<p>Membr\u00e1nov\u00e9 sp\u00edna\u010de s podsvieten\u00edm pon\u00fakaj\u00fa \u0161irok\u00fa \u0161k\u00e1lu mo\u017enost\u00ed prisp\u00f4sobenia, vr\u00e1tane:<\/p>\n<ul>\n<li><strong>R\u00f4zne farby a intenzity LED<\/strong><\/li>\n<li><strong>Rovnomern\u00e9 alebo z\u00f3nov\u00e9 podsvietenie<\/strong><\/li>\n<li><strong>Statick\u00e9 alebo dynamick\u00e9 sveteln\u00e9 efekty<\/strong><\/li>\n<li><strong>Vlastn\u00e9 grafiky a ikony<\/strong><\/li>\n<\/ul>\n<p><strong>Partnerstvo so sk\u00fasen\u00fdm v\u00fdrobcom membr\u00e1nov\u00fdch sp\u00edna\u010dov s podsvieten\u00edm<\/strong><\/p>\n<p>V\u010faka dlhoro\u010dn\u00fdm sk\u00fasenostiam a odhodlaniu ku kvalite sme va\u0161\u00edm d\u00f4veryhodn\u00fdm zdrojom pre vlastn\u00e9 membr\u00e1nov\u00e9 sp\u00edna\u010de s podsvieten\u00edm. N\u00e1\u0161 t\u00edm odborn\u00edkov v\u00e1m m\u00f4\u017ee pom\u00f4c\u0165 navrhn\u00fa\u0165 a vyrobi\u0165 dokonal\u00e9 sp\u00edna\u010de na zv\u00fd\u0161enie vidite\u013enosti, pou\u017e\u00edvate\u013eskej sk\u00fasenosti a celkovej estetickej pr\u00ed\u0165a\u017elivosti v\u00e1\u0161ho produktu.<\/p>\n<p><strong>Kontaktujte n\u00e1s e\u0161te dnes<\/strong>\u00a0sa dozviete viac o na\u0161ich rie\u0161eniach membr\u00e1nov\u00fdch sp\u00edna\u010dov s podsvieten\u00edm a o tom, ako v\u00e1m m\u00f4\u017eeme pom\u00f4c\u0165 pozdvihn\u00fa\u0165 va\u0161e produkty.<\/p>","protected":false},"excerpt":{"rendered":"<p>Membr\u00e1nov\u00e9 sp\u00edna\u010de s podsvieten\u00edm zvy\u0161uj\u00fa pou\u017e\u00edvate\u013esk\u00fd z\u00e1\u017eitok a funk\u010dnos\u0165 elektronick\u00fdch zariaden\u00ed t\u00fdm, \u017ee poskytuj\u00fa jasn\u00fa vidite\u013enos\u0165 v podmienkach slab\u00e9ho osvetlenia. Tieto inovat\u00edvne sp\u00edna\u010de kombinuj\u00fa hmatov\u00fa odozvu tradi\u010dn\u00fdch membr\u00e1nov\u00fdch sp\u00edna\u010dov s osvet\u013eovacou silou LED di\u00f3d, \u010d\u00edm vytv\u00e1raj\u00fa pou\u017e\u00edvate\u013esky pr\u00edvetiv\u00e9 a vizu\u00e1lne pr\u00ed\u0165a\u017eliv\u00e9 rozhranie.<\/p>","protected":false},"featured_media":1752,"template":"","meta":[],"product_brand":[],"product_cat":[40],"product_tag":[],"class_list":{"0":"post-1780","1":"product","2":"type-product","3":"status-publish","4":"has-post-thumbnail","6":"product_cat-membrane-switch","8":"first","9":"instock","10":"shipping-taxable","11":"product-type-simple"},"_links":{"self":[{"href":"https:\/\/membraneswitchmfg.com\/sk\/wp-json\/wp\/v2\/product\/1780","targetHints":{"allow":["GET"]}}],"collection":[{"href":"https:\/\/membraneswitchmfg.com\/sk\/wp-json\/wp\/v2\/product"}],"about":[{"href":"https:\/\/membraneswitchmfg.com\/sk\/wp-json\/wp\/v2\/types\/product"}],"wp:featuredmedia":[{"embeddable":true,"href":"https:\/\/membraneswitchmfg.com\/sk\/wp-json\/wp\/v2\/media\/1752"}],"wp:attachment":[{"href":"https:\/\/membraneswitchmfg.com\/sk\/wp-json\/wp\/v2\/media?parent=1780"}],"wp:term":[{"taxonomy":"product_brand","embeddable":true,"href":"https:\/\/membraneswitchmfg.com\/sk\/wp-json\/wp\/v2\/product_brand?post=1780"},{"taxonomy":"product_cat","embeddable":true,"href":"https:\/\/membraneswitchmfg.com\/sk\/wp-json\/wp\/v2\/product_cat?post=1780"},{"taxonomy":"product_tag","embeddable":true,"href":"https:\/\/membraneswitchmfg.com\/sk\/wp-json\/wp\/v2\/product_tag?post=1780"}],"curies":[{"name":"wp","href":"https:\/\/api.w.org\/{rel}","templated":true}]}}