{"id":1781,"date":"2024-06-24T05:57:57","date_gmt":"2024-06-24T05:57:57","guid":{"rendered":"https:\/\/membraneswitchmfg.com\/manufacturer\/membrane-switch-back-support\/"},"modified":"2024-07-25T08:37:56","modified_gmt":"2024-07-25T08:37:56","slug":"membrane-switch-back-support","status":"publish","type":"product","link":"https:\/\/membraneswitchmfg.com\/sk\/manufacturer\/membrane-switch-back-support\/","title":{"rendered":"Membr\u00e1nov\u00fd sp\u00edna\u010d + chrbtov\u00e1 opierka"},"content":{"rendered":"<h2><strong><b>Membr\u00e1nov\u00fd sp\u00edna\u010d + chrbtov\u00e1 opierka: Zv\u00fd\u0161en\u00e1 odolnos\u0165 a funk\u010dnos\u0165<\/b><\/strong><\/h2>\n<p><strong>Zv\u00fd\u0161en\u00e1 odolnos\u0165 a stabilita<\/strong><\/p>\n<p>Chrbtov\u00e1 opierka poskytuje membr\u00e1nov\u00e9mu sp\u00edna\u010du pevn\u00fd z\u00e1klad, \u010d\u00edm v\u00fdrazne zvy\u0161uje jeho odolnos\u0165 a \u017eivotnos\u0165. To je obzvl\u00e1\u0161\u0165 v\u00fdhodn\u00e9 v prostrediach, kde je sp\u00edna\u010d vystaven\u00fd \u010dast\u00e9mu pou\u017e\u00edvaniu alebo drsn\u00fdm podmienkam.<\/p>\n<ul>\n<li><strong>Odol\u00e1va deform\u00e1cii a opotrebovaniu<\/strong><\/li>\n<li><strong>Chr\u00e1ni sp\u00edna\u010d pred n\u00e1razmi a vibr\u00e1ciami<\/strong><\/li>\n<li><strong>Predl\u017euje \u017eivotnos\u0165 prep\u00edna\u010da<\/strong><\/li>\n<\/ul>\n<p><strong>Vylep\u0161en\u00e1 funk\u010dnos\u0165 a mo\u017enosti mont\u00e1\u017ee<\/strong><\/p>\n<p>Zadn\u00e1 opierka u\u013eah\u010duje bezpe\u010dn\u00fa a presn\u00fa mont\u00e1\u017e membr\u00e1nov\u00e9ho sp\u00edna\u010da a zabezpe\u010duje jeho spr\u00e1vne nastavenie a prev\u00e1dzku. Umo\u017e\u0148uje tie\u017e integr\u00e1ciu \u010fal\u0161\u00edch komponentov, ako s\u00fa LED di\u00f3dy a konektory.<\/p>\n<ul>\n<li><strong>Umo\u017e\u0148uje zapusten\u00fa alebo vyv\u00fd\u0161en\u00fa mont\u00e1\u017e<\/strong><\/li>\n<li><strong>Poskytuje mont\u00e1\u017ene otvory a \u010dapy<\/strong><\/li>\n<li><strong>Umo\u017e\u0148uje integr\u00e1ciu elektroniky<\/strong><\/li>\n<\/ul>\n<p><strong>Vylep\u0161en\u00e1 estetika a profesion\u00e1lny vzh\u013ead<\/strong><\/p>\n<p>Zadn\u00e1 opierka zlep\u0161uje celkov\u00fd estetick\u00fd vzh\u013ead membr\u00e1nov\u00e9ho sp\u00edna\u010da a vytv\u00e1ra profesion\u00e1lnej\u0161\u00ed a vizu\u00e1lne pr\u00ed\u0165a\u017elivej\u0161\u00ed vzh\u013ead. Mo\u017eno ju prisp\u00f4sobi\u0165 farbami, text\u00farami a povrchov\u00fdmi \u00fapravami tak, aby zodpovedala dizajnu zariadenia.<\/p>\n<ul>\n<li><strong>Elegantn\u00fd a modern\u00fd dizajn<\/strong><\/li>\n<li><strong>R\u00f4zne farby a povrchov\u00e9 \u00fapravy<\/strong><\/li>\n<li><strong>Prisp\u00f4sobite\u013en\u00e1 grafika a log\u00e1<\/strong><\/li>\n<\/ul>\n<p><strong>Aplik\u00e1cie<\/strong><\/p>\n<p>Membr\u00e1nov\u00e9 sp\u00edna\u010de so zadnou oporou sa \u0161iroko pou\u017e\u00edvaj\u00fa v r\u00f4znych aplik\u00e1ci\u00e1ch vr\u00e1tane:<\/p>\n<ul>\n<li><strong>Priemyseln\u00e9 ovl\u00e1dacie panely<\/strong><\/li>\n<li><strong>Zdravotn\u00edcke pom\u00f4cky<\/strong><\/li>\n<li><strong>Spotrebn\u00e1 elektronika<\/strong><\/li>\n<li><strong>Telekomunika\u010dn\u00e9 zariadenia<\/strong><\/li>\n<li><strong>Dopravn\u00e9 konzoly<\/strong><\/li>\n<\/ul>\n<p><strong>Prisp\u00f4sobite\u013en\u00e9 rie\u0161enia<\/strong><\/p>\n<p>Pon\u00fakame \u0161irok\u00fa \u0161k\u00e1lu mo\u017enost\u00ed prisp\u00f4sobenia va\u0161im \u0161pecifick\u00fdm potreb\u00e1m vr\u00e1tane:<\/p>\n<ul>\n<li><strong>R\u00f4zne materi\u00e1ly chrbtovej opierky (hlin\u00edk, plast at\u010f.)<\/strong><\/li>\n<li><strong>Vlastn\u00e9 rozmery a tvary<\/strong><\/li>\n<li><strong>V\u00fdrezy a otvory pre komponenty<\/strong><\/li>\n<li><strong>Povrchov\u00e9 \u00fapravy a povrchov\u00e9 \u00fapravy<\/strong><\/li>\n<\/ul>\n<p><strong>Spolupr\u00e1ca so sk\u00fasen\u00fdm v\u00fdrobcom membr\u00e1nov\u00fdch sp\u00edna\u010dov<\/strong><\/p>\n<p>V\u010faka dlhoro\u010dn\u00fdm odborn\u00fdm sk\u00fasenostiam a z\u00e1v\u00e4zku ku kvalite sme d\u00f4veryhodn\u00fdm zdrojom pre vlastn\u00e9 membr\u00e1nov\u00e9 sp\u00edna\u010de so zadnou podporou. N\u00e1\u0161 t\u00edm odborn\u00edkov v\u00e1m pom\u00f4\u017ee navrhn\u00fa\u0165 a vyrobi\u0165 dokonal\u00e9 sp\u00edna\u010de, ktor\u00e9 zv\u00fd\u0161ia odolnos\u0165, funk\u010dnos\u0165 a estetick\u00fd vzh\u013ead v\u00e1\u0161ho v\u00fdrobku.<\/p>\n<p><strong>Kontaktujte n\u00e1s e\u0161te dnes<\/strong>\u00a0a dozviete sa viac o na\u0161ich rie\u0161eniach membr\u00e1nov\u00fdch sp\u00edna\u010dov s podporou chrbta a o tom, ako v\u00e1m m\u00f4\u017eeme pom\u00f4c\u0165 pozdvihn\u00fa\u0165 \u00farove\u0148 va\u0161ich produktov.<\/p>\n<p><strong>\u010eal\u0161ie k\u013e\u00fa\u010dov\u00e9 slov\u00e1:<\/strong>\u00a0flexibiln\u00fd membr\u00e1nov\u00fd sp\u00edna\u010d, vyp\u00edna\u010d<\/p>","protected":false},"excerpt":{"rendered":"<p>Membr\u00e1nov\u00e9 sp\u00edna\u010de v spojen\u00ed so zadnou oporou pon\u00fakaj\u00fa robustn\u00e9 a v\u0161estrann\u00e9 rie\u0161enie pre pou\u017e\u00edvate\u013esk\u00e9 rozhrania, ktor\u00e9 kombinuje hmatov\u00fa sp\u00e4tn\u00fa v\u00e4zbu membr\u00e1nov\u00fdch sp\u00edna\u010dov so \u0161truktur\u00e1lnou integritou zadn\u00e9ho panelu. T\u00e1to integr\u00e1cia zvy\u0161uje odolnos\u0165, funk\u010dnos\u0165 a estetick\u00fd vzh\u013ead sp\u00edna\u010da, v\u010faka \u010domu je ide\u00e1lny pre \u0161irok\u00fa \u0161k\u00e1lu aplik\u00e1ci\u00ed.<\/p>","protected":false},"featured_media":1754,"template":"","meta":[],"product_brand":[],"product_cat":[40],"product_tag":[],"class_list":{"0":"post-1781","1":"product","2":"type-product","3":"status-publish","4":"has-post-thumbnail","6":"product_cat-membrane-switch","8":"first","9":"instock","10":"shipping-taxable","11":"product-type-simple"},"_links":{"self":[{"href":"https:\/\/membraneswitchmfg.com\/sk\/wp-json\/wp\/v2\/product\/1781","targetHints":{"allow":["GET"]}}],"collection":[{"href":"https:\/\/membraneswitchmfg.com\/sk\/wp-json\/wp\/v2\/product"}],"about":[{"href":"https:\/\/membraneswitchmfg.com\/sk\/wp-json\/wp\/v2\/types\/product"}],"wp:featuredmedia":[{"embeddable":true,"href":"https:\/\/membraneswitchmfg.com\/sk\/wp-json\/wp\/v2\/media\/1754"}],"wp:attachment":[{"href":"https:\/\/membraneswitchmfg.com\/sk\/wp-json\/wp\/v2\/media?parent=1781"}],"wp:term":[{"taxonomy":"product_brand","embeddable":true,"href":"https:\/\/membraneswitchmfg.com\/sk\/wp-json\/wp\/v2\/product_brand?post=1781"},{"taxonomy":"product_cat","embeddable":true,"href":"https:\/\/membraneswitchmfg.com\/sk\/wp-json\/wp\/v2\/product_cat?post=1781"},{"taxonomy":"product_tag","embeddable":true,"href":"https:\/\/membraneswitchmfg.com\/sk\/wp-json\/wp\/v2\/product_tag?post=1781"}],"curies":[{"name":"wp","href":"https:\/\/api.w.org\/{rel}","templated":true}]}}