{"id":1782,"date":"2024-06-24T05:57:57","date_gmt":"2024-06-24T05:57:57","guid":{"rendered":"https:\/\/membraneswitchmfg.com\/manufacturer\/membrane-switch-touch-screen\/"},"modified":"2024-06-25T13:51:39","modified_gmt":"2024-06-25T13:51:39","slug":"membrane-switch-touch-screen","status":"publish","type":"product","link":"https:\/\/membraneswitchmfg.com\/sk\/manufacturer\/membrane-switch-touch-screen\/","title":{"rendered":"Membr\u00e1nov\u00fd sp\u00edna\u010d + dotykov\u00fd displej"},"content":{"rendered":"<h2><strong><b>Membr\u00e1nov\u00fd sp\u00edna\u010d + dotykov\u00fd displej: Bezprobl\u00e9mov\u00e1 integr\u00e1cia pre lep\u0161\u00ed pou\u017e\u00edvate\u013esk\u00fd z\u00e1\u017eitok<\/b><\/strong><\/h2>\n<p><strong>Vylep\u0161en\u00e1 pou\u017e\u00edvate\u013esk\u00e1 sk\u00fasenos\u0165 a pr\u00edstupnos\u0165<\/strong><\/p>\n<p>Membr\u00e1nov\u00e9 sp\u00edna\u010de s dotykov\u00fdmi obrazovkami poskytuj\u00fa intuit\u00edvnej\u0161ie a pou\u017e\u00edvate\u013esky pr\u00edvetivej\u0161ie rozhranie t\u00fdm, \u017ee:<\/p>\n<ul>\n<li><strong>Kombin\u00e1cia hmatovej sp\u00e4tnej v\u00e4zby s vizu\u00e1lnymi podnetmi<\/strong><\/li>\n<li><strong>Umo\u017enenie jednoduchej navig\u00e1cie a v\u00fdberu<\/strong><\/li>\n<li><strong>Uspokojenie \u0161ir\u0161ej \u0161k\u00e1ly preferenci\u00ed pou\u017e\u00edvate\u013eov<\/strong><\/li>\n<\/ul>\n<p><strong>Zv\u00fd\u0161en\u00e1 funk\u010dnos\u0165 a prisp\u00f4sobenie<\/strong><\/p>\n<p>T\u00e1to integr\u00e1cia umo\u017e\u0148uje za\u010dlenenie pokro\u010dil\u00fdch funkci\u00ed, ako s\u00fa:<\/p>\n<ul>\n<li><strong>Prisp\u00f4sobite\u013en\u00e1 grafika a ikony<\/strong><\/li>\n<li><strong>Interakt\u00edvne ponuky a displeje<\/strong><\/li>\n<li><strong>Zad\u00e1vanie a kontrola \u00fadajov<\/strong><\/li>\n<\/ul>\n<p><strong>R\u00f4zne mo\u017enosti dizajnu<\/strong><\/p>\n<p>Membr\u00e1nov\u00e9 sp\u00edna\u010de s dotykov\u00fdmi obrazovkami je mo\u017en\u00e9 prisp\u00f4sobi\u0165 tak, aby sp\u013a\u0148ali \u0161pecifick\u00e9 po\u017eiadavky na dizajn vr\u00e1tane:<\/p>\n<ul>\n<li><strong>R\u00f4zne ve\u013ekosti a konfigur\u00e1cie prep\u00edna\u010dov<\/strong><\/li>\n<li><strong>Ve\u013ekosti a technol\u00f3gie dotykov\u00fdch displejov<\/strong><\/li>\n<li><strong>Mo\u017enosti podsvietenia a osvetlenia<\/strong><\/li>\n<li><strong>Estetick\u00e1 integr\u00e1cia s dizajnom zariadenia<\/strong><\/li>\n<\/ul>\n<p><strong>Aplik\u00e1cie<\/strong><\/p>\n<p>Membr\u00e1nov\u00e9 sp\u00edna\u010de s dotykov\u00fdmi obrazovkami sa \u0161iroko pou\u017e\u00edvaj\u00fa v r\u00f4znych aplik\u00e1ci\u00e1ch vr\u00e1tane:<\/p>\n<ul>\n<li><strong>Priemyseln\u00e9 ovl\u00e1dacie panely<\/strong><\/li>\n<li><strong>Zdravotn\u00edcke pom\u00f4cky<\/strong><\/li>\n<li><strong>Spotrebn\u00e1 elektronika<\/strong><\/li>\n<li><strong>Dom\u00e1ce spotrebi\u010de<\/strong><\/li>\n<li><strong>Verejn\u00e9 kiosky<\/strong><\/li>\n<\/ul>\n<p><strong>Prisp\u00f4sobite\u013en\u00e9 rie\u0161enia<\/strong><\/p>\n<p>Pon\u00fakame \u0161irok\u00fa \u0161k\u00e1lu mo\u017enost\u00ed prisp\u00f4sobenia va\u0161im \u0161pecifick\u00fdm potreb\u00e1m vr\u00e1tane:<\/p>\n<ul>\n<li><strong>V\u00fdber materi\u00e1lov a \u0161t\u00fdlov membr\u00e1nov\u00fdch sp\u00edna\u010dov<\/strong><\/li>\n<li><strong>Technol\u00f3gia a rozl\u00ed\u0161enie dotykovej obrazovky<\/strong><\/li>\n<li><strong>Vlastn\u00e1 grafika a n\u00e1vrh pou\u017e\u00edvate\u013esk\u00e9ho rozhrania<\/strong><\/li>\n<li><strong>Integr\u00e1cia s \u010fal\u0161\u00edmi komponentmi<\/strong><\/li>\n<\/ul>\n<p><strong>Spolupr\u00e1ca so sk\u00fasen\u00fdm v\u00fdrobcom membr\u00e1nov\u00fdch sp\u00edna\u010dov a dotykov\u00fdch obrazoviek<\/strong><\/p>\n<p>V\u010faka dlhoro\u010dn\u00fdm odborn\u00fdm sk\u00fasenostiam a z\u00e1v\u00e4zku kvality sme d\u00f4veryhodn\u00fdm zdrojom pre vlastn\u00e9 membr\u00e1nov\u00e9 sp\u00edna\u010de s dotykov\u00fdmi obrazovkami. N\u00e1\u0161 t\u00edm odborn\u00edkov v\u00e1m pom\u00f4\u017ee navrhn\u00fa\u0165 a vyrobi\u0165 dokonal\u00e9 rie\u0161enie, ktor\u00e9 zv\u00fd\u0161i pou\u017e\u00edvate\u013esk\u00fd komfort, funk\u010dnos\u0165 a estetick\u00fd vzh\u013ead v\u00e1\u0161ho produktu.<\/p>\n<p><strong>Kontaktujte n\u00e1s e\u0161te dnes<\/strong>\u00a0a dozviete sa viac o na\u0161ich rie\u0161eniach membr\u00e1nov\u00fdch sp\u00edna\u010dov a dotykov\u00fdch obrazoviek a o tom, ako v\u00e1m m\u00f4\u017eeme pom\u00f4c\u0165 zv\u00fd\u0161i\u0165 \u00farove\u0148 va\u0161ich produktov.<\/p>","protected":false},"excerpt":{"rendered":"<p>Membr\u00e1nov\u00e9 sp\u00edna\u010de a dotykov\u00e9 obrazovky mo\u017eno bez probl\u00e9mov integrova\u0165 a vytvori\u0165 tak pou\u017e\u00edvate\u013esk\u00e9 rozhranie, ktor\u00e9 kombinuje hmatov\u00fa sp\u00e4tn\u00fa v\u00e4zbu membr\u00e1nov\u00fdch sp\u00edna\u010dov s vizu\u00e1lnou interaktivitou dotykov\u00fdch obrazoviek. T\u00e1to inovat\u00edvna kombin\u00e1cia pon\u00faka v\u0161estrann\u00e9 a pou\u017e\u00edvate\u013esky pr\u00edvetiv\u00e9 rie\u0161enie pre \u0161irok\u00fa \u0161k\u00e1lu aplik\u00e1ci\u00ed.<\/p>","protected":false},"featured_media":1762,"template":"","meta":[],"product_brand":[],"product_cat":[40],"product_tag":[],"class_list":{"0":"post-1782","1":"product","2":"type-product","3":"status-publish","4":"has-post-thumbnail","6":"product_cat-membrane-switch","8":"first","9":"instock","10":"shipping-taxable","11":"product-type-simple"},"_links":{"self":[{"href":"https:\/\/membraneswitchmfg.com\/sk\/wp-json\/wp\/v2\/product\/1782","targetHints":{"allow":["GET"]}}],"collection":[{"href":"https:\/\/membraneswitchmfg.com\/sk\/wp-json\/wp\/v2\/product"}],"about":[{"href":"https:\/\/membraneswitchmfg.com\/sk\/wp-json\/wp\/v2\/types\/product"}],"wp:featuredmedia":[{"embeddable":true,"href":"https:\/\/membraneswitchmfg.com\/sk\/wp-json\/wp\/v2\/media\/1762"}],"wp:attachment":[{"href":"https:\/\/membraneswitchmfg.com\/sk\/wp-json\/wp\/v2\/media?parent=1782"}],"wp:term":[{"taxonomy":"product_brand","embeddable":true,"href":"https:\/\/membraneswitchmfg.com\/sk\/wp-json\/wp\/v2\/product_brand?post=1782"},{"taxonomy":"product_cat","embeddable":true,"href":"https:\/\/membraneswitchmfg.com\/sk\/wp-json\/wp\/v2\/product_cat?post=1782"},{"taxonomy":"product_tag","embeddable":true,"href":"https:\/\/membraneswitchmfg.com\/sk\/wp-json\/wp\/v2\/product_tag?post=1782"}],"curies":[{"name":"wp","href":"https:\/\/api.w.org\/{rel}","templated":true}]}}