{"id":1784,"date":"2024-06-24T05:57:57","date_gmt":"2024-06-24T05:57:57","guid":{"rendered":"https:\/\/membraneswitchmfg.com\/manufacturer\/digital-printing-graphic-overlay\/"},"modified":"2024-06-25T13:50:44","modified_gmt":"2024-06-25T13:50:44","slug":"digital-printing-graphic-overlay","status":"publish","type":"product","link":"https:\/\/membraneswitchmfg.com\/sk\/manufacturer\/digital-printing-graphic-overlay\/","title":{"rendered":"Digit\u00e1lna tla\u010d Grafick\u00e9 prekrytie"},"content":{"rendered":"<h2><strong><b>Digit\u00e1lne tla\u010den\u00e9 grafick\u00e9 prekrytia: Zlep\u0161enie estetiky a funk\u010dnosti produktu<\/b><\/strong><\/h2>\n<p><strong>Pozdvihnite estetiku produktu<\/strong><\/p>\n<p>Grafick\u00e9 prekrytia m\u00f4\u017eu v\u00fdrazne zlep\u0161i\u0165 vzh\u013ead produktu t\u00fdm, \u017ee:<\/p>\n<ul>\n<li><strong>Za\u010dlenenie log spolo\u010dnosti, prvkov zna\u010dky a grafiky produktu<\/strong><\/li>\n<li><strong>Vytv\u00e1raj\u00fa s\u00fadr\u017en\u00fd a profesion\u00e1lny imid\u017e zna\u010dky<\/strong><\/li>\n<li><strong>Pridanie n\u00e1dychu elegancie a sofistikovanosti<\/strong><\/li>\n<\/ul>\n<p><strong>Zlep\u0161enie funk\u010dnosti produktu<\/strong><\/p>\n<p>Grafick\u00e9 prekrytia m\u00f4\u017eu tie\u017e zlep\u0161i\u0165 funk\u010dnos\u0165 produktu t\u00fdm, \u017ee:<\/p>\n<ul>\n<li><strong>Poskytovanie jasn\u00fdch pokynov a usmernen\u00ed pre pou\u017e\u00edvate\u013ea<\/strong><\/li>\n<li><strong>Identifik\u00e1cia tla\u010didiel, prep\u00edna\u010dov a in\u00fdch ovl\u00e1dac\u00edch prvkov<\/strong><\/li>\n<li><strong>Zobrazovanie indik\u00e1torov stavu a v\u00fdstra\u017en\u00fdch symbolov<\/strong><\/li>\n<\/ul>\n<p>Digit\u00e1lne tla\u010den\u00e9 grafick\u00e9 prekrytie<\/p>\n<p>Digit\u00e1lne tla\u010den\u00e9 grafick\u00e9 prekrytia je mo\u017en\u00e9 aplikova\u0165 na r\u00f4zne materi\u00e1ly, vr\u00e1tane:<\/p>\n<ul>\n<li><strong>Plasty<\/strong><\/li>\n<li><strong>Kovy<\/strong><\/li>\n<li><strong>Sklo<\/strong><\/li>\n<li><strong>Drevo<\/strong><\/li>\n<\/ul>\n<p>Tieto prekrytia s\u00fa tie\u017e vysoko odoln\u00e9, odol\u00e1vaj\u00fa n\u00e1ro\u010dn\u00fdm podmienkam a \u010dast\u00e9mu pou\u017e\u00edvaniu.<\/p>\n<p><strong>Aplik\u00e1cie<\/strong><\/p>\n<p>Grafick\u00e9 prekrytia sa \u0161iroko pou\u017e\u00edvaj\u00fa v r\u00f4znych aplik\u00e1ci\u00e1ch, vr\u00e1tane:<\/p>\n<ul>\n<li><strong>Priemyseln\u00e9 ovl\u00e1dacie panely<\/strong><\/li>\n<li><strong>Zdravotn\u00edcke pom\u00f4cky<\/strong><\/li>\n<li><strong>Spotrebn\u00e1 elektronika<\/strong><\/li>\n<li><strong>Spotrebi\u010de<\/strong><\/li>\n<li><strong>Stroje a zariadenia<\/strong><\/li>\n<\/ul>\n<p><strong>Prisp\u00f4sobite\u013en\u00e9 rie\u0161enia<\/strong><\/p>\n<p>Pon\u00fakame \u0161irok\u00fa \u0161k\u00e1lu mo\u017enost\u00ed prisp\u00f4sobenia va\u0161im \u0161pecifick\u00fdm potreb\u00e1m vr\u00e1tane:<\/p>\n<ul>\n<li><strong>R\u00f4zne materi\u00e1ly, povrchov\u00e9 \u00fapravy a hr\u00fabky<\/strong><\/li>\n<li><strong>Vlastn\u00e1 grafika, n\u00e1vrhy a text<\/strong><\/li>\n<li><strong>Mo\u017enosti podsvietenia a osvetlenia<\/strong><\/li>\n<li><strong>Vysek\u00e1vanie a zlo\u017eit\u00e9 tvary<\/strong><\/li>\n<\/ul>\n<p><strong>Partnerstvo so sk\u00fasen\u00fdm v\u00fdrobcom grafick\u00fdch prekryt\u00ed<\/strong><\/p>\n<p>V\u010faka dlhoro\u010dn\u00fdm sk\u00fasenostiam a odhodlaniu ku kvalite sme va\u0161\u00edm d\u00f4veryhodn\u00fdm zdrojom pre z\u00e1kazkov\u00e9 digit\u00e1lne tla\u010den\u00e9 grafick\u00e9 prekrytia. N\u00e1\u0161 t\u00edm odborn\u00edkov v\u00e1m m\u00f4\u017ee pom\u00f4c\u0165 navrhn\u00fa\u0165 a vyrobi\u0165 dokonal\u00e9 prekrytia na zlep\u0161enie estetiky, funk\u010dnosti a celkov\u00e9ho vzh\u013eadu v\u00e1\u0161ho produktu.<\/p>\n<p><strong>Kontaktujte n\u00e1s e\u0161te dnes<\/strong>\u00a0Ak sa chcete dozvedie\u0165 viac o na\u0161ich rie\u0161eniach grafick\u00fdch prekryt\u00ed a o tom, ako v\u00e1m m\u00f4\u017eeme pom\u00f4c\u0165 pozdvihn\u00fa\u0165 va\u0161e produkty.<\/p>","protected":false},"excerpt":{"rendered":"<p>Digit\u00e1lne tla\u010den\u00e9 grafick\u00e9 prekrytia s\u00fa v\u0161estrann\u00fdm a cenovo v\u00fdhodn\u00fdm rie\u0161en\u00edm na zlep\u0161enie estetiky a funk\u010dnosti \u0161irok\u00e9ho spektra produktov. Tieto odoln\u00e9 prekrytia s\u00fa z\u00e1kazkovo potla\u010den\u00e9 grafikou, logami a textom vo vysokom rozl\u00ed\u0161en\u00ed, \u010d\u00edm premie\u0148aj\u00fa be\u017en\u00e9 povrchy na vizu\u00e1lne pr\u00ed\u0165a\u017eliv\u00e9 a informat\u00edvne rozhrania.<\/p>","protected":false},"featured_media":1748,"template":"","meta":[],"product_brand":[],"product_cat":[40],"product_tag":[],"class_list":{"0":"post-1784","1":"product","2":"type-product","3":"status-publish","4":"has-post-thumbnail","6":"product_cat-membrane-switch","8":"first","9":"instock","10":"shipping-taxable","11":"product-type-simple"},"_links":{"self":[{"href":"https:\/\/membraneswitchmfg.com\/sk\/wp-json\/wp\/v2\/product\/1784","targetHints":{"allow":["GET"]}}],"collection":[{"href":"https:\/\/membraneswitchmfg.com\/sk\/wp-json\/wp\/v2\/product"}],"about":[{"href":"https:\/\/membraneswitchmfg.com\/sk\/wp-json\/wp\/v2\/types\/product"}],"wp:featuredmedia":[{"embeddable":true,"href":"https:\/\/membraneswitchmfg.com\/sk\/wp-json\/wp\/v2\/media\/1748"}],"wp:attachment":[{"href":"https:\/\/membraneswitchmfg.com\/sk\/wp-json\/wp\/v2\/media?parent=1784"}],"wp:term":[{"taxonomy":"product_brand","embeddable":true,"href":"https:\/\/membraneswitchmfg.com\/sk\/wp-json\/wp\/v2\/product_brand?post=1784"},{"taxonomy":"product_cat","embeddable":true,"href":"https:\/\/membraneswitchmfg.com\/sk\/wp-json\/wp\/v2\/product_cat?post=1784"},{"taxonomy":"product_tag","embeddable":true,"href":"https:\/\/membraneswitchmfg.com\/sk\/wp-json\/wp\/v2\/product_tag?post=1784"}],"curies":[{"name":"wp","href":"https:\/\/api.w.org\/{rel}","templated":true}]}}