{"id":1786,"date":"2024-06-24T05:57:57","date_gmt":"2024-06-24T05:57:57","guid":{"rendered":"https:\/\/membraneswitchmfg.com\/manufacturer\/medical-membrane-switches\/"},"modified":"2024-06-25T13:43:30","modified_gmt":"2024-06-25T13:43:30","slug":"medical-membrane-switches","status":"publish","type":"product","link":"https:\/\/membraneswitchmfg.com\/sk\/manufacturer\/medical-membrane-switches\/","title":{"rendered":"Medic\u00ednsky membr\u00e1nov\u00fd sp\u00edna\u010d"},"content":{"rendered":"<h2><strong><b>Medic\u00ednsky membr\u00e1nov\u00fd sp\u00edna\u010d: Presnos\u0165, spo\u013eahlivos\u0165 a bezpe\u010dnos\u0165 pre aplik\u00e1cie v zdravotn\u00edctve<\/b><\/strong><\/h2>\n<p><strong>Presnos\u0165 a hmatov\u00e1 odozva<\/strong><\/p>\n<p>Medic\u00ednske membr\u00e1nov\u00e9 sp\u00edna\u010de pon\u00fakaj\u00fa presn\u00fa aktiv\u00e1ciu a konzistentn\u00fa hmatov\u00fa odozvu, \u010d\u00edm zabezpe\u010duj\u00fa presn\u00fd vstup pou\u017e\u00edvate\u013ea aj v n\u00e1ro\u010dn\u00fdch situ\u00e1ci\u00e1ch. To je obzvl\u00e1\u0161\u0165 d\u00f4le\u017eit\u00e9 pre zariadenia pou\u017e\u00edvan\u00e9 pri citliv\u00fdch postupoch alebo tam, kde je bezpe\u010dnos\u0165 pacienta prvorad\u00e1.<\/p>\n<ul>\n<li><strong>Presn\u00e9 a konzistentn\u00e9 stl\u00e1\u010danie kl\u00e1vesov pre bezchybn\u00fa prev\u00e1dzku<\/strong><\/li>\n<li><strong>Jasn\u00e1 hmatov\u00e1 sp\u00e4tn\u00e1 v\u00e4zba pre pozit\u00edvne potvrdenie pou\u017e\u00edvate\u013ea<\/strong><\/li>\n<li><strong>Vhodn\u00e9 pre aplik\u00e1cie vy\u017eaduj\u00face vysok\u00fa presnos\u0165 a kontrolu<\/strong><\/li>\n<\/ul>\n<p><strong>Spo\u013eahlivos\u0165 a odolnos\u0165<\/strong><\/p>\n<p>Medic\u00ednske membr\u00e1nov\u00e9 sp\u00edna\u010de s\u00fa skon\u0161truovan\u00e9 tak, aby odol\u00e1vali n\u00e1ro\u010dn\u00e9mu nepretr\u017eit\u00e9mu pou\u017e\u00edvaniu a drsn\u00fdm \u010distiacim prostriedkom, \u010do zaru\u010duje dlhodob\u00fd v\u00fdkon v n\u00e1ro\u010dn\u00fdch zdravotn\u00edckych prostrediach.<\/p>\n<ul>\n<li><strong>Odoln\u00e1 kon\u0161trukcia pre vysok\u00fa \u017eivotnos\u0165 cyklu<\/strong><\/li>\n<li><strong>Odolnos\u0165 vo\u010di tekutin\u00e1m, chemik\u00e1li\u00e1m a dezinfek\u010dn\u00fdm prostriedkom<\/strong><\/li>\n<li><strong>Vhodn\u00e9 na vysoko frekventovan\u00e9 miesta a \u010dast\u00e9 \u010distenie<\/strong><\/li>\n<\/ul>\n<p><strong>Bezpe\u010dnos\u0165 a kontrola infekci\u00ed<\/strong><\/p>\n<p>Medic\u00ednske membr\u00e1nov\u00e9 sp\u00edna\u010de s\u00fa navrhnut\u00e9 s oh\u013eadom na bezpe\u010dnos\u0165 a maj\u00fa antimikrobi\u00e1lne povrchy a hladk\u00e9, nepor\u00e9zne povrchy, ktor\u00e9 minimalizuj\u00fa riziko kr\u00ed\u017eovej kontamin\u00e1cie.<\/p>\n<ul>\n<li><strong>Antimikrobi\u00e1lne povrchy zabra\u0148uj\u00fa rastu bakt\u00e9ri\u00ed a v\u00edrusov<\/strong><\/li>\n<li><strong>Hladk\u00e9, nepor\u00e9zne povrchy sa \u013eahko \u010distia a dezinfikuj\u00fa<\/strong><\/li>\n<li><strong>V s\u00falade s pr\u00edslu\u0161n\u00fdmi lek\u00e1rskymi normami a predpismi<\/strong><\/li>\n<\/ul>\n<p><strong>Aplik\u00e1cie<\/strong><\/p>\n<p>Medic\u00ednske membr\u00e1nov\u00e9 sp\u00edna\u010de sa \u0161iroko pou\u017e\u00edvaj\u00fa v r\u00f4znych zdravotn\u00edckych aplik\u00e1ci\u00e1ch vr\u00e1tane:<\/p>\n<ul>\n<li><strong>Ovl\u00e1dacie panely zdravotn\u00edckych zariaden\u00ed<\/strong><\/li>\n<li><strong>Syst\u00e9my monitorovania pacientov<\/strong><\/li>\n<li><strong>Chirurgick\u00e9 n\u00e1stroje<\/strong><\/li>\n<li><strong>Diagnostick\u00e9 zariadenia<\/strong><\/li>\n<li><strong>Laborat\u00f3rne vybavenie<\/strong><\/li>\n<\/ul>\n<p><strong>Prisp\u00f4sobite\u013en\u00e9 rie\u0161enia<\/strong><\/p>\n<p>Pon\u00fakame \u0161irok\u00fa \u0161k\u00e1lu mo\u017enost\u00ed prisp\u00f4sobenia va\u0161im \u0161pecifick\u00fdm potreb\u00e1m vr\u00e1tane:<\/p>\n<ul>\n<li><strong>R\u00f4zne ve\u013ekosti, tvary a konfigur\u00e1cie sp\u00edna\u010dov<\/strong><\/li>\n<li><strong>Vlastn\u00e1 grafika, legendy a prvky zna\u010dky<\/strong><\/li>\n<li><strong>Mo\u017enosti podsvietenia a osvetlenia<\/strong><\/li>\n<li><strong>Integr\u00e1cia s \u010fal\u0161\u00edmi komponentmi<\/strong><\/li>\n<\/ul>\n<p><strong>Spolupracujte so sk\u00fasen\u00fdm v\u00fdrobcom lek\u00e1rskych membr\u00e1nov\u00fdch sp\u00edna\u010dov<\/strong><\/p>\n<p>V\u010faka dlhoro\u010dn\u00fdm odborn\u00fdm sk\u00fasenostiam a z\u00e1v\u00e4zku ku kvalite sme d\u00f4veryhodn\u00fdm zdrojom pre z\u00e1kazkov\u00e9 lek\u00e1rske membr\u00e1nov\u00e9 sp\u00edna\u010de. N\u00e1\u0161 t\u00edm odborn\u00edkov v\u00e1m pom\u00f4\u017ee navrhn\u00fa\u0165 a vyrobi\u0165 dokonal\u00e9 sp\u00edna\u010de, ktor\u00e9 sp\u013a\u0148aj\u00fa va\u0161e \u0161pecifick\u00e9 po\u017eiadavky na aplik\u00e1ciu a zabezpe\u010duj\u00fa bezpe\u010dnos\u0165 a pohodu pacientov.<\/p>\n<p><strong>Kontaktujte n\u00e1s e\u0161te dnes<\/strong>\u00a0a dozviete sa viac o na\u0161ich rie\u0161eniach pre lek\u00e1rske membr\u00e1nov\u00e9 sp\u00edna\u010de a o tom, ako v\u00e1m m\u00f4\u017eeme pom\u00f4c\u0165 zv\u00fd\u0161i\u0165 \u00farove\u0148 va\u0161ich lek\u00e1rskych zariaden\u00ed.<\/p>\n<p><strong>\u010eal\u0161ie k\u013e\u00fa\u010dov\u00e9 slov\u00e1:<\/strong>\u00a0membr\u00e1nov\u00fd panelov\u00fd sp\u00edna\u010d, priemyseln\u00fd membr\u00e1nov\u00fd sp\u00edna\u010d<\/p>","protected":false},"excerpt":{"rendered":"<p>Medic\u00ednske membr\u00e1nov\u00e9 sp\u00edna\u010de s\u00fa navrhnut\u00e9 tak, aby sp\u013a\u0148ali pr\u00edsne po\u017eiadavky zdravotn\u00edckeho prostredia a poskytovali presn\u00e9, spo\u013eahliv\u00e9 a bezpe\u010dn\u00e9 pou\u017e\u00edvate\u013esk\u00e9 rozhrania pre \u0161irok\u00fa \u0161k\u00e1lu zdravotn\u00edckych zariaden\u00ed. Tieto sp\u00edna\u010de sa vyr\u00e1baj\u00fa z vysokokvalitn\u00fdch materi\u00e1lov a pr\u00edsne sa testuj\u00fa, aby sa zabezpe\u010dil optim\u00e1lny v\u00fdkon v podmienkach kritickej starostlivosti.<\/p>","protected":false},"featured_media":1753,"template":"","meta":[],"product_brand":[],"product_cat":[40],"product_tag":[],"class_list":{"0":"post-1786","1":"product","2":"type-product","3":"status-publish","4":"has-post-thumbnail","6":"product_cat-membrane-switch","8":"first","9":"instock","10":"shipping-taxable","11":"product-type-simple"},"_links":{"self":[{"href":"https:\/\/membraneswitchmfg.com\/sk\/wp-json\/wp\/v2\/product\/1786","targetHints":{"allow":["GET"]}}],"collection":[{"href":"https:\/\/membraneswitchmfg.com\/sk\/wp-json\/wp\/v2\/product"}],"about":[{"href":"https:\/\/membraneswitchmfg.com\/sk\/wp-json\/wp\/v2\/types\/product"}],"wp:featuredmedia":[{"embeddable":true,"href":"https:\/\/membraneswitchmfg.com\/sk\/wp-json\/wp\/v2\/media\/1753"}],"wp:attachment":[{"href":"https:\/\/membraneswitchmfg.com\/sk\/wp-json\/wp\/v2\/media?parent=1786"}],"wp:term":[{"taxonomy":"product_brand","embeddable":true,"href":"https:\/\/membraneswitchmfg.com\/sk\/wp-json\/wp\/v2\/product_brand?post=1786"},{"taxonomy":"product_cat","embeddable":true,"href":"https:\/\/membraneswitchmfg.com\/sk\/wp-json\/wp\/v2\/product_cat?post=1786"},{"taxonomy":"product_tag","embeddable":true,"href":"https:\/\/membraneswitchmfg.com\/sk\/wp-json\/wp\/v2\/product_tag?post=1786"}],"curies":[{"name":"wp","href":"https:\/\/api.w.org\/{rel}","templated":true}]}}