{"id":1787,"date":"2024-06-24T05:57:57","date_gmt":"2024-06-24T05:57:57","guid":{"rendered":"https:\/\/membraneswitchmfg.com\/manufacturer\/3d-printed-flexible-membrane-keypad\/"},"modified":"2024-08-07T00:48:26","modified_gmt":"2024-08-07T00:48:26","slug":"3d-printed-flexible-membrane-keypad","status":"publish","type":"product","link":"https:\/\/membraneswitchmfg.com\/sk\/manufacturer\/3d-printed-flexible-membrane-keypad\/","title":{"rendered":"3D tla\u010den\u00e1 flexibiln\u00e1 membr\u00e1nov\u00e1 kl\u00e1vesnica"},"content":{"rendered":"<h2><strong><b>3D tla\u010den\u00e9 flexibiln\u00e9 membr\u00e1nov\u00e9 kl\u00e1vesnice: Revol\u00facia v pou\u017e\u00edvate\u013esk\u00fdch rozhraniach s vlastn\u00fdm dizajnom<\/b><\/strong><\/h2>\n<p>\u00a0<\/p>\n<p><strong>Vytvorte slobodu dizajnu<\/strong><\/p>\n<p>Kl\u00e1vesnice s flexibilnou membr\u00e1nou vytla\u010den\u00e9 na 3D tla\u010diarni sa vymykaj\u00fa tradi\u010dn\u00fdm kon\u0161truk\u010dn\u00fdm obmedzeniam a umo\u017e\u0148uj\u00fa vytv\u00e1ra\u0165:<\/p>\n<ul>\n<li>Zlo\u017eit\u00e9 tvary a geometrie<\/li>\n<li>Prisp\u00f4soben\u00e1 grafika a prvky zna\u010dky<\/li>\n<li>Ergonomick\u00fd dizajn pre v\u00e4\u010d\u0161ie pohodlie pou\u017e\u00edvate\u013ea<\/li>\n<\/ul>\n<p>\u00a0<\/p>\n<p><strong>Funkcionalita a integr\u00e1cia na mieru<\/strong><\/p>\n<p>3D tla\u010d umo\u017e\u0148uje integrova\u0165 \u010fal\u0161ie komponenty priamo do kl\u00e1vesnice, ako napr.:<\/p>\n<ul>\n<li>Senzory a LED di\u00f3dy<\/li>\n<li>Komunika\u010dn\u00e9 moduly<\/li>\n<li>Dotykov\u00e9 displeje<\/li>\n<\/ul>\n<p>\u00a0<\/p>\n<p><strong>Zv\u00fd\u0161en\u00e1 flexibilita a odolnos\u0165<\/strong><\/p>\n<p>3D tla\u010den\u00e9 flexibiln\u00e9 membr\u00e1nov\u00e9 kl\u00e1vesnice pon\u00fakaj\u00fa v\u00fdnimo\u010dn\u00fa flexibilitu, prisp\u00f4sobuj\u00fa sa zakriven\u00fdm povrchom a dynamick\u00e9mu prostrediu. S\u00fa tie\u017e ve\u013emi odoln\u00e9, odol\u00e1vaj\u00fa n\u00e1ro\u010dn\u00fdm podmienkam a \u010dast\u00e9mu pou\u017e\u00edvaniu.<\/p>\n<p>\u00a0<\/p>\n<p><strong>Aplik\u00e1cie<\/strong><\/p>\n<p>3D tla\u010den\u00e9 flexibiln\u00e9 membr\u00e1nov\u00e9 kl\u00e1vesnice s\u00fa ide\u00e1lne pre r\u00f4zne aplik\u00e1cie vr\u00e1tane:<\/p>\n<ul>\n<li>Priemyseln\u00e9 ovl\u00e1dacie panely<\/li>\n<li>Zdravotn\u00edcke pom\u00f4cky<\/li>\n<li>Spotrebn\u00e1 elektronika<\/li>\n<li>Nosite\u013en\u00e1 technol\u00f3gia<\/li>\n<li>Automobilov\u00e9 a leteck\u00e9 aplik\u00e1cie<\/li>\n<\/ul>\n<p>\u00a0<\/p>\n<p><strong>Prisp\u00f4sobite\u013en\u00e9 rie\u0161enia<\/strong><\/p>\n<p>Pon\u00fakame \u0161irok\u00fa \u0161k\u00e1lu mo\u017enost\u00ed prisp\u00f4sobenia va\u0161im \u0161pecifick\u00fdm potreb\u00e1m vr\u00e1tane:<\/p>\n<ul>\n<li>V\u00fdber materi\u00e1lov a vlastnost\u00ed<\/li>\n<li>Presn\u00fd dizajn a prototypovanie<\/li>\n<li>Integr\u00e1cia elektronick\u00fdch komponentov<\/li>\n<li>Mo\u017enosti podsvietenia a osvetlenia<\/li>\n<\/ul>\n<p>\u00a0<\/p>\n<p><strong>Spolupr\u00e1ca s odborn\u00edkom na 3D tla\u010d a membr\u00e1nov\u00fa kl\u00e1vesnicu<\/strong><\/p>\n<p>V\u010faka dlhoro\u010dn\u00fdm sk\u00fasenostiam v oblasti 3D tla\u010de a technol\u00f3gie membr\u00e1nov\u00fdch kl\u00e1vesn\u00edc sme va\u0161\u00edm d\u00f4veryhodn\u00fdm partnerom pri vytv\u00e1ran\u00ed rie\u0161en\u00ed na mieru, ktor\u00e9 presne sp\u013a\u0148aj\u00fa va\u0161e po\u017eiadavky. N\u00e1\u0161 t\u00edm odborn\u00edkov v\u00e1s prevedie procesom n\u00e1vrhu a zabezpe\u010d\u00ed, aby ste dosiahli dokonal\u00fa kl\u00e1vesnicu pre va\u0161u aplik\u00e1ciu.<\/p>\n<p>\u00a0<\/p>\n<p><a href=\"https:\/\/membraneswitchmfg.com\/sk\/contact\/\"><strong>Kontaktujte n\u00e1s e\u0161te dnes<\/strong>\u00a0<\/a>a dozviete sa viac o na\u0161ich rie\u0161eniach 3D tla\u010den\u00fdch flexibiln\u00fdch membr\u00e1nov\u00fdch kl\u00e1vesn\u00edc a o tom, ako v\u00e1m m\u00f4\u017eeme pom\u00f4c\u0165 revolu\u010dne zmeni\u0165 va\u0161e pou\u017e\u00edvate\u013esk\u00e9 rozhrania.<\/p>","protected":false},"excerpt":{"rendered":"<p>3D tla\u010den\u00e9 flexibiln\u00e9 membr\u00e1nov\u00e9 kl\u00e1vesnice predstavuj\u00fa prelomov\u00fd pokrok v technol\u00f3gii pou\u017e\u00edvate\u013esk\u00e9ho rozhrania a pon\u00fakaj\u00fa jedine\u010dn\u00fa kombin\u00e1ciu prisp\u00f4sobenia, flexibility a odolnosti. Tieto inovat\u00edvne kl\u00e1vesnice sa vyr\u00e1baj\u00fa pomocou pokro\u010dil\u00fdch techn\u00edk 3D tla\u010de, \u010do umo\u017e\u0148uje vytv\u00e1ra\u0165 komplexn\u00e9 dizajny a rie\u0161enia na mieru pre \u0161irok\u00fa \u0161k\u00e1lu aplik\u00e1ci\u00ed.<\/p>","protected":false},"featured_media":1763,"template":"","meta":[],"product_brand":[],"product_cat":[40],"product_tag":[],"class_list":{"0":"post-1787","1":"product","2":"type-product","3":"status-publish","4":"has-post-thumbnail","6":"product_cat-membrane-switch","8":"first","9":"instock","10":"shipping-taxable","11":"product-type-simple"},"_links":{"self":[{"href":"https:\/\/membraneswitchmfg.com\/sk\/wp-json\/wp\/v2\/product\/1787","targetHints":{"allow":["GET"]}}],"collection":[{"href":"https:\/\/membraneswitchmfg.com\/sk\/wp-json\/wp\/v2\/product"}],"about":[{"href":"https:\/\/membraneswitchmfg.com\/sk\/wp-json\/wp\/v2\/types\/product"}],"wp:featuredmedia":[{"embeddable":true,"href":"https:\/\/membraneswitchmfg.com\/sk\/wp-json\/wp\/v2\/media\/1763"}],"wp:attachment":[{"href":"https:\/\/membraneswitchmfg.com\/sk\/wp-json\/wp\/v2\/media?parent=1787"}],"wp:term":[{"taxonomy":"product_brand","embeddable":true,"href":"https:\/\/membraneswitchmfg.com\/sk\/wp-json\/wp\/v2\/product_brand?post=1787"},{"taxonomy":"product_cat","embeddable":true,"href":"https:\/\/membraneswitchmfg.com\/sk\/wp-json\/wp\/v2\/product_cat?post=1787"},{"taxonomy":"product_tag","embeddable":true,"href":"https:\/\/membraneswitchmfg.com\/sk\/wp-json\/wp\/v2\/product_tag?post=1787"}],"curies":[{"name":"wp","href":"https:\/\/api.w.org\/{rel}","templated":true}]}}