{"id":1788,"date":"2024-06-24T05:57:57","date_gmt":"2024-06-24T05:57:57","guid":{"rendered":"https:\/\/membraneswitchmfg.com\/manufacturer\/digitally-printed-graphics\/"},"modified":"2024-06-25T13:43:13","modified_gmt":"2024-06-25T13:43:13","slug":"digitally-printed-graphics","status":"publish","type":"product","link":"https:\/\/membraneswitchmfg.com\/sk\/manufacturer\/digitally-printed-graphics\/","title":{"rendered":"Digit\u00e1lne vytla\u010den\u00e1 grafika"},"content":{"rendered":"<h2><strong><b>Digit\u00e1lne vytla\u010den\u00e1 grafika: Vylep\u0161enie membr\u00e1nov\u00fdch sp\u00edna\u010dov \u017eiv\u00fdmi vzormi a odolnos\u0165ou<\/b><\/strong><\/h2>\n<p><strong>Uvo\u013enite kreativitu dizajnu<\/strong><\/p>\n<p>Digit\u00e1lna tla\u010d umo\u017e\u0148uje vytv\u00e1ra\u0165 zlo\u017eit\u00e9 vzory, komplexn\u00e9 vzory a fotorealistick\u00e9 obr\u00e1zky, ktor\u00e9 s\u00fa obmedzen\u00e9 len va\u0161ou predstavivos\u0165ou. To otv\u00e1ra svet mo\u017enost\u00ed prisp\u00f4sobenia membr\u00e1nov\u00fdch sp\u00edna\u010dov tak, aby zodpovedali akejko\u013evek identite zna\u010dky alebo estetike v\u00fdrobku.<\/p>\n<ul>\n<li><strong>Zapracovanie loga spolo\u010dnosti, prvkov zna\u010dky a grafiky produktov<\/strong><\/li>\n<li><strong>Vytv\u00e1ranie vizu\u00e1lne pr\u00ed\u0165a\u017eliv\u00fdch a pou\u017e\u00edvate\u013esky pr\u00edvetiv\u00fdch rozhran\u00ed<\/strong><\/li>\n<li><strong>Zv\u00fd\u0161enie diferenci\u00e1cie produktov a rozpoznate\u013enosti zna\u010dky<\/strong><\/li>\n<\/ul>\n<p><strong>\u017div\u00e9 farby a dlhotrvaj\u00face dojmy<\/strong><\/p>\n<p>Pri digit\u00e1lnej tla\u010di sa pou\u017e\u00edvaj\u00fa vysokokvalitn\u00e9 farby, ktor\u00e9 vytv\u00e1raj\u00fa s\u00fdte, \u017eiv\u00e9 farby odoln\u00e9 vo\u010di vyblednutiu a opotrebovaniu, a to aj v n\u00e1ro\u010dn\u00fdch podmienkach. V\u010faka tomu si va\u0161e membr\u00e1nov\u00e9 sp\u00edna\u010de zachovaj\u00fa svoju vizu\u00e1lnu pr\u00ed\u0165a\u017elivos\u0165 a p\u00f4sobivos\u0165 na dlh\u00e9 roky.<\/p>\n<ul>\n<li><strong>Jasn\u00fd a zrete\u013en\u00fd text a symboly<\/strong><\/li>\n<li><strong>Konzistentn\u00e1 reprodukcia farieb vo v\u0161etk\u00fdch v\u00fdrobn\u00fdch s\u00e9ri\u00e1ch<\/strong><\/li>\n<li><strong>Odolnos\u0165 vo\u010di po\u0161kriabaniu, chemik\u00e1li\u00e1m a UV \u017eiareniu<\/strong><\/li>\n<\/ul>\n<p><strong>Odoln\u00e9 a n\u00e1kladovo efekt\u00edvne rie\u0161enia<\/strong><\/p>\n<p>Digit\u00e1lne vytla\u010den\u00e1 grafika je nielen vizu\u00e1lne \u00fa\u017easn\u00e1, ale aj ve\u013emi odoln\u00e1, odol\u00e1va \u010dast\u00e9mu pou\u017e\u00edvaniu a drsn\u00fdm \u010distiacim prostriedkom. To z nich rob\u00ed cenovo v\u00fdhodn\u00e9 rie\u0161enie pre dlhodob\u00e9 membr\u00e1nov\u00e9 sp\u00edna\u010de, ktor\u00e9 si \u010dasom zachovaj\u00fa svoj vzh\u013ead a funk\u010dnos\u0165.<\/p>\n<p><strong>Aplik\u00e1cie<\/strong><\/p>\n<p>Digit\u00e1lne vytla\u010den\u00e1 grafika sa \u0161iroko pou\u017e\u00edva v r\u00f4znych aplik\u00e1ci\u00e1ch vr\u00e1tane:<\/p>\n<ul>\n<li><strong>Priemyseln\u00e9 ovl\u00e1dacie panely<\/strong><\/li>\n<li><strong>Zdravotn\u00edcke pom\u00f4cky<\/strong><\/li>\n<li><strong>Spotrebn\u00e1 elektronika<\/strong><\/li>\n<li><strong>Spotrebi\u010de<\/strong><\/li>\n<li><strong>Stroje a zariadenia<\/strong><\/li>\n<\/ul>\n<p><strong>Spolupr\u00e1ca so sk\u00fasen\u00fdm v\u00fdrobcom digit\u00e1lnej tla\u010de a membr\u00e1nov\u00fdch sp\u00edna\u010dov<\/strong><\/p>\n<p>V\u010faka dlhoro\u010dn\u00fdm sk\u00fasenostiam v oblasti digit\u00e1lnej tla\u010de a technol\u00f3gie membr\u00e1nov\u00fdch sp\u00edna\u010dov sme d\u00f4veryhodn\u00fdm zdrojom vysokokvalitn\u00fdch membr\u00e1nov\u00fdch sp\u00edna\u010dov s vlastnou potla\u010dou. N\u00e1\u0161 t\u00edm odborn\u00edkov s vami bude \u00fazko spolupracova\u0165, aby pochopil va\u0161e po\u017eiadavky na dizajn a dodal dokonal\u00e9 rie\u0161enie na vylep\u0161enie va\u0161ich produktov.<\/p>\n<p><strong>Kontaktujte n\u00e1s e\u0161te dnes<\/strong>\u00a0a dozviete sa viac o na\u0161ich mo\u017enostiach digit\u00e1lnej tla\u010de a o tom, ako v\u00e1m m\u00f4\u017eeme pom\u00f4c\u0165 vylep\u0161i\u0165 va\u0161e membr\u00e1nov\u00e9 sp\u00edna\u010de \u00fa\u017easnou grafikou a dlhotrvaj\u00facou odolnos\u0165ou.<\/p>","protected":false},"excerpt":{"rendered":"<p>Digit\u00e1lne vytla\u010den\u00e1 grafika sp\u00f4sobila revol\u00faciu vo svete membr\u00e1nov\u00fdch sp\u00edna\u010dov a pon\u00faka bezkonkuren\u010dn\u00fa flexibilitu dizajnu, \u017eiv\u00e9 farby a v\u00fdnimo\u010dn\u00fa odolnos\u0165. T\u00e1to inovat\u00edvna technika tla\u010de umo\u017e\u0148uje vytv\u00e1ra\u0165 grafiku s vysok\u00fdm rozl\u00ed\u0161en\u00edm, log\u00e1 a legendy, ktor\u00e9 premenia oby\u010dajn\u00e9 membr\u00e1nov\u00e9 sp\u00edna\u010de na vizu\u00e1lne pr\u00ed\u0165a\u017eliv\u00e9 a informat\u00edvne pou\u017e\u00edvate\u013esk\u00e9 rozhrania.<\/p>","protected":false},"featured_media":1764,"template":"","meta":[],"product_brand":[],"product_cat":[40],"product_tag":[],"class_list":{"0":"post-1788","1":"product","2":"type-product","3":"status-publish","4":"has-post-thumbnail","6":"product_cat-membrane-switch","8":"first","9":"instock","10":"shipping-taxable","11":"product-type-simple"},"_links":{"self":[{"href":"https:\/\/membraneswitchmfg.com\/sk\/wp-json\/wp\/v2\/product\/1788","targetHints":{"allow":["GET"]}}],"collection":[{"href":"https:\/\/membraneswitchmfg.com\/sk\/wp-json\/wp\/v2\/product"}],"about":[{"href":"https:\/\/membraneswitchmfg.com\/sk\/wp-json\/wp\/v2\/types\/product"}],"wp:featuredmedia":[{"embeddable":true,"href":"https:\/\/membraneswitchmfg.com\/sk\/wp-json\/wp\/v2\/media\/1764"}],"wp:attachment":[{"href":"https:\/\/membraneswitchmfg.com\/sk\/wp-json\/wp\/v2\/media?parent=1788"}],"wp:term":[{"taxonomy":"product_brand","embeddable":true,"href":"https:\/\/membraneswitchmfg.com\/sk\/wp-json\/wp\/v2\/product_brand?post=1788"},{"taxonomy":"product_cat","embeddable":true,"href":"https:\/\/membraneswitchmfg.com\/sk\/wp-json\/wp\/v2\/product_cat?post=1788"},{"taxonomy":"product_tag","embeddable":true,"href":"https:\/\/membraneswitchmfg.com\/sk\/wp-json\/wp\/v2\/product_tag?post=1788"}],"curies":[{"name":"wp","href":"https:\/\/api.w.org\/{rel}","templated":true}]}}