{"id":1790,"date":"2024-06-24T05:57:57","date_gmt":"2024-06-24T05:57:57","guid":{"rendered":"https:\/\/membraneswitchmfg.com\/manufacturer\/antimicrobial-membrane-switch\/"},"modified":"2024-06-25T13:35:10","modified_gmt":"2024-06-25T13:35:10","slug":"antimicrobial-membrane-switch","status":"publish","type":"product","link":"https:\/\/membraneswitchmfg.com\/sk\/manufacturer\/antimicrobial-membrane-switch\/","title":{"rendered":"Antimikrobi\u00e1lny membr\u00e1nov\u00fd sp\u00edna\u010d"},"content":{"rendered":"<h2><strong><b>Antimikrobi\u00e1lne membr\u00e1nov\u00e9 sp\u00edna\u010de: Boj proti bakt\u00e9ri\u00e1m a zv\u00fd\u0161enie bezpe\u010dnosti pou\u017e\u00edvate\u013eov<\/b><\/strong><\/h2>\n<p><strong>Ochrana proti \u0161kodliv\u00fdm mikroorganizmom<\/strong><\/p>\n<p>Antimikrobi\u00e1lne membr\u00e1nov\u00e9 sp\u00edna\u010de s\u00fa napusten\u00e9 antimikrobi\u00e1lnymi l\u00e1tkami, ako s\u00fa i\u00f3ny striebra alebo pr\u00edsady medi, ktor\u00e9 akt\u00edvne inhibuj\u00fa rast bakt\u00e9ri\u00ed, h\u00fab a v\u00edrusov. T\u00e1to akt\u00edvna ochrana pom\u00e1ha predch\u00e1dza\u0165 kr\u00ed\u017eovej kontamin\u00e1cii a \u0161\u00edreniu infekci\u00ed, najm\u00e4 v prostrediach kritickej starostlivosti.<\/p>\n<ul>\n<li><strong>Zn\u00ed\u017ete riziko infekci\u00ed spojen\u00fdch so zdravotnou starostlivos\u0165ou (HAI)<\/strong><\/li>\n<li><strong>Chr\u00e1\u0148te pred \u0161\u00edren\u00edm patog\u00e9nov vo verejn\u00fdch priestoroch<\/strong><\/li>\n<li><strong>Udr\u017eujte hygienick\u00e9 prostredie v priemyseln\u00fdch prev\u00e1dzkach<\/strong><\/li>\n<\/ul>\n<p><strong>Zv\u00fd\u0161en\u00e1 bezpe\u010dnos\u0165 a pohoda pou\u017e\u00edvate\u013eov<\/strong><\/p>\n<p>V\u010faka zabudovanej antimikrobi\u00e1lnej ochrane prispievaj\u00fa membr\u00e1nov\u00e9 sp\u00edna\u010de k bezpe\u010dnej\u0161iemu a zdrav\u0161iemu prostrediu pre pou\u017e\u00edvate\u013eov. To je obzvl\u00e1\u0161\u0165 d\u00f4le\u017eit\u00e9 v oblastiach, kde je \u010dast\u00fd kontakt s povrchmi, ako s\u00fa nemocnice, laborat\u00f3ri\u00e1 a priestory na pr\u00edpravu jed\u00e1l.<\/p>\n<ul>\n<li><strong>Podporujte hygienu r\u00fak a prevenciu infekci\u00ed<\/strong><\/li>\n<li><strong>Chr\u00e1\u0148te zranite\u013en\u00e9 skupiny obyvate\u013estva pred infekciami<\/strong><\/li>\n<li><strong>Vytvorte pocit bezpe\u010dia a d\u00f4very pre pou\u017e\u00edvate\u013eov<\/strong><\/li>\n<\/ul>\n<p><strong>Odoln\u00fd a funk\u010dn\u00fd dizajn<\/strong><\/p>\n<p>Antimikrobi\u00e1lne membr\u00e1nov\u00e9 sp\u00edna\u010de s\u00fa nielen \u00fa\u010dinn\u00e9 proti bakt\u00e9ri\u00e1m, ale tie\u017e si zachov\u00e1vaj\u00fa trvanlivos\u0165 a funk\u010dnos\u0165 o\u010dak\u00e1van\u00fa od \u0161tandardn\u00fdch membr\u00e1nov\u00fdch sp\u00edna\u010dov. S\u00fa navrhnut\u00e9 tak, aby odolali \u010dast\u00e9mu pou\u017e\u00edvaniu, agres\u00edvnym \u010distiacim prostriedkom a n\u00e1ro\u010dn\u00fdm prostrediam.<\/p>\n<ul>\n<li><strong>Jasn\u00e1 a citliv\u00e1 hmatov\u00e1 sp\u00e4tn\u00e1 v\u00e4zba<\/strong><\/li>\n<li><strong>Odolnos\u0165 vo\u010di po\u0161kriabaniu, chemik\u00e1li\u00e1m a UV \u017eiareniu<\/strong><\/li>\n<li><strong>Dlhotrvaj\u00faci v\u00fdkon v oblastiach s vysokou prem\u00e1vkou<\/strong><\/li>\n<\/ul>\n<p><strong>Aplik\u00e1cie<\/strong><\/p>\n<p>Antimikrobi\u00e1lne membr\u00e1nov\u00e9 sp\u00edna\u010de sa \u0161iroko pou\u017e\u00edvaj\u00fa v r\u00f4znych aplik\u00e1ci\u00e1ch, kde je hygiena a kontrola infekci\u00ed kritick\u00e1, vr\u00e1tane:<\/p>\n<ul>\n<li><strong>Zdravotn\u00edcke zariadenia:<\/strong>Nemocnice, kliniky, laborat\u00f3ri\u00e1<\/li>\n<li><strong>Verejn\u00e9 priestory:<\/strong>Letisk\u00e1, dopravn\u00e9 uzly, \u0161koly<\/li>\n<li><strong>Priemyseln\u00e9 prostredia:<\/strong>Spracovanie potrav\u00edn, v\u00fdroba, \u010dist\u00e9 priestory<\/li>\n<li><strong>Komer\u010dn\u00e9 prev\u00e1dzky:<\/strong>Maloobchodn\u00e9 predajne, re\u0161taur\u00e1cie, hotely<\/li>\n<\/ul>\n<p><strong>Partnerstvo so sk\u00fasen\u00fdm v\u00fdrobcom antimikrobi\u00e1lnych membr\u00e1nov\u00fdch sp\u00edna\u010dov<\/strong><\/p>\n<p>S dlhoro\u010dn\u00fdmi sk\u00fasenos\u0165ami v oblasti antimikrobi\u00e1lnej technol\u00f3gie a v\u00fdroby membr\u00e1nov\u00fdch sp\u00edna\u010dov sme va\u0161\u00edm d\u00f4veryhodn\u00fdm zdrojom vysokokvalitn\u00fdch antimikrobi\u00e1lnych membr\u00e1nov\u00fdch sp\u00edna\u010dov. N\u00e1\u0161 t\u00edm odborn\u00edkov s vami bude \u00fazko spolupracova\u0165, aby porozumel va\u0161im \u0161pecifick\u00fdm potreb\u00e1m a poskytol prisp\u00f4soben\u00e9 rie\u0161enia, ktor\u00e9 zv\u00fd\u0161ia bezpe\u010dnos\u0165 a pohodu pou\u017e\u00edvate\u013eov.<\/p>\n<p><strong>Kontaktujte n\u00e1s e\u0161te dnes<\/strong>\u00a0, aby ste sa dozvedeli viac o na\u0161ich rie\u0161eniach antimikrobi\u00e1lnych membr\u00e1nov\u00fdch sp\u00edna\u010dov a o tom, ako v\u00e1m m\u00f4\u017eeme pom\u00f4c\u0165 vytvori\u0165 \u010distej\u0161ie, bezpe\u010dnej\u0161ie a zdrav\u0161ie prostredie pre va\u0161ich pou\u017e\u00edvate\u013eov.<\/p>","protected":false},"excerpt":{"rendered":"<p>In healthcare settings, public spaces, and industrial environments, maintaining a clean and hygienic environment is paramount. Antimicrobial membrane switches play a crucial role in this endeavor by incorporating antimicrobial properties into their design, effectively combating the growth of harmful microorganisms.<\/p>","protected":false},"featured_media":1766,"template":"","meta":[],"product_brand":[],"product_cat":[40],"product_tag":[],"class_list":{"0":"post-1790","1":"product","2":"type-product","3":"status-publish","4":"has-post-thumbnail","6":"product_cat-membrane-switch","8":"first","9":"instock","10":"shipping-taxable","11":"product-type-simple"},"_links":{"self":[{"href":"https:\/\/membraneswitchmfg.com\/sk\/wp-json\/wp\/v2\/product\/1790","targetHints":{"allow":["GET"]}}],"collection":[{"href":"https:\/\/membraneswitchmfg.com\/sk\/wp-json\/wp\/v2\/product"}],"about":[{"href":"https:\/\/membraneswitchmfg.com\/sk\/wp-json\/wp\/v2\/types\/product"}],"wp:featuredmedia":[{"embeddable":true,"href":"https:\/\/membraneswitchmfg.com\/sk\/wp-json\/wp\/v2\/media\/1766"}],"wp:attachment":[{"href":"https:\/\/membraneswitchmfg.com\/sk\/wp-json\/wp\/v2\/media?parent=1790"}],"wp:term":[{"taxonomy":"product_brand","embeddable":true,"href":"https:\/\/membraneswitchmfg.com\/sk\/wp-json\/wp\/v2\/product_brand?post=1790"},{"taxonomy":"product_cat","embeddable":true,"href":"https:\/\/membraneswitchmfg.com\/sk\/wp-json\/wp\/v2\/product_cat?post=1790"},{"taxonomy":"product_tag","embeddable":true,"href":"https:\/\/membraneswitchmfg.com\/sk\/wp-json\/wp\/v2\/product_tag?post=1790"}],"curies":[{"name":"wp","href":"https:\/\/api.w.org\/{rel}","templated":true}]}}