{"id":1793,"date":"2024-06-24T05:57:58","date_gmt":"2024-06-24T05:57:58","guid":{"rendered":"https:\/\/membraneswitchmfg.com\/manufacturer\/ip68-waterproof-membrane-switch\/"},"modified":"2024-06-25T12:29:03","modified_gmt":"2024-06-25T12:29:03","slug":"ip68-waterproof-membrane-switch","status":"publish","type":"product","link":"https:\/\/membraneswitchmfg.com\/sk\/manufacturer\/ip68-waterproof-membrane-switch\/","title":{"rendered":"Vodotesn\u00fd membr\u00e1nov\u00fd sp\u00edna\u010d IP68"},"content":{"rendered":"<h2><strong><b>Vodotesn\u00e9 membr\u00e1nov\u00e9 sp\u00edna\u010de IP68: Zabezpe\u010denie spo\u013eahlivej prev\u00e1dzky v n\u00e1ro\u010dn\u00fdch prostrediach<\/b><\/strong><\/h2>\n<p><strong>Bezkonkuren\u010dn\u00e1 vodotesn\u00e1 ochrana<\/strong><\/p>\n<p>Vodotesn\u00e9 membr\u00e1nov\u00e9 sp\u00edna\u010de s kryt\u00edm IP68 s\u00fa starostlivo utesnen\u00e9 a skon\u0161truovan\u00e9 tak, aby zabr\u00e1nili vniknutiu vody, prachu alebo in\u00fdch ne\u010dist\u00f4t. V\u010faka tejto v\u00fdnimo\u010dnej \u00farovni ochrany s\u00fa ide\u00e1lne na pou\u017eitie v n\u00e1ro\u010dn\u00fdch prostrediach, ako s\u00fa napr:<\/p>\n<ul>\n<li><strong>Vonkaj\u0161ie aplik\u00e1cie:<\/strong>Kiosky, informa\u010dn\u00e9 tabule, priemyseln\u00e9 ovl\u00e1dacie panely<\/li>\n<li><strong>Morsk\u00e9 prostredie:<\/strong>Ovl\u00e1danie lode, naviga\u010dn\u00e9 syst\u00e9my, komunika\u010dn\u00e9 zariadenia<\/li>\n<li><strong>potravin\u00e1rsky a n\u00e1pojov\u00fd priemysel:<\/strong>um\u00fdvacie priestory, ovl\u00e1dacie prvky strojov, baliace zariadenia<\/li>\n<li><strong>Lek\u00e1rske a laborat\u00f3rne prostredie:<\/strong>Steriln\u00e9 prostredie, chirurgick\u00e9 vybavenie, diagnostick\u00e9 zariadenia<\/li>\n<\/ul>\n<p><strong>Trvanlivos\u0165 a spo\u013eahlivos\u0165<\/strong><\/p>\n<p>Okrem vodotesnosti s\u00fa membr\u00e1nov\u00e9 sp\u00edna\u010de s kryt\u00edm IP68 navrhnut\u00e9 aj pre v\u00fdnimo\u010dn\u00fa odolnos\u0165, odol\u00e1vaj\u00fa n\u00e1ro\u010dn\u00fdm prev\u00e1dzkov\u00fdm podmienkam, \u010dast\u00e9mu pou\u017e\u00edvaniu a agres\u00edvnym \u010distiacim prostriedkom. To zaru\u010duje dlhodob\u00fd v\u00fdkon a n\u00edzke celkov\u00e9 n\u00e1klady na vlastn\u00edctvo.<\/p>\n<ul>\n<li><strong>Odolnos\u0165 vo\u010di po\u0161kriabaniu, chemik\u00e1li\u00e1m a UV \u017eiareniu<\/strong><\/li>\n<li><strong>\u0160irok\u00fd rozsah prev\u00e1dzkov\u00fdch tepl\u00f4t<\/strong><\/li>\n<li><strong>Dlh\u00e1 \u017eivotnos\u0165 aj v n\u00e1ro\u010dn\u00fdch podmienkach<\/strong><\/li>\n<\/ul>\n<p><strong>Prisp\u00f4sobite\u013en\u00e9 rie\u0161enia<\/strong><\/p>\n<p>Pon\u00fakame \u0161irok\u00fa \u0161k\u00e1lu mo\u017enost\u00ed prisp\u00f4sobenia vodotesn\u00fdch membr\u00e1nov\u00fdch sp\u00edna\u010dov IP68 vr\u00e1tane:<\/p>\n<ul>\n<li><strong>R\u00f4zne ve\u013ekosti a \u0161t\u00fdly sp\u00edna\u010dov<\/strong><\/li>\n<li><strong>Vlastn\u00e1 grafika a legendy<\/strong><\/li>\n<li><strong>Mo\u017enosti podsvietenia a osvetlenia<\/strong><\/li>\n<li><strong>Integr\u00e1cia \u010fal\u0161\u00edch komponentov<\/strong><\/li>\n<\/ul>\n<p><strong>Spolupr\u00e1ca so sk\u00fasen\u00fdm v\u00fdrobcom membr\u00e1nov\u00fdch sp\u00edna\u010dov s kryt\u00edm IP68<\/strong><\/p>\n<p>V\u010faka dlhoro\u010dn\u00fdm sk\u00fasenostiam v oblasti technol\u00f3gie vodotesn\u00fdch membr\u00e1nov\u00fdch sp\u00edna\u010dov a z\u00e1v\u00e4zku kvality sme d\u00f4veryhodn\u00fdm zdrojom vodotesn\u00fdch membr\u00e1nov\u00fdch sp\u00edna\u010dov s kryt\u00edm IP68 na mieru. N\u00e1\u0161 t\u00edm odborn\u00edkov s vami bude \u00fazko spolupracova\u0165, aby pochopil va\u0161e \u0161pecifick\u00e9 potreby a dodal rie\u0161enia, ktor\u00e9 zabezpe\u010dia spo\u013eahliv\u00fa prev\u00e1dzku a dlhodob\u00fd v\u00fdkon aj v t\u00fdch najn\u00e1ro\u010dnej\u0161\u00edch prostrediach.<\/p>\n<p><strong>Kontaktujte n\u00e1s e\u0161te dnes<\/strong>\u00a0a dozviete sa viac o na\u0161ich rie\u0161eniach vodotesn\u00fdch membr\u00e1nov\u00fdch sp\u00edna\u010dov s kryt\u00edm IP68 a o tom, ako v\u00e1m m\u00f4\u017eeme pom\u00f4c\u0165 ochr\u00e1ni\u0165 va\u0161e kritick\u00e9 zariadenia a zabezpe\u010di\u0165 bezprobl\u00e9mov\u00fa prev\u00e1dzku v akomko\u013evek prostred\u00ed.<\/p>","protected":false},"excerpt":{"rendered":"<p>V aplik\u00e1ci\u00e1ch, kde je probl\u00e9mom vystavenie vode, prachu a in\u00fdm n\u00e1ro\u010dn\u00fdm podmienkam, poskytuj\u00fa vodotesn\u00e9 membr\u00e1nov\u00e9 sp\u00edna\u010de s kryt\u00edm IP68 najvy\u0161\u0161iu ochranu. Tieto robustn\u00e9 sp\u00edna\u010de s\u00fa navrhnut\u00e9 tak, aby sp\u013a\u0148ali pr\u00edsne po\u017eiadavky normy ochrany proti vniknutiu IP68 a zabezpe\u010dili spo\u013eahliv\u00fa prev\u00e1dzku aj pri ponoren\u00ed do vody alebo pri extr\u00e9mnom vniknut\u00ed prachu a ne\u010dist\u00f4t.<\/p>","protected":false},"featured_media":1769,"template":"","meta":[],"product_brand":[],"product_cat":[40],"product_tag":[],"class_list":{"0":"post-1793","1":"product","2":"type-product","3":"status-publish","4":"has-post-thumbnail","6":"product_cat-membrane-switch","8":"first","9":"instock","10":"shipping-taxable","11":"product-type-simple"},"_links":{"self":[{"href":"https:\/\/membraneswitchmfg.com\/sk\/wp-json\/wp\/v2\/product\/1793","targetHints":{"allow":["GET"]}}],"collection":[{"href":"https:\/\/membraneswitchmfg.com\/sk\/wp-json\/wp\/v2\/product"}],"about":[{"href":"https:\/\/membraneswitchmfg.com\/sk\/wp-json\/wp\/v2\/types\/product"}],"wp:featuredmedia":[{"embeddable":true,"href":"https:\/\/membraneswitchmfg.com\/sk\/wp-json\/wp\/v2\/media\/1769"}],"wp:attachment":[{"href":"https:\/\/membraneswitchmfg.com\/sk\/wp-json\/wp\/v2\/media?parent=1793"}],"wp:term":[{"taxonomy":"product_brand","embeddable":true,"href":"https:\/\/membraneswitchmfg.com\/sk\/wp-json\/wp\/v2\/product_brand?post=1793"},{"taxonomy":"product_cat","embeddable":true,"href":"https:\/\/membraneswitchmfg.com\/sk\/wp-json\/wp\/v2\/product_cat?post=1793"},{"taxonomy":"product_tag","embeddable":true,"href":"https:\/\/membraneswitchmfg.com\/sk\/wp-json\/wp\/v2\/product_tag?post=1793"}],"curies":[{"name":"wp","href":"https:\/\/api.w.org\/{rel}","templated":true}]}}